{"id":1360727,"date":"2024-05-13T14:33:05","date_gmt":"2024-05-13T11:33:05","guid":{"rendered":"https:\/\/games.tactic.net\/tuote\/apprenons-lheure\/"},"modified":"2024-05-13T14:33:05","modified_gmt":"2024-05-13T11:33:05","slug":"apprenons-lheure","status":"publish","type":"product","link":"https:\/\/games.tactic.net\/fr\/tuote\/apprenons-lheure\/","title":{"rendered":"Tactic Apprenons l\u00b4heure"},"content":{"rendered":"<p>Apprends \u00e0 lire l\u00b4heure ! Trouve les bonnes images pour ton plateau et tourne les aiguilles de l\u00b4horloge dans la bonne position pour qu\u00b4elles correspondent \u00e0 l\u00b4heure indiqu\u00e9e sur les cartes ! &#8211; Apprend \u00e0 lire l\u00b4heure aussi bien sur une horloge analogique que num\u00e9rique. &#8211; Contient une horloge avec des aiguilles mobiles!<\/p>\n","protected":false},"excerpt":{"rendered":"<p>Apprenez \u00e0 comprendre et \u00e0 lire l&rsquo;heure sur des horloges analogiques et num\u00e9riques.<\/p>\n","protected":false},"featured_media":0,"template":"","meta":{"content-type":"","_monsterinsights_skip_tracking":false,"_monsterinsights_sitenote_active":false,"_monsterinsights_sitenote_note":"","_monsterinsights_sitenote_category":0},"product_brand":[],"product_cat":[1863],"product_tag":[],"brand":[{"id":868,"name":"Let's Learn","slug":"letslearn-fr"}],"target-group":[],"discontinued":[],"class_list":{"0":"post-1360727","1":"product","2":"type-product","3":"status-publish","5":"product_cat-jeux-dapprentissage","6":"brand-letslearn-fr","8":"first","9":"outofstock","10":"taxable","11":"shipping-taxable","12":"product-type-simple"},"aioseo_notices":[],"_links":{"self":[{"href":"https:\/\/games.tactic.net\/fr\/wp-json\/wp\/v2\/product\/1360727","targetHints":{"allow":["GET"]}}],"collection":[{"href":"https:\/\/games.tactic.net\/fr\/wp-json\/wp\/v2\/product"}],"about":[{"href":"https:\/\/games.tactic.net\/fr\/wp-json\/wp\/v2\/types\/product"}],"wp:attachment":[{"href":"https:\/\/games.tactic.net\/fr\/wp-json\/wp\/v2\/media?parent=1360727"}],"wp:term":[{"taxonomy":"product_brand","embeddable":true,"href":"https:\/\/games.tactic.net\/fr\/wp-json\/wp\/v2\/product_brand?post=1360727"},{"taxonomy":"product_cat","embeddable":true,"href":"https:\/\/games.tactic.net\/fr\/wp-json\/wp\/v2\/product_cat?post=1360727"},{"taxonomy":"product_tag","embeddable":true,"href":"https:\/\/games.tactic.net\/fr\/wp-json\/wp\/v2\/product_tag?post=1360727"},{"taxonomy":"brand","embeddable":true,"href":"https:\/\/games.tactic.net\/fr\/wp-json\/wp\/v2\/brand?post=1360727"},{"taxonomy":"target-group","embeddable":true,"href":"https:\/\/games.tactic.net\/fr\/wp-json\/wp\/v2\/target-group?post=1360727"},{"taxonomy":"discontinued","embeddable":true,"href":"https:\/\/games.tactic.net\/fr\/wp-json\/wp\/v2\/discontinued?post=1360727"}],"curies":[{"name":"wp","href":"https:\/\/api.w.org\/{rel}","templated":true}]}}