{"id":1359289,"date":"2024-03-18T12:13:32","date_gmt":"2024-03-18T10:13:32","guid":{"rendered":"https:\/\/games.tactic.net\/tuote\/les-enfants-du-monde\/"},"modified":"2024-03-18T12:13:32","modified_gmt":"2024-03-18T10:13:32","slug":"les-enfants-du-monde","status":"publish","type":"product","link":"https:\/\/games.tactic.net\/fr\/tuote\/les-enfants-du-monde\/","title":{"rendered":"Tactic Les Enfants du Monde"},"content":{"rendered":"<p>Enfants du Monde C\u2019est parti pour l\u2019aventure ! Et n\u2019oublie pas de mettre dans ta valise des sourires et beaucoup de curiosit\u00e9\u00a0! Enfants du Monde est une grand fen\u00eatre color\u00e9e ouverte sur le monde et ses diff\u00e9rentes cultures. Les joueurs jouent ensemble, se d\u00e9placent sur le plateau et accomplissent des actions rigolotes afin de collecter des tampons pour leur passeport. Apprenez en plus sur ce qui lie tous les enfants du monde, mais aussi sur ce qui nous rend tous uniques\u00a0!<\/p>\n<p>Ce produit est fabriqu\u00e9 en Finlande dans notre propre usine TACTIC. Cette matrise de notre outils de production nous permet une enti\u00e8re tracabilit\u00e9 des materiaux que nous utilisons et la ma\u00eetrise de notre empreinte carbonne. Nous avons la certification FSC depuis 2021 sur la fabrication de nos produits.<\/p>\n","protected":false},"excerpt":{"rendered":"<p>Enfants du Monde C\u2019est parti pour l\u2019aventure ! Et n\u2019oublie pas de mettre dans ta valise des sourires et beaucoup de curiosit\u00e9\u00a0! Enfants du Monde est une grand fen\u00eatre color\u00e9e ouverte sur le monde et ses diff\u00e9rentes cultures. Les joueurs jouent ensemble, se d\u00e9placent sur le plateau et accomplissent des actions rigolotes afin de collecter [&hellip;]<\/p>\n","protected":false},"featured_media":0,"template":"","meta":{"content-type":"","_monsterinsights_skip_tracking":false,"_monsterinsights_sitenote_active":false,"_monsterinsights_sitenote_note":"","_monsterinsights_sitenote_category":0},"product_brand":[],"product_cat":[1863],"product_tag":[],"brand":[],"target-group":[],"discontinued":[],"class_list":{"0":"post-1359289","1":"product","2":"type-product","3":"status-publish","5":"product_cat-jeux-dapprentissage","7":"first","8":"instock","9":"taxable","10":"shipping-taxable","11":"product-type-simple"},"aioseo_notices":[],"_links":{"self":[{"href":"https:\/\/games.tactic.net\/fr\/wp-json\/wp\/v2\/product\/1359289","targetHints":{"allow":["GET"]}}],"collection":[{"href":"https:\/\/games.tactic.net\/fr\/wp-json\/wp\/v2\/product"}],"about":[{"href":"https:\/\/games.tactic.net\/fr\/wp-json\/wp\/v2\/types\/product"}],"wp:attachment":[{"href":"https:\/\/games.tactic.net\/fr\/wp-json\/wp\/v2\/media?parent=1359289"}],"wp:term":[{"taxonomy":"product_brand","embeddable":true,"href":"https:\/\/games.tactic.net\/fr\/wp-json\/wp\/v2\/product_brand?post=1359289"},{"taxonomy":"product_cat","embeddable":true,"href":"https:\/\/games.tactic.net\/fr\/wp-json\/wp\/v2\/product_cat?post=1359289"},{"taxonomy":"product_tag","embeddable":true,"href":"https:\/\/games.tactic.net\/fr\/wp-json\/wp\/v2\/product_tag?post=1359289"},{"taxonomy":"brand","embeddable":true,"href":"https:\/\/games.tactic.net\/fr\/wp-json\/wp\/v2\/brand?post=1359289"},{"taxonomy":"target-group","embeddable":true,"href":"https:\/\/games.tactic.net\/fr\/wp-json\/wp\/v2\/target-group?post=1359289"},{"taxonomy":"discontinued","embeddable":true,"href":"https:\/\/games.tactic.net\/fr\/wp-json\/wp\/v2\/discontinued?post=1359289"}],"curies":[{"name":"wp","href":"https:\/\/api.w.org\/{rel}","templated":true}]}}