{"id":1359122,"date":"2024-02-27T13:14:35","date_gmt":"2024-02-27T11:14:35","guid":{"rendered":"https:\/\/games.tactic.net\/tuote\/lets-learn-traffic-game\/"},"modified":"2024-02-27T13:14:35","modified_gmt":"2024-02-27T11:14:35","slug":"lets-learn-traffic-game","status":"publish","type":"product","link":"https:\/\/games.tactic.net\/fr\/tuote\/lets-learn-traffic-game\/","title":{"rendered":"Tactic Apprenons le Code de la Route"},"content":{"rendered":"<p>La course est lanc\u00e9e pour atteindre la destination en premier en vous d\u00e9pla\u00e7ant en toute s\u00e9curit\u00e9 sur la route! Qui remportera le troph\u00e9e convoit\u00e9 de l&rsquo;usager de la route le plus habile ?<br \/>\nUn groupe d&rsquo;amis rentre de l&rsquo;\u00e9cole. Ils font la course pour savoir qui peut accomplir ses missions le plus rapidement et arriver le premier \u00e0 la maison. Utilisez vos pas \u00e0 bon escient et r\u00e9pondez correctement aux questions relatives \u00e0 la circulation. Vous pouvez d\u00e9placer librement les panneaux de signalisation, ce qui rend chaque manche du jeu diff\u00e9rente. Remportez le troph\u00e9e de l&rsquo;usager de la route le plus habile et arrivez le premier \u00e0 destination!<\/p>\n<p>Ce produit est fabriqu\u00e9 en Finlande dans notre propre usine TACTIC. Cette matrise de notre outils de production nous permet une enti\u00e8re tracabilit\u00e9 des materiaux que nous utilisons et la ma\u00eetrise de notre empreinte carbonne. Nous avons la certification FSC depuis 2021 sur la fabrication de nos produits.<\/p>\n","protected":false},"excerpt":{"rendered":"<p>La course est lanc\u00e9e pour atteindre la destination en premier en vous d\u00e9pla\u00e7ant en toute s\u00e9curit\u00e9 sur la route! Qui remportera le troph\u00e9e convoit\u00e9 de l&rsquo;usager de la route le plus habile ? Un groupe d&rsquo;amis rentre de l&rsquo;\u00e9cole. Ils font la course pour savoir qui peut accomplir ses missions le plus rapidement et arriver [&hellip;]<\/p>\n","protected":false},"featured_media":0,"template":"","meta":{"content-type":"","_monsterinsights_skip_tracking":false,"_monsterinsights_sitenote_active":false,"_monsterinsights_sitenote_note":"","_monsterinsights_sitenote_category":0},"product_brand":[],"product_cat":[1863,1858],"product_tag":[1236,410],"brand":[{"id":868,"name":"Let's Learn","slug":"letslearn-fr"}],"target-group":[],"discontinued":[],"class_list":{"0":"post-1359122","1":"product","2":"type-product","3":"status-publish","5":"product_cat-jeux-dapprentissage","6":"product_cat-jeux-de-societe-enfants","7":"product_tag-combiner-fr","8":"product_tag-educatif","9":"brand-letslearn-fr","11":"first","12":"instock","13":"taxable","14":"shipping-taxable","15":"product-type-simple"},"aioseo_notices":[],"_links":{"self":[{"href":"https:\/\/games.tactic.net\/fr\/wp-json\/wp\/v2\/product\/1359122","targetHints":{"allow":["GET"]}}],"collection":[{"href":"https:\/\/games.tactic.net\/fr\/wp-json\/wp\/v2\/product"}],"about":[{"href":"https:\/\/games.tactic.net\/fr\/wp-json\/wp\/v2\/types\/product"}],"wp:attachment":[{"href":"https:\/\/games.tactic.net\/fr\/wp-json\/wp\/v2\/media?parent=1359122"}],"wp:term":[{"taxonomy":"product_brand","embeddable":true,"href":"https:\/\/games.tactic.net\/fr\/wp-json\/wp\/v2\/product_brand?post=1359122"},{"taxonomy":"product_cat","embeddable":true,"href":"https:\/\/games.tactic.net\/fr\/wp-json\/wp\/v2\/product_cat?post=1359122"},{"taxonomy":"product_tag","embeddable":true,"href":"https:\/\/games.tactic.net\/fr\/wp-json\/wp\/v2\/product_tag?post=1359122"},{"taxonomy":"brand","embeddable":true,"href":"https:\/\/games.tactic.net\/fr\/wp-json\/wp\/v2\/brand?post=1359122"},{"taxonomy":"target-group","embeddable":true,"href":"https:\/\/games.tactic.net\/fr\/wp-json\/wp\/v2\/target-group?post=1359122"},{"taxonomy":"discontinued","embeddable":true,"href":"https:\/\/games.tactic.net\/fr\/wp-json\/wp\/v2\/discontinued?post=1359122"}],"curies":[{"name":"wp","href":"https:\/\/api.w.org\/{rel}","templated":true}]}}