{"id":119041,"date":"2021-08-10T14:04:52","date_gmt":"2021-08-10T11:04:52","guid":{"rendered":"http:\/\/dev.tactic.net\/tuote\/lumo-stars-owl-uggla-classic\/"},"modified":"2023-10-20T11:27:04","modified_gmt":"2023-10-20T08:27:04","slug":"lumo-stars-owl-uggla-classic","status":"publish","type":"product","link":"https:\/\/games.tactic.net\/fr\/tuote\/lumo-stars-owl-uggla-classic\/","title":{"rendered":"Lumo Stars Owl Uggla classic plush"},"content":{"rendered":"<p>Classic 15 cm. Peluche b\u00e9b\u00e9 animal \u00e0 collectionner. Heureux, c\u00e2lin, amical, gentil et mignon. On sourit plus! La collection de peluches mignonne Northern Brights est bas\u00e9e sur la vraie nature et la faune nordiques. Design finlandais pur. *Hou-hou* J\u2019ai de grands yeux per\u00e7ants. Je peux voler haut et silencieusement, donc tu ne peux pas tout le temps me voir mais sache que je serai toujours l\u00e0 pour toi. www.lumostars.com<\/p>\n","protected":false},"excerpt":{"rendered":"<p>Classic 15 cm.<\/p>\n","protected":false},"featured_media":0,"template":"","meta":{"content-type":"","_monsterinsights_skip_tracking":false,"_monsterinsights_sitenote_active":false,"_monsterinsights_sitenote_note":"","_monsterinsights_sitenote_category":0},"product_brand":[],"product_cat":[1892],"product_tag":[491],"brand":[{"id":1021,"name":"Lumo Stars","slug":"lumo-stars_fr"}],"target-group":[],"discontinued":[],"class_list":{"0":"post-119041","1":"product","2":"type-product","3":"status-publish","5":"product_cat-classic-peluches","6":"product_tag-lumo-stars","7":"brand-lumo-stars_fr","9":"first","10":"outofstock","11":"taxable","12":"shipping-taxable","13":"product-type-simple"},"aioseo_notices":[],"_links":{"self":[{"href":"https:\/\/games.tactic.net\/fr\/wp-json\/wp\/v2\/product\/119041","targetHints":{"allow":["GET"]}}],"collection":[{"href":"https:\/\/games.tactic.net\/fr\/wp-json\/wp\/v2\/product"}],"about":[{"href":"https:\/\/games.tactic.net\/fr\/wp-json\/wp\/v2\/types\/product"}],"wp:attachment":[{"href":"https:\/\/games.tactic.net\/fr\/wp-json\/wp\/v2\/media?parent=119041"}],"wp:term":[{"taxonomy":"product_brand","embeddable":true,"href":"https:\/\/games.tactic.net\/fr\/wp-json\/wp\/v2\/product_brand?post=119041"},{"taxonomy":"product_cat","embeddable":true,"href":"https:\/\/games.tactic.net\/fr\/wp-json\/wp\/v2\/product_cat?post=119041"},{"taxonomy":"product_tag","embeddable":true,"href":"https:\/\/games.tactic.net\/fr\/wp-json\/wp\/v2\/product_tag?post=119041"},{"taxonomy":"brand","embeddable":true,"href":"https:\/\/games.tactic.net\/fr\/wp-json\/wp\/v2\/brand?post=119041"},{"taxonomy":"target-group","embeddable":true,"href":"https:\/\/games.tactic.net\/fr\/wp-json\/wp\/v2\/target-group?post=119041"},{"taxonomy":"discontinued","embeddable":true,"href":"https:\/\/games.tactic.net\/fr\/wp-json\/wp\/v2\/discontinued?post=119041"}],"curies":[{"name":"wp","href":"https:\/\/api.w.org\/{rel}","templated":true}]}}