{"id":117176,"date":"2021-08-02T14:41:36","date_gmt":"2021-08-02T11:41:36","guid":{"rendered":"http:\/\/dev.tactic.net\/tuote\/117176\/"},"modified":"2023-10-20T11:19:10","modified_gmt":"2023-10-20T08:19:10","slug":"117176","status":"publish","type":"product","link":"https:\/\/games.tactic.net\/fr\/tuote\/117176\/","title":{"rendered":"Lumo Stars Eagle Owl Bubi mini plush"},"content":{"rendered":"<p>Mini 8,5 cm. Peluche b\u00e9b\u00e9 animal \u00e0 collectionner. Heureux, c\u00e2lin, amical, gentil et mignon. On sourit plus! La collection de peluches mignonne Northern Brights est bas\u00e9e sur la vraie nature et la faune nordiques. Design finlandais pur. J\u00b4aime tra\u00eener pr\u00e8s des stades de football et regarder les matchs. Veux tu te joindre \u00e0 moi? www.lumostars.com<\/p>\n","protected":false},"excerpt":{"rendered":"<p>Mini 8,5 cm.<\/p>\n","protected":false},"featured_media":0,"template":"","meta":{"content-type":"","_monsterinsights_skip_tracking":false,"_monsterinsights_sitenote_active":false,"_monsterinsights_sitenote_note":"","_monsterinsights_sitenote_category":0},"product_brand":[],"product_cat":[1894],"product_tag":[1259],"brand":[{"id":1021,"name":"Lumo Stars","slug":"lumo-stars_fr"}],"target-group":[],"discontinued":[],"class_list":{"0":"post-117176","1":"product","2":"type-product","3":"status-publish","5":"product_cat-mini-peluches","6":"product_tag-lumo-stars-fr","7":"brand-lumo-stars_fr","9":"first","10":"instock","11":"taxable","12":"shipping-taxable","13":"product-type-simple"},"aioseo_notices":[],"_links":{"self":[{"href":"https:\/\/games.tactic.net\/fr\/wp-json\/wp\/v2\/product\/117176","targetHints":{"allow":["GET"]}}],"collection":[{"href":"https:\/\/games.tactic.net\/fr\/wp-json\/wp\/v2\/product"}],"about":[{"href":"https:\/\/games.tactic.net\/fr\/wp-json\/wp\/v2\/types\/product"}],"wp:attachment":[{"href":"https:\/\/games.tactic.net\/fr\/wp-json\/wp\/v2\/media?parent=117176"}],"wp:term":[{"taxonomy":"product_brand","embeddable":true,"href":"https:\/\/games.tactic.net\/fr\/wp-json\/wp\/v2\/product_brand?post=117176"},{"taxonomy":"product_cat","embeddable":true,"href":"https:\/\/games.tactic.net\/fr\/wp-json\/wp\/v2\/product_cat?post=117176"},{"taxonomy":"product_tag","embeddable":true,"href":"https:\/\/games.tactic.net\/fr\/wp-json\/wp\/v2\/product_tag?post=117176"},{"taxonomy":"brand","embeddable":true,"href":"https:\/\/games.tactic.net\/fr\/wp-json\/wp\/v2\/brand?post=117176"},{"taxonomy":"target-group","embeddable":true,"href":"https:\/\/games.tactic.net\/fr\/wp-json\/wp\/v2\/target-group?post=117176"},{"taxonomy":"discontinued","embeddable":true,"href":"https:\/\/games.tactic.net\/fr\/wp-json\/wp\/v2\/discontinued?post=117176"}],"curies":[{"name":"wp","href":"https:\/\/api.w.org\/{rel}","templated":true}]}}