{"id":1048475,"date":"2023-10-23T11:25:18","date_gmt":"2023-10-23T08:25:18","guid":{"rendered":"https:\/\/games.tactic.net\/tuote\/lumo-kwartet\/"},"modified":"2023-10-25T17:04:06","modified_gmt":"2023-10-25T14:04:06","slug":"lumo-kwartet","status":"publish","type":"product","link":"https:\/\/games.tactic.net\/fr\/tuote\/lumo-kwartet\/","title":{"rendered":"Lumo Stars Kwartet"},"content":{"rendered":"<p>Collectionnez le plus de quatuors dans ce jeu Lumo Stars enchanteur et remportez la victoire ! Les cartes sont remplies d\u00b4images adorables et color\u00e9es de vos personnages Lumo Stars pr\u00e9f\u00e9r\u00e9s. Apprenez \u00e0 reconna\u00eetre les couleurs et \u00e0 compter par la m\u00eame occasion !<\/p>\n","protected":false},"excerpt":{"rendered":"<p>Collectionnez le plus de quatuors dans ce jeu Lumo Stars enchanteur et remportez la victoire ! Les cartes sont remplies d\u00b4images adorables et color\u00e9es de vos personnages Lumo Stars pr\u00e9f\u00e9r\u00e9s. Apprenez \u00e0 reconna\u00eetre les couleurs et \u00e0 compter par la m\u00eame occasion !<\/p>\n","protected":false},"featured_media":0,"template":"","meta":{"content-type":"","_monsterinsights_skip_tracking":false,"_monsterinsights_sitenote_active":false,"_monsterinsights_sitenote_note":"","_monsterinsights_sitenote_category":0},"product_brand":[],"product_cat":[1856,1858],"product_tag":[348,491],"brand":[{"id":1021,"name":"Lumo Stars","slug":"lumo-stars_fr"}],"target-group":[],"discontinued":[],"class_list":{"0":"post-1048475","1":"product","2":"type-product","3":"status-publish","5":"product_cat-autre","6":"product_cat-jeux-de-societe-enfants","7":"product_tag-combiner","8":"product_tag-lumo-stars","9":"brand-lumo-stars_fr","11":"first","12":"instock","13":"taxable","14":"shipping-taxable","15":"product-type-simple"},"aioseo_notices":[],"_links":{"self":[{"href":"https:\/\/games.tactic.net\/fr\/wp-json\/wp\/v2\/product\/1048475","targetHints":{"allow":["GET"]}}],"collection":[{"href":"https:\/\/games.tactic.net\/fr\/wp-json\/wp\/v2\/product"}],"about":[{"href":"https:\/\/games.tactic.net\/fr\/wp-json\/wp\/v2\/types\/product"}],"wp:attachment":[{"href":"https:\/\/games.tactic.net\/fr\/wp-json\/wp\/v2\/media?parent=1048475"}],"wp:term":[{"taxonomy":"product_brand","embeddable":true,"href":"https:\/\/games.tactic.net\/fr\/wp-json\/wp\/v2\/product_brand?post=1048475"},{"taxonomy":"product_cat","embeddable":true,"href":"https:\/\/games.tactic.net\/fr\/wp-json\/wp\/v2\/product_cat?post=1048475"},{"taxonomy":"product_tag","embeddable":true,"href":"https:\/\/games.tactic.net\/fr\/wp-json\/wp\/v2\/product_tag?post=1048475"},{"taxonomy":"brand","embeddable":true,"href":"https:\/\/games.tactic.net\/fr\/wp-json\/wp\/v2\/brand?post=1048475"},{"taxonomy":"target-group","embeddable":true,"href":"https:\/\/games.tactic.net\/fr\/wp-json\/wp\/v2\/target-group?post=1048475"},{"taxonomy":"discontinued","embeddable":true,"href":"https:\/\/games.tactic.net\/fr\/wp-json\/wp\/v2\/discontinued?post=1048475"}],"curies":[{"name":"wp","href":"https:\/\/api.w.org\/{rel}","templated":true}]}}