{"id":54959,"date":"2019-10-25T23:59:09","date_gmt":"2019-10-25T20:59:09","guid":{"rendered":"https:\/\/dev.tactic.net\/jalleenmyyjat\/jalleenmyyjaksi\/tietoajalleenmyyjille\/"},"modified":"2025-03-06T07:17:30","modified_gmt":"2025-03-06T05:17:30","slug":"informations-detaillants","status":"publish","type":"page","link":"https:\/\/games.tactic.net\/fr\/detaillants\/devenir-un-detaillant\/informations-detaillants\/","title":{"rendered":"Informations d\u00e9taillants"},"content":{"rendered":"\t\t<div data-elementor-type=\"wp-page\" data-elementor-id=\"54959\" class=\"elementor elementor-54959 elementor-35\" data-elementor-post-type=\"page\">\n\t\t\t\t\t\t<section class=\"elementor-section elementor-top-section elementor-element elementor-element-444fc67 elementor-section-boxed elementor-section-height-default elementor-section-height-default\" data-id=\"444fc67\" data-element_type=\"section\" data-e-type=\"section\">\n\t\t\t\t\t\t<div class=\"elementor-container elementor-column-gap-default\">\n\t\t\t\t\t<div class=\"elementor-column elementor-col-100 elementor-top-column elementor-element elementor-element-78e20a9\" data-id=\"78e20a9\" data-element_type=\"column\" data-e-type=\"column\">\n\t\t\t<div class=\"elementor-widget-wrap elementor-element-populated\">\n\t\t\t\t\t\t<div class=\"elementor-element elementor-element-51479ed elementor-widget elementor-widget-heading\" data-id=\"51479ed\" data-element_type=\"widget\" data-e-type=\"widget\" data-widget_type=\"heading.default\">\n\t\t\t\t<div class=\"elementor-widget-container\">\n\t\t\t\t\t<h2 class=\"elementor-heading-title elementor-size-default\">Informations d\u00e9taillants<\/h2>\t\t\t\t<\/div>\n\t\t\t\t<\/div>\n\t\t\t\t\t<\/div>\n\t\t<\/div>\n\t\t\t\t\t<\/div>\n\t\t<\/section>\n\t\t\t\t<section class=\"elementor-section elementor-top-section elementor-element elementor-element-d3afeba elementor-section-boxed elementor-section-height-default elementor-section-height-default\" data-id=\"d3afeba\" data-element_type=\"section\" data-e-type=\"section\">\n\t\t\t\t\t\t<div class=\"elementor-container elementor-column-gap-default\">\n\t\t\t\t\t<div class=\"elementor-column elementor-col-100 elementor-top-column elementor-element elementor-element-f134be7\" data-id=\"f134be7\" data-element_type=\"column\" data-e-type=\"column\">\n\t\t\t<div class=\"elementor-widget-wrap elementor-element-populated\">\n\t\t\t\t\t\t<div class=\"elementor-element elementor-element-010bf04 elementor-widget elementor-widget-heading\" data-id=\"010bf04\" data-element_type=\"widget\" data-e-type=\"widget\" data-widget_type=\"heading.default\">\n\t\t\t\t<div class=\"elementor-widget-container\">\n\t\t\t\t\t<h1 class=\"elementor-heading-title elementor-size-default\">Bienvenue dans la rubrique informations d\u00e9taillants<\/h1>\t\t\t\t<\/div>\n\t\t\t\t<\/div>\n\t\t\t\t\t<\/div>\n\t\t<\/div>\n\t\t\t\t\t<\/div>\n\t\t<\/section>\n\t\t\t\t<section class=\"elementor-section elementor-top-section elementor-element elementor-element-26e1f5d elementor-section-boxed elementor-section-height-default elementor-section-height-default\" data-id=\"26e1f5d\" data-element_type=\"section\" data-e-type=\"section\">\n\t\t\t\t\t\t<div class=\"elementor-container elementor-column-gap-default\">\n\t\t\t\t\t<div class=\"elementor-column elementor-col-100 elementor-top-column elementor-element elementor-element-095b5a3\" data-id=\"095b5a3\" data-element_type=\"column\" data-e-type=\"column\">\n\t\t\t<div class=\"elementor-widget-wrap elementor-element-populated\">\n\t\t\t\t\t\t<div class=\"elementor-element elementor-element-ab5e6d0 elementor-widget elementor-widget-text-editor\" data-id=\"ab5e6d0\" data-element_type=\"widget\" data-e-type=\"widget\" data-widget_type=\"text-editor.default\">\n\t\t\t\t<div class=\"elementor-widget-container\">\n\t\t\t\t\t\t\t\t\t<h3>Boutique web d\u00e9taillants<\/h3>\n<p><a href=\"http:\/\/tactic.net\/shop\/\" target=\"_blank\" rel=\"noopener\">Connexion boutique web<\/a><\/p>\n\t\t\t\t\t\t\t\t<\/div>\n\t\t\t\t<\/div>\n\t\t\t\t\t<\/div>\n\t\t<\/div>\n\t\t\t\t\t<\/div>\n\t\t<\/section>\n\t\t\t\t<section class=\"elementor-section elementor-top-section elementor-element elementor-element-b09e79d elementor-section-boxed elementor-section-height-default elementor-section-height-default\" data-id=\"b09e79d\" data-element_type=\"section\" data-e-type=\"section\">\n\t\t\t\t\t\t<div class=\"elementor-container elementor-column-gap-default\">\n\t\t\t\t\t<div class=\"elementor-column elementor-col-100 elementor-top-column elementor-element elementor-element-b589a18\" data-id=\"b589a18\" data-element_type=\"column\" data-e-type=\"column\">\n\t\t\t<div class=\"elementor-widget-wrap elementor-element-populated\">\n\t\t\t\t\t\t<div class=\"elementor-element elementor-element-2a6a305 elementor-widget elementor-widget-text-editor\" data-id=\"2a6a305\" data-element_type=\"widget\" data-e-type=\"widget\" data-widget_type=\"text-editor.default\">\n\t\t\t\t<div class=\"elementor-widget-container\">\n\t\t\t\t\t\t\t\t\t<h3>Banque d&rsquo;images d\u00e9taillants<\/h3>\n<p><a href=\"http:\/\/gallery.tactic.net\/\" target=\"_blank\" rel=\"noopener\">Connexion banque d&rsquo;images<\/a><\/p>\n<p>Notre banque d&rsquo;images contient toutes les images de nos produits ainsi que d&rsquo;autres images en lien avec nos produits, et des vid\u00e9os.<\/p>\n<p>Pour obtenir un acc\u00e8s \u00e0 la banque d&rsquo;images, merci de demander un identifiant et un mot de passe \u00e0 : info(at)tactic.net<\/p>\n\t\t\t\t\t\t\t\t<\/div>\n\t\t\t\t<\/div>\n\t\t\t\t\t<\/div>\n\t\t<\/div>\n\t\t\t\t\t<\/div>\n\t\t<\/section>\n\t\t\t\t<section class=\"elementor-section elementor-top-section elementor-element elementor-element-c65d372 elementor-section-boxed elementor-section-height-default elementor-section-height-default\" data-id=\"c65d372\" data-element_type=\"section\" data-e-type=\"section\">\n\t\t\t\t\t\t<div class=\"elementor-container elementor-column-gap-default\">\n\t\t\t\t\t<div class=\"elementor-column elementor-col-100 elementor-top-column elementor-element elementor-element-bf76c49\" data-id=\"bf76c49\" data-element_type=\"column\" data-e-type=\"column\">\n\t\t\t<div class=\"elementor-widget-wrap elementor-element-populated\">\n\t\t\t\t\t\t<div class=\"elementor-element elementor-element-1519b8d elementor-widget elementor-widget-text-editor\" data-id=\"1519b8d\" data-element_type=\"widget\" data-e-type=\"widget\" data-widget_type=\"text-editor.default\">\n\t\t\t\t<div class=\"elementor-widget-container\">\n\t\t\t\t\t\t\t\t\t<h3>Mat\u00e9riel d&rsquo;information<\/h3><p><a href=\"https:\/\/tacticfinland.sharepoint.com\/:p:\/s\/TacticGamesOy361\/Efuet3ab12lNjmZoeaLVUi0BVViFBfuKCF4iqqUsUV8bBQ?e=8E5YZg\" target=\"_blank\" rel=\"noopener\">Pr\u00e9sentation de l\u2019entreprise Tactic <\/a>(PowerPoint)<\/p><p><a href=\"https:\/\/documents.tactic.net\/public\/catalogues\/2025\/Tactic_Games_Catalogue_FR_2025.pdf\" target=\"_blank\" rel=\"noopener\">Catalogue de jeux Tactic\u00a0<\/a>2025 (pdf)<\/p>\t\t\t\t\t\t\t\t<\/div>\n\t\t\t\t<\/div>\n\t\t\t\t\t<\/div>\n\t\t<\/div>\n\t\t\t\t\t<\/div>\n\t\t<\/section>\n\t\t\t\t<section class=\"elementor-section elementor-top-section elementor-element elementor-element-d8b3fde elementor-section-boxed elementor-section-height-default elementor-section-height-default\" data-id=\"d8b3fde\" data-element_type=\"section\" data-e-type=\"section\">\n\t\t\t\t\t\t<div class=\"elementor-container elementor-column-gap-default\">\n\t\t\t\t\t<div class=\"elementor-column elementor-col-100 elementor-top-column elementor-element elementor-element-9f3bd42\" data-id=\"9f3bd42\" data-element_type=\"column\" data-e-type=\"column\">\n\t\t\t<div class=\"elementor-widget-wrap elementor-element-populated\">\n\t\t\t\t\t\t<div class=\"elementor-element elementor-element-0c4ae97 elementor-widget elementor-widget-spacer\" data-id=\"0c4ae97\" data-element_type=\"widget\" data-e-type=\"widget\" data-widget_type=\"spacer.default\">\n\t\t\t\t<div class=\"elementor-widget-container\">\n\t\t\t\t\t\t\t<div class=\"elementor-spacer\">\n\t\t\t<div class=\"elementor-spacer-inner\"><\/div>\n\t\t<\/div>\n\t\t\t\t\t\t<\/div>\n\t\t\t\t<\/div>\n\t\t\t\t\t<\/div>\n\t\t<\/div>\n\t\t\t\t\t<\/div>\n\t\t<\/section>\n\t\t\t\t<\/div>\n\t\t","protected":false},"excerpt":{"rendered":"<p>Informations d\u00e9taillants Bienvenue dans la rubrique informations d\u00e9taillants Boutique web d\u00e9taillants Connexion boutique web Banque d&rsquo;images d\u00e9taillants Connexion banque d&rsquo;images Notre banque d&rsquo;images contient toutes les images de nos produits ainsi que d&rsquo;autres images en lien avec nos produits, et des vid\u00e9os. Pour obtenir un acc\u00e8s \u00e0 la banque d&rsquo;images, merci de demander un identifiant [&hellip;]<\/p>\n","protected":false},"author":1,"featured_media":0,"parent":54956,"menu_order":1,"comment_status":"closed","ping_status":"closed","template":"","meta":{"content-type":"","_monsterinsights_skip_tracking":false,"_monsterinsights_sitenote_active":false,"_monsterinsights_sitenote_note":"","_monsterinsights_sitenote_category":0,"footnotes":""},"class_list":["post-54959","page","type-page","status-publish","hentry"],"aioseo_notices":[],"_links":{"self":[{"href":"https:\/\/games.tactic.net\/fr\/wp-json\/wp\/v2\/pages\/54959","targetHints":{"allow":["GET"]}}],"collection":[{"href":"https:\/\/games.tactic.net\/fr\/wp-json\/wp\/v2\/pages"}],"about":[{"href":"https:\/\/games.tactic.net\/fr\/wp-json\/wp\/v2\/types\/page"}],"author":[{"embeddable":true,"href":"https:\/\/games.tactic.net\/fr\/wp-json\/wp\/v2\/users\/1"}],"replies":[{"embeddable":true,"href":"https:\/\/games.tactic.net\/fr\/wp-json\/wp\/v2\/comments?post=54959"}],"version-history":[{"count":21,"href":"https:\/\/games.tactic.net\/fr\/wp-json\/wp\/v2\/pages\/54959\/revisions"}],"predecessor-version":[{"id":1366017,"href":"https:\/\/games.tactic.net\/fr\/wp-json\/wp\/v2\/pages\/54959\/revisions\/1366017"}],"up":[{"embeddable":true,"href":"https:\/\/games.tactic.net\/fr\/wp-json\/wp\/v2\/pages\/54956"}],"wp:attachment":[{"href":"https:\/\/games.tactic.net\/fr\/wp-json\/wp\/v2\/media?parent=54959"}],"curies":[{"name":"wp","href":"https:\/\/api.w.org\/{rel}","templated":true}]}}