{"id":54956,"date":"2020-02-18T09:57:01","date_gmt":"2020-02-18T07:57:01","guid":{"rendered":"https:\/\/dev.tactic.net\/jalleenmyyjat\/jalleenmyyjaksi\/"},"modified":"2025-03-06T07:18:32","modified_gmt":"2025-03-06T05:18:32","slug":"devenir-un-detaillant","status":"publish","type":"page","link":"https:\/\/games.tactic.net\/fr\/detaillants\/devenir-un-detaillant\/","title":{"rendered":"Devenir un d\u00e9taillant"},"content":{"rendered":"\t\t<div data-elementor-type=\"wp-page\" data-elementor-id=\"54956\" class=\"elementor elementor-54956 elementor-10466\" data-elementor-post-type=\"page\">\n\t\t\t\t\t\t<section class=\"elementor-section elementor-top-section elementor-element elementor-element-091474a elementor-section-boxed elementor-section-height-default elementor-section-height-default\" data-id=\"091474a\" data-element_type=\"section\" data-e-type=\"section\">\n\t\t\t\t\t\t<div class=\"elementor-container elementor-column-gap-default\">\n\t\t\t\t\t<div class=\"elementor-column elementor-col-100 elementor-top-column elementor-element elementor-element-d2be8c4\" data-id=\"d2be8c4\" data-element_type=\"column\" data-e-type=\"column\">\n\t\t\t<div class=\"elementor-widget-wrap elementor-element-populated\">\n\t\t\t\t\t\t<div class=\"elementor-element elementor-element-1761ab9 elementor-widget elementor-widget-heading\" data-id=\"1761ab9\" data-element_type=\"widget\" data-e-type=\"widget\" data-widget_type=\"heading.default\">\n\t\t\t\t<div class=\"elementor-widget-container\">\n\t\t\t\t\t<h2 class=\"elementor-heading-title elementor-size-default\">Devenir un d\u00e9taillant<\/h2>\t\t\t\t<\/div>\n\t\t\t\t<\/div>\n\t\t\t\t\t<\/div>\n\t\t<\/div>\n\t\t\t\t\t<\/div>\n\t\t<\/section>\n\t\t\t\t<section class=\"elementor-section elementor-top-section elementor-element elementor-element-3c9701e elementor-section-boxed elementor-section-height-default elementor-section-height-default\" data-id=\"3c9701e\" data-element_type=\"section\" data-e-type=\"section\">\n\t\t\t\t\t\t<div class=\"elementor-container elementor-column-gap-default\">\n\t\t\t\t\t<div class=\"elementor-column elementor-col-100 elementor-top-column elementor-element elementor-element-6933e2e\" data-id=\"6933e2e\" data-element_type=\"column\" data-e-type=\"column\">\n\t\t\t<div class=\"elementor-widget-wrap elementor-element-populated\">\n\t\t\t\t\t\t<div class=\"elementor-element elementor-element-a57b81e elementor-widget elementor-widget-heading\" data-id=\"a57b81e\" data-element_type=\"widget\" data-e-type=\"widget\" data-widget_type=\"heading.default\">\n\t\t\t\t<div class=\"elementor-widget-container\">\n\t\t\t\t\t<h1 class=\"elementor-heading-title elementor-size-default\">Pr\u00eat \u00e0 passer au niveau sup\u00e9rieur ?<\/h1>\t\t\t\t<\/div>\n\t\t\t\t<\/div>\n\t\t\t\t\t<\/div>\n\t\t<\/div>\n\t\t\t\t\t<\/div>\n\t\t<\/section>\n\t\t\t\t<section class=\"elementor-section elementor-top-section elementor-element elementor-element-72e4e96 elementor-section-boxed elementor-section-height-default elementor-section-height-default\" data-id=\"72e4e96\" data-element_type=\"section\" data-e-type=\"section\">\n\t\t\t\t\t\t<div class=\"elementor-container elementor-column-gap-default\">\n\t\t\t\t\t<div class=\"elementor-column elementor-col-100 elementor-top-column elementor-element elementor-element-b960f5b\" data-id=\"b960f5b\" data-element_type=\"column\" data-e-type=\"column\">\n\t\t\t<div class=\"elementor-widget-wrap elementor-element-populated\">\n\t\t\t\t\t\t<div class=\"elementor-element elementor-element-965800b elementor-widget elementor-widget-text-editor\" data-id=\"965800b\" data-element_type=\"widget\" data-e-type=\"widget\" data-widget_type=\"text-editor.default\">\n\t\t\t\t<div class=\"elementor-widget-container\">\n\t\t\t\t\t\t\t\t\t<p><strong>Devenez acteur du succ\u00e8s des jeux, jouets et livres pour enfants Tactic !<\/strong><\/p>\n<p>En plus d&rsquo;\u00eatre des sp\u00e9cialistes du jeu de soci\u00e9t\u00e9 (pour les enfants, la famille, mais aussi des party games), nous fabriquons et vendons \u00e9galement des jeux de poche et de voyage, des jeux de cartes et de d\u00e9s, des produits pour le poker, des puzzles, des kits de magie et de loisirs cr\u00e9atifs, ainsi que des jeux d&rsquo;ext\u00e9rieur en bois. Nous \u00e9ditons \u00e9galement une large s\u00e9lection de livres pour enfants. En plus de tout cela, notre catalogue inclut \u00e9galement notre propre gamme de jouets, et des jouets d&rsquo;importation.<\/p>\n<p>En devenant d\u00e9taillant Tactic, vous gagnez un partenaire fiable et l&rsquo;opportunit\u00e9 de travailler sur une gamme de jeux et jouets Finlandais internationalement reconnue. Nous vous garantissons \u00e9galement des livraisons rapides et soign\u00e9es en direct depuis notre entrep\u00f4t de Pori, en Finlande.<\/p>\n\t\t\t\t\t\t\t\t<\/div>\n\t\t\t\t<\/div>\n\t\t\t\t\t<\/div>\n\t\t<\/div>\n\t\t\t\t\t<\/div>\n\t\t<\/section>\n\t\t\t\t<section class=\"elementor-section elementor-top-section elementor-element elementor-element-6089db1 elementor-section-boxed elementor-section-height-default elementor-section-height-default\" data-id=\"6089db1\" data-element_type=\"section\" data-e-type=\"section\">\n\t\t\t\t\t\t<div class=\"elementor-container elementor-column-gap-default\">\n\t\t\t\t\t<div class=\"elementor-column elementor-col-100 elementor-top-column elementor-element elementor-element-d1cd1f3\" data-id=\"d1cd1f3\" data-element_type=\"column\" data-e-type=\"column\">\n\t\t\t<div class=\"elementor-widget-wrap elementor-element-populated\">\n\t\t\t\t\t\t<div class=\"elementor-element elementor-element-74721d8 elementor-widget elementor-widget-text-editor\" data-id=\"74721d8\" data-element_type=\"widget\" data-e-type=\"widget\" data-widget_type=\"text-editor.default\">\n\t\t\t\t<div class=\"elementor-widget-container\">\n\t\t\t\t\t\t\t\t\t<p><a href=\"https:\/\/tacticfinland.sharepoint.com\/:p:\/s\/TacticGamesOy361\/Efuet3ab12lNjmZoeaLVUi0BVViFBfuKCF4iqqUsUV8bBQ?e=8E5YZg\" target=\"_blank\" rel=\"noopener\">Pr\u00e9sentation de l\u2019entreprise Tactic <\/a>(PowerPoint)<\/p><p><a href=\"https:\/\/documents.tactic.net\/public\/catalogues\/2025\/Tactic_Games_Catalogue_FR_2025.pdf\" target=\"_blank\" rel=\"noopener\">Catalogue de jeux Tactic\u00a0<\/a>2025 (pdf)<\/p>\t\t\t\t\t\t\t\t<\/div>\n\t\t\t\t<\/div>\n\t\t\t\t\t<\/div>\n\t\t<\/div>\n\t\t\t\t\t<\/div>\n\t\t<\/section>\n\t\t\t\t<section class=\"elementor-section elementor-top-section elementor-element elementor-element-03f8305 elementor-section-boxed elementor-section-height-default elementor-section-height-default\" data-id=\"03f8305\" data-element_type=\"section\" data-e-type=\"section\">\n\t\t\t\t\t\t<div class=\"elementor-container elementor-column-gap-default\">\n\t\t\t\t\t<div class=\"elementor-column elementor-col-100 elementor-top-column elementor-element elementor-element-67379be\" data-id=\"67379be\" data-element_type=\"column\" data-e-type=\"column\">\n\t\t\t<div class=\"elementor-widget-wrap elementor-element-populated\">\n\t\t\t\t\t\t<div class=\"elementor-element elementor-element-f4c6a92 elementor-widget elementor-widget-text-editor\" data-id=\"f4c6a92\" data-element_type=\"widget\" data-e-type=\"widget\" data-widget_type=\"text-editor.default\">\n\t\t\t\t<div class=\"elementor-widget-container\">\n\t\t\t\t\t\t\t\t\t<p><strong>Contactez-nous, et rejoignez-nous !<\/strong><\/p>\n\t\t\t\t\t\t\t\t<\/div>\n\t\t\t\t<\/div>\n\t\t\t\t\t<\/div>\n\t\t<\/div>\n\t\t\t\t\t<\/div>\n\t\t<\/section>\n\t\t\t\t<section class=\"elementor-section elementor-top-section elementor-element elementor-element-d322d50 elementor-section-boxed elementor-section-height-default elementor-section-height-default\" data-id=\"d322d50\" data-element_type=\"section\" data-e-type=\"section\">\n\t\t\t\t\t\t<div class=\"elementor-container elementor-column-gap-default\">\n\t\t\t\t\t<div class=\"elementor-column elementor-col-25 elementor-top-column elementor-element elementor-element-ddcd0d9\" data-id=\"ddcd0d9\" data-element_type=\"column\" data-e-type=\"column\">\n\t\t\t<div class=\"elementor-widget-wrap elementor-element-populated\">\n\t\t\t\t\t\t<div class=\"elementor-element elementor-element-3e934fd elementor-widget elementor-widget-text-editor\" data-id=\"3e934fd\" data-element_type=\"widget\" data-e-type=\"widget\" data-widget_type=\"text-editor.default\">\n\t\t\t\t<div class=\"elementor-widget-container\">\n\t\t\t\t\t\t\t\t\t<p><strong>St\u00e9phane Grandazzi<\/strong><br \/>Country Manager \u2013 Sales<br \/>+33 (0) 6 37 77 95 81<br \/>stephane.grandazzi@tactic.net<\/p>\t\t\t\t\t\t\t\t<\/div>\n\t\t\t\t<\/div>\n\t\t\t\t\t<\/div>\n\t\t<\/div>\n\t\t\t\t<div class=\"elementor-column elementor-col-25 elementor-top-column elementor-element elementor-element-3df35e6\" data-id=\"3df35e6\" data-element_type=\"column\" data-e-type=\"column\">\n\t\t\t<div class=\"elementor-widget-wrap\">\n\t\t\t\t\t\t\t<\/div>\n\t\t<\/div>\n\t\t\t\t<div class=\"elementor-column elementor-col-25 elementor-top-column elementor-element elementor-element-c30d0a4\" data-id=\"c30d0a4\" data-element_type=\"column\" data-e-type=\"column\">\n\t\t\t<div class=\"elementor-widget-wrap\">\n\t\t\t\t\t\t\t<\/div>\n\t\t<\/div>\n\t\t\t\t<div class=\"elementor-column elementor-col-25 elementor-top-column elementor-element elementor-element-103d79d\" data-id=\"103d79d\" data-element_type=\"column\" data-e-type=\"column\">\n\t\t\t<div class=\"elementor-widget-wrap\">\n\t\t\t\t\t\t\t<\/div>\n\t\t<\/div>\n\t\t\t\t\t<\/div>\n\t\t<\/section>\n\t\t\t\t<section class=\"elementor-section elementor-top-section elementor-element elementor-element-d6809bd elementor-section-boxed elementor-section-height-default elementor-section-height-default\" data-id=\"d6809bd\" data-element_type=\"section\" data-e-type=\"section\">\n\t\t\t\t\t\t<div class=\"elementor-container elementor-column-gap-default\">\n\t\t\t\t\t<div class=\"elementor-column elementor-col-100 elementor-top-column elementor-element elementor-element-b45350c\" data-id=\"b45350c\" data-element_type=\"column\" data-e-type=\"column\">\n\t\t\t<div class=\"elementor-widget-wrap elementor-element-populated\">\n\t\t\t\t\t\t<div class=\"elementor-element elementor-element-51a94d2 elementor-widget-divider--view-line elementor-widget elementor-widget-divider\" data-id=\"51a94d2\" data-element_type=\"widget\" data-e-type=\"widget\" data-widget_type=\"divider.default\">\n\t\t\t\t<div class=\"elementor-widget-container\">\n\t\t\t\t\t\t\t<div class=\"elementor-divider\">\n\t\t\t<span class=\"elementor-divider-separator\">\n\t\t\t\t\t\t<\/span>\n\t\t<\/div>\n\t\t\t\t\t\t<\/div>\n\t\t\t\t<\/div>\n\t\t\t\t\t<\/div>\n\t\t<\/div>\n\t\t\t\t\t<\/div>\n\t\t<\/section>\n\t\t\t\t<section class=\"elementor-section elementor-top-section elementor-element elementor-element-2df0ce3 elementor-section-boxed elementor-section-height-default elementor-section-height-default\" data-id=\"2df0ce3\" data-element_type=\"section\" data-e-type=\"section\">\n\t\t\t\t\t\t<div class=\"elementor-container elementor-column-gap-default\">\n\t\t\t\t\t<div class=\"elementor-column elementor-col-100 elementor-top-column elementor-element elementor-element-11dfeee\" data-id=\"11dfeee\" data-element_type=\"column\" data-e-type=\"column\">\n\t\t\t<div class=\"elementor-widget-wrap elementor-element-populated\">\n\t\t\t\t\t\t<div class=\"elementor-element elementor-element-0821766 elementor-widget elementor-widget-text-editor\" data-id=\"0821766\" data-element_type=\"widget\" data-e-type=\"widget\" data-widget_type=\"text-editor.default\">\n\t\t\t\t<div class=\"elementor-widget-container\">\n\t\t\t\t\t\t\t\t\t<p><a href=\"https:\/\/games.tactic.net\/fr\/detaillants\/devenir-un-detaillant\/informations-detaillants\/\">&gt;&gt;&gt; Informations d\u00e9taillants<\/a><\/p>\t\t\t\t\t\t\t\t<\/div>\n\t\t\t\t<\/div>\n\t\t\t\t<div class=\"elementor-element elementor-element-3916599 elementor-widget elementor-widget-spacer\" data-id=\"3916599\" data-element_type=\"widget\" data-e-type=\"widget\" data-widget_type=\"spacer.default\">\n\t\t\t\t<div class=\"elementor-widget-container\">\n\t\t\t\t\t\t\t<div class=\"elementor-spacer\">\n\t\t\t<div class=\"elementor-spacer-inner\"><\/div>\n\t\t<\/div>\n\t\t\t\t\t\t<\/div>\n\t\t\t\t<\/div>\n\t\t\t\t\t<\/div>\n\t\t<\/div>\n\t\t\t\t\t<\/div>\n\t\t<\/section>\n\t\t\t\t<\/div>\n\t\t","protected":false},"excerpt":{"rendered":"<p>Devenir un d\u00e9taillant Pr\u00eat \u00e0 passer au niveau sup\u00e9rieur ? Devenez acteur du succ\u00e8s des jeux, jouets et livres pour enfants Tactic ! En plus d&rsquo;\u00eatre des sp\u00e9cialistes du jeu de soci\u00e9t\u00e9 (pour les enfants, la famille, mais aussi des party games), nous fabriquons et vendons \u00e9galement des jeux de poche et de voyage, des [&hellip;]<\/p>\n","protected":false},"author":2,"featured_media":0,"parent":54948,"menu_order":1,"comment_status":"closed","ping_status":"closed","template":"","meta":{"content-type":"","_monsterinsights_skip_tracking":false,"_monsterinsights_sitenote_active":false,"_monsterinsights_sitenote_note":"","_monsterinsights_sitenote_category":0,"footnotes":""},"class_list":["post-54956","page","type-page","status-publish","hentry"],"aioseo_notices":[],"_links":{"self":[{"href":"https:\/\/games.tactic.net\/fr\/wp-json\/wp\/v2\/pages\/54956","targetHints":{"allow":["GET"]}}],"collection":[{"href":"https:\/\/games.tactic.net\/fr\/wp-json\/wp\/v2\/pages"}],"about":[{"href":"https:\/\/games.tactic.net\/fr\/wp-json\/wp\/v2\/types\/page"}],"author":[{"embeddable":true,"href":"https:\/\/games.tactic.net\/fr\/wp-json\/wp\/v2\/users\/2"}],"replies":[{"embeddable":true,"href":"https:\/\/games.tactic.net\/fr\/wp-json\/wp\/v2\/comments?post=54956"}],"version-history":[{"count":27,"href":"https:\/\/games.tactic.net\/fr\/wp-json\/wp\/v2\/pages\/54956\/revisions"}],"predecessor-version":[{"id":1366020,"href":"https:\/\/games.tactic.net\/fr\/wp-json\/wp\/v2\/pages\/54956\/revisions\/1366020"}],"up":[{"embeddable":true,"href":"https:\/\/games.tactic.net\/fr\/wp-json\/wp\/v2\/pages\/54948"}],"wp:attachment":[{"href":"https:\/\/games.tactic.net\/fr\/wp-json\/wp\/v2\/media?parent=54956"}],"curies":[{"name":"wp","href":"https:\/\/api.w.org\/{rel}","templated":true}]}}