{"id":54897,"date":"2020-03-04T09:50:45","date_gmt":"2020-03-04T07:50:45","guid":{"rendered":"https:\/\/dev.tactic.net\/tactic\/vastuullisuus\/"},"modified":"2021-01-28T08:55:14","modified_gmt":"2021-01-28T06:55:14","slug":"responsabilite","status":"publish","type":"page","link":"https:\/\/games.tactic.net\/fr\/tactic\/responsabilite\/","title":{"rendered":"Responsabilit\u00e9"},"content":{"rendered":"\t\t<div data-elementor-type=\"wp-page\" data-elementor-id=\"54897\" class=\"elementor elementor-54897 elementor-11078\" data-elementor-post-type=\"page\">\n\t\t\t\t\t\t<section class=\"elementor-section elementor-top-section elementor-element elementor-element-229fd3d elementor-section-boxed elementor-section-height-default elementor-section-height-default\" data-id=\"229fd3d\" data-element_type=\"section\" data-e-type=\"section\">\n\t\t\t\t\t\t<div class=\"elementor-container elementor-column-gap-default\">\n\t\t\t\t\t<div class=\"elementor-column elementor-col-100 elementor-top-column elementor-element elementor-element-46bc73b\" data-id=\"46bc73b\" data-element_type=\"column\" data-e-type=\"column\">\n\t\t\t<div class=\"elementor-widget-wrap elementor-element-populated\">\n\t\t\t\t\t\t<div class=\"elementor-element elementor-element-299b429 elementor-widget elementor-widget-heading\" data-id=\"299b429\" data-element_type=\"widget\" data-e-type=\"widget\" data-widget_type=\"heading.default\">\n\t\t\t\t<div class=\"elementor-widget-container\">\n\t\t\t\t\t<h2 class=\"elementor-heading-title elementor-size-default\">Responsabilit\u00e9<\/h2>\t\t\t\t<\/div>\n\t\t\t\t<\/div>\n\t\t\t\t\t<\/div>\n\t\t<\/div>\n\t\t\t\t\t<\/div>\n\t\t<\/section>\n\t\t\t\t<section class=\"elementor-section elementor-top-section elementor-element elementor-element-fdf30dd elementor-section-boxed elementor-section-height-default elementor-section-height-default\" data-id=\"fdf30dd\" data-element_type=\"section\" data-e-type=\"section\">\n\t\t\t\t\t\t<div class=\"elementor-container elementor-column-gap-default\">\n\t\t\t\t\t<div class=\"elementor-column elementor-col-100 elementor-top-column elementor-element elementor-element-8eb66dc\" data-id=\"8eb66dc\" data-element_type=\"column\" data-e-type=\"column\">\n\t\t\t<div class=\"elementor-widget-wrap elementor-element-populated\">\n\t\t\t\t\t\t<div class=\"elementor-element elementor-element-a4bab3a elementor-widget elementor-widget-heading\" data-id=\"a4bab3a\" data-element_type=\"widget\" data-e-type=\"widget\" data-widget_type=\"heading.default\">\n\t\t\t\t<div class=\"elementor-widget-container\">\n\t\t\t\t\t<h1 class=\"elementor-heading-title elementor-size-default\">Le fabricant de jeux le plus \u00e9cologique des pays Nordiques.<\/h1>\t\t\t\t<\/div>\n\t\t\t\t<\/div>\n\t\t\t\t\t<\/div>\n\t\t<\/div>\n\t\t\t\t\t<\/div>\n\t\t<\/section>\n\t\t\t\t<section class=\"elementor-section elementor-top-section elementor-element elementor-element-3107b84 elementor-section-boxed elementor-section-height-default elementor-section-height-default\" data-id=\"3107b84\" data-element_type=\"section\" data-e-type=\"section\">\n\t\t\t\t\t\t<div class=\"elementor-container elementor-column-gap-default\">\n\t\t\t\t\t<div class=\"elementor-column elementor-col-100 elementor-top-column elementor-element elementor-element-06565f9\" data-id=\"06565f9\" data-element_type=\"column\" data-e-type=\"column\">\n\t\t\t<div class=\"elementor-widget-wrap elementor-element-populated\">\n\t\t\t\t\t\t<div class=\"elementor-element elementor-element-7ec8949 elementor-widget elementor-widget-text-editor\" data-id=\"7ec8949\" data-element_type=\"widget\" data-e-type=\"widget\" data-widget_type=\"text-editor.default\">\n\t\t\t\t<div class=\"elementor-widget-container\">\n\t\t\t\t\t\t\t\t\t<p>La responsabilit\u00e9 implique des actions concr\u00e8tes, de l&rsquo;usine de fabrication jusqu&rsquo;\u00e0 la table de jeu. Nous sommes fiers de nos standards de qualit\u00e9 Nordique \u00e9lev\u00e9s, de notre savoir faire sp\u00e9cialis\u00e9 et de notre positionnement responsable quant aux probl\u00e9matiques environnementales.<\/p>\n<p>Le design Finlandais r\u00e9siste aussi bien au temps qu&rsquo;\u00e0 l&rsquo;usure, et cette exigence s&rsquo;applique \u00e9galement \u00e0 nos jeux et jouets. Nos mat\u00e9riaux de productions sont essentiellement issus du recyclage du carton et du plastique. D\u00e8s l&rsquo;\u00e9tape de planification, notre mission est de r\u00e9duire au maximum l&rsquo;utilisation de film plastique par exemple, que ce soit pour l&#8217;emballage ou les paquets de cartes. Comme nous produisons nous-m\u00eame nos jeux, nous b\u00e9n\u00e9ficions d&rsquo;une excellente tra\u00e7abilit\u00e9 des mat\u00e9riaux. Nous suivons aussi attentivement notre empreinte carbone, et nous sommes en mesure de garantir des livraisons rapides et s\u00fbres au d\u00e9part direct de notre entrep\u00f4t \u00e0 Pori, en Finlande.<\/p>\n<p>Nos principes \u00e9thiques nous engagent \u00e0 des actions responsables en mati\u00e8re d&rsquo;environnement, de production, de qualit\u00e9 technique, d&rsquo;humanit\u00e9 et d&#8217;emploi. Nous employons plus de 100 salari\u00e9s, et en tant qu&#8217;employeur responsable, il est autant de notre devoir d&rsquo;assurer une qualit\u00e9 des produits que de bonnes conditions de travail. Tous nos sous-traitants et l&rsquo;ensemble de nos fournisseurs adh\u00e8rent sans compromis \u00e0 nos principes \u00e9thiques. Nous sommes fiers des projets de coop\u00e9ration mis en place avec nos partenaires locaux. Ensemble, nous sommes plus forts.<\/p>\n\t\t\t\t\t\t\t\t<\/div>\n\t\t\t\t<\/div>\n\t\t\t\t<div class=\"elementor-element elementor-element-928ca0a elementor-widget-divider--view-line elementor-widget elementor-widget-divider\" data-id=\"928ca0a\" data-element_type=\"widget\" data-e-type=\"widget\" data-widget_type=\"divider.default\">\n\t\t\t\t<div class=\"elementor-widget-container\">\n\t\t\t\t\t\t\t<div class=\"elementor-divider\">\n\t\t\t<span class=\"elementor-divider-separator\">\n\t\t\t\t\t\t<\/span>\n\t\t<\/div>\n\t\t\t\t\t\t<\/div>\n\t\t\t\t<\/div>\n\t\t\t\t\t<\/div>\n\t\t<\/div>\n\t\t\t\t\t<\/div>\n\t\t<\/section>\n\t\t\t\t<section class=\"elementor-section elementor-top-section elementor-element elementor-element-a9e4ce1 elementor-section-boxed elementor-section-height-default elementor-section-height-default\" data-id=\"a9e4ce1\" data-element_type=\"section\" data-e-type=\"section\">\n\t\t\t\t\t\t<div class=\"elementor-container elementor-column-gap-default\">\n\t\t\t\t\t<div class=\"elementor-column elementor-col-33 elementor-top-column elementor-element elementor-element-a118fa7\" data-id=\"a118fa7\" data-element_type=\"column\" data-e-type=\"column\">\n\t\t\t<div class=\"elementor-widget-wrap elementor-element-populated\">\n\t\t\t\t\t\t<div class=\"elementor-element elementor-element-60c7337 elementor-widget elementor-widget-image\" data-id=\"60c7337\" data-element_type=\"widget\" data-e-type=\"widget\" data-widget_type=\"image.default\">\n\t\t\t\t<div class=\"elementor-widget-container\">\n\t\t\t\t\t\t\t\t\t\t\t\t\t\t\t<img decoding=\"async\" width=\"140\" height=\"200\" src=\"https:\/\/games.tactic.net\/wp-content\/uploads\/2020\/03\/avainlippu.png\" class=\"attachment-medium size-medium wp-image-11092\" alt=\"\" \/>\t\t\t\t\t\t\t\t\t\t\t\t\t\t\t<\/div>\n\t\t\t\t<\/div>\n\t\t\t\t\t<\/div>\n\t\t<\/div>\n\t\t\t\t<div class=\"elementor-column elementor-col-66 elementor-top-column elementor-element elementor-element-7a0fb4e\" data-id=\"7a0fb4e\" data-element_type=\"column\" data-e-type=\"column\">\n\t\t\t<div class=\"elementor-widget-wrap elementor-element-populated\">\n\t\t\t\t\t\t<div class=\"elementor-element elementor-element-8e2ef6c elementor-widget elementor-widget-text-editor\" data-id=\"8e2ef6c\" data-element_type=\"widget\" data-e-type=\"widget\" data-widget_type=\"text-editor.default\">\n\t\t\t\t<div class=\"elementor-widget-container\">\n\t\t\t\t\t\t\t\t\t<p>Fabriqu\u00e9 en Finlande<\/p>\n<p>Le Key Flag Symbol, un symbole en forme de cl\u00e9 et de drapeau Finlandais, vous invite \u00e0 r\u00e9fl\u00e9chir \u00e0 votre d\u00e9cision d&rsquo;achat. Un produit fabriqu\u00e9 en Finlande est un choix \u00e9thique, \u00e9cologique et responsable. Nos jeux de soci\u00e9t\u00e9 sont cr\u00e9\u00e9s par des experts finlandais et fabriqu\u00e9s dans nos propres usines \u00e0 Pori, en Finlande. Les produits fabriqu\u00e9s en Finlande b\u00e9n\u00e9ficient d&rsquo;une plus grande transparence que ceux fabriqu\u00e9s dans des pays \u00e0 main d&rsquo;oeuvre \u00e0 bas co\u00fbt. Votre choix a un impact &#8211; soyez \u00e9quitables avec les Finlandais !<\/p>\n<p>Pour en savoir plus : \u00a0<a href=\"https:\/\/suomalainentyo.fi\/en\/\" target=\"_blank\" rel=\"noopener\">&gt;&gt;&gt; www.suomalainentyo.fi\/en<\/a><\/p>\n\t\t\t\t\t\t\t\t<\/div>\n\t\t\t\t<\/div>\n\t\t\t\t\t<\/div>\n\t\t<\/div>\n\t\t\t\t\t<\/div>\n\t\t<\/section>\n\t\t\t\t<section class=\"elementor-section elementor-top-section elementor-element elementor-element-a471799 elementor-section-boxed elementor-section-height-default elementor-section-height-default\" data-id=\"a471799\" data-element_type=\"section\" data-e-type=\"section\">\n\t\t\t\t\t\t<div class=\"elementor-container elementor-column-gap-default\">\n\t\t\t\t\t<div class=\"elementor-column elementor-col-100 elementor-top-column elementor-element elementor-element-c49e79f\" data-id=\"c49e79f\" data-element_type=\"column\" data-e-type=\"column\">\n\t\t\t<div class=\"elementor-widget-wrap elementor-element-populated\">\n\t\t\t\t\t\t<div class=\"elementor-element elementor-element-9bb035f elementor-widget-divider--view-line elementor-widget elementor-widget-divider\" data-id=\"9bb035f\" data-element_type=\"widget\" data-e-type=\"widget\" data-widget_type=\"divider.default\">\n\t\t\t\t<div class=\"elementor-widget-container\">\n\t\t\t\t\t\t\t<div class=\"elementor-divider\">\n\t\t\t<span class=\"elementor-divider-separator\">\n\t\t\t\t\t\t<\/span>\n\t\t<\/div>\n\t\t\t\t\t\t<\/div>\n\t\t\t\t<\/div>\n\t\t\t\t\t<\/div>\n\t\t<\/div>\n\t\t\t\t\t<\/div>\n\t\t<\/section>\n\t\t\t\t<section class=\"elementor-section elementor-top-section elementor-element elementor-element-6164b06 elementor-section-boxed elementor-section-height-default elementor-section-height-default\" data-id=\"6164b06\" data-element_type=\"section\" data-e-type=\"section\">\n\t\t\t\t\t\t<div class=\"elementor-container elementor-column-gap-default\">\n\t\t\t\t\t<div class=\"elementor-column elementor-col-100 elementor-top-column elementor-element elementor-element-18df893\" data-id=\"18df893\" data-element_type=\"column\" data-e-type=\"column\">\n\t\t\t<div class=\"elementor-widget-wrap elementor-element-populated\">\n\t\t\t\t\t\t<div class=\"elementor-element elementor-element-8dd9d3e elementor-widget elementor-widget-heading\" data-id=\"8dd9d3e\" data-element_type=\"widget\" data-e-type=\"widget\" data-widget_type=\"heading.default\">\n\t\t\t\t<div class=\"elementor-widget-container\">\n\t\t\t\t\t<h1 class=\"elementor-heading-title elementor-size-default\">\u00c0 l'origine des jeux<\/h1>\t\t\t\t<\/div>\n\t\t\t\t<\/div>\n\t\t\t\t\t<\/div>\n\t\t<\/div>\n\t\t\t\t\t<\/div>\n\t\t<\/section>\n\t\t\t\t<section class=\"elementor-section elementor-top-section elementor-element elementor-element-414e36a elementor-section-boxed elementor-section-height-default elementor-section-height-default\" data-id=\"414e36a\" data-element_type=\"section\" data-e-type=\"section\">\n\t\t\t\t\t\t<div class=\"elementor-container elementor-column-gap-default\">\n\t\t\t\t\t<div class=\"elementor-column elementor-col-100 elementor-top-column elementor-element elementor-element-79fa9ec\" data-id=\"79fa9ec\" data-element_type=\"column\" data-e-type=\"column\">\n\t\t\t<div class=\"elementor-widget-wrap elementor-element-populated\">\n\t\t\t\t\t\t<div class=\"elementor-element elementor-element-c11975f elementor-skin-carousel elementor-arrows-yes elementor-pagination-type-bullets elementor-pagination-position-outside elementor-widget elementor-widget-media-carousel\" data-id=\"c11975f\" data-element_type=\"widget\" data-e-type=\"widget\" data-settings=\"{&quot;skin&quot;:&quot;carousel&quot;,&quot;effect&quot;:&quot;slide&quot;,&quot;show_arrows&quot;:&quot;yes&quot;,&quot;pagination&quot;:&quot;bullets&quot;,&quot;speed&quot;:500,&quot;loop&quot;:&quot;yes&quot;,&quot;space_between&quot;:{&quot;unit&quot;:&quot;px&quot;,&quot;size&quot;:10,&quot;sizes&quot;:[]},&quot;space_between_tablet&quot;:{&quot;unit&quot;:&quot;px&quot;,&quot;size&quot;:10,&quot;sizes&quot;:[]},&quot;space_between_mobile&quot;:{&quot;unit&quot;:&quot;px&quot;,&quot;size&quot;:10,&quot;sizes&quot;:[]}}\" data-widget_type=\"media-carousel.default\">\n\t\t\t\t<div class=\"elementor-widget-container\">\n\t\t\t\t\t\t\t\t\t<div class=\"elementor-swiper\">\n\t\t\t\t\t<div class=\"elementor-main-swiper swiper\" role=\"region\" aria-roledescription=\"carousel\" aria-label=\"Diapositives\">\n\t\t\t\t<div class=\"swiper-wrapper\">\n\t\t\t\t\t\t\t\t\t\t\t<div class=\"swiper-slide\" role=\"group\" aria-roledescription=\"slide\">\n\t\t\t\t\t\t\t<a href=\"https:\/\/games.tactic.net\/wp-content\/uploads\/2020\/04\/Tactic_henkil\u00f6kunta_2017_2-1024x746-1.jpg\" data-elementor-open-lightbox=\"yes\" data-elementor-lightbox-slideshow=\"c11975f\" data-e-action-hash=\"#elementor-action%3Aaction%3Dlightbox%26settings%3DeyJpZCI6NDY2MzQsInVybCI6Imh0dHBzOlwvXC9nYW1lcy50YWN0aWMubmV0XC93cC1jb250ZW50XC91cGxvYWRzXC8yMDIwXC8wNFwvVGFjdGljX2hlbmtpbFx1MDBmNmt1bnRhXzIwMTdfMi0xMDI0eDc0Ni0xLmpwZyIsInNsaWRlc2hvdyI6ImMxMTk3NWYifQ%3D%3D\">\t\t<div class=\"elementor-carousel-image\" role=\"img\" aria-label=\"Tactic_henkil\u00f6kunta_2017_2-1024x746\" style=\"background-image: url(&#039;https:\/\/games.tactic.net\/wp-content\/uploads\/2020\/04\/Tactic_henkil\u00f6kunta_2017_2-1024x746-1.jpg&#039;)\">\n\n\t\t\t\n\t\t\t\t\t<\/div>\n\t\t<\/a>\t\t\t\t\t\t<\/div>\n\t\t\t\t\t\t\t\t\t\t\t<div class=\"swiper-slide\" role=\"group\" aria-roledescription=\"slide\">\n\t\t\t\t\t\t\t<a href=\"https:\/\/games.tactic.net\/wp-content\/uploads\/2020\/02\/ihmisetpelientakana.png\" data-elementor-open-lightbox=\"yes\" data-elementor-lightbox-slideshow=\"c11975f\" data-e-action-hash=\"#elementor-action%3Aaction%3Dlightbox%26settings%3DeyJpZCI6MTAzOTgsInVybCI6Imh0dHBzOlwvXC9nYW1lcy50YWN0aWMubmV0XC93cC1jb250ZW50XC91cGxvYWRzXC8yMDIwXC8wMlwvaWhtaXNldHBlbGllbnRha2FuYS5wbmciLCJzbGlkZXNob3ciOiJjMTE5NzVmIn0%3D\" data-elementor-lightbox-video=\"https:\/\/www.youtube.com\/embed\/sRlEAAN1QXw?feature=oembed&amp;autoplay=1&amp;rel=0&amp;controls=0\">\t\t<div class=\"elementor-carousel-image\" role=\"img\" aria-label=\"Ihmiset pelien takana\" style=\"background-image: url(&#039;https:\/\/games.tactic.net\/wp-content\/uploads\/2020\/02\/ihmisetpelientakana.png&#039;)\">\n\n\t\t\t\n\t\t\t\t\t\t\t<div class=\"elementor-custom-embed-play\">\n\t\t\t\t\t<i aria-hidden=\"true\" class=\"eicon-play\"><\/i>\t\t\t\t\t<span class=\"elementor-screen-only\">Lire<\/span>\n\t\t\t\t<\/div>\n\t\t\t\t\t<\/div>\n\t\t<\/a>\t\t\t\t\t\t<\/div>\n\t\t\t\t\t\t\t\t\t<\/div>\n\t\t\t\t\t\t\t\t\t\t\t\t\t\t\t<div class=\"elementor-swiper-button elementor-swiper-button-prev\" role=\"button\" tabindex=\"0\" aria-label=\"Pr\u00e9c\u00e9dent\">\n\t\t\t\t\t\t\t<i aria-hidden=\"true\" class=\"eicon-chevron-left\"><\/i>\t\t\t\t\t\t<\/div>\n\t\t\t\t\t\t<div class=\"elementor-swiper-button elementor-swiper-button-next\" role=\"button\" tabindex=\"0\" aria-label=\"Suivant\">\n\t\t\t\t\t\t\t<i aria-hidden=\"true\" class=\"eicon-chevron-right\"><\/i>\t\t\t\t\t\t<\/div>\n\t\t\t\t\t\t\t\t\t\t\t\t\t\t\t\t<div class=\"swiper-pagination\"><\/div>\n\t\t\t\t\t\t\t\t\t\t\t\t<\/div>\n\t\t\t\t<\/div>\n\t\t\t\t\t\t\t\t<\/div>\n\t\t\t\t<\/div>\n\t\t\t\t\t<\/div>\n\t\t<\/div>\n\t\t\t\t\t<\/div>\n\t\t<\/section>\n\t\t\t\t<section class=\"elementor-section elementor-top-section elementor-element elementor-element-89ed565 elementor-section-boxed elementor-section-height-default elementor-section-height-default\" data-id=\"89ed565\" data-element_type=\"section\" data-e-type=\"section\">\n\t\t\t\t\t\t<div class=\"elementor-container elementor-column-gap-default\">\n\t\t\t\t\t<div class=\"elementor-column elementor-col-100 elementor-top-column elementor-element elementor-element-3c09338\" data-id=\"3c09338\" data-element_type=\"column\" data-e-type=\"column\">\n\t\t\t<div class=\"elementor-widget-wrap elementor-element-populated\">\n\t\t\t\t\t\t<div class=\"elementor-element elementor-element-78c6999 elementor-widget elementor-widget-spacer\" data-id=\"78c6999\" data-element_type=\"widget\" data-e-type=\"widget\" data-widget_type=\"spacer.default\">\n\t\t\t\t<div class=\"elementor-widget-container\">\n\t\t\t\t\t\t\t<div class=\"elementor-spacer\">\n\t\t\t<div class=\"elementor-spacer-inner\"><\/div>\n\t\t<\/div>\n\t\t\t\t\t\t<\/div>\n\t\t\t\t<\/div>\n\t\t\t\t\t<\/div>\n\t\t<\/div>\n\t\t\t\t\t<\/div>\n\t\t<\/section>\n\t\t\t\t<\/div>\n\t\t","protected":false},"excerpt":{"rendered":"<p>Responsabilit\u00e9 Le fabricant de jeux le plus \u00e9cologique des pays Nordiques. La responsabilit\u00e9 implique des actions concr\u00e8tes, de l&rsquo;usine de fabrication jusqu&rsquo;\u00e0 la table de jeu. Nous sommes fiers de nos standards de qualit\u00e9 Nordique \u00e9lev\u00e9s, de notre savoir faire sp\u00e9cialis\u00e9 et de notre positionnement responsable quant aux probl\u00e9matiques environnementales. Le design Finlandais r\u00e9siste aussi [&hellip;]<\/p>\n","protected":false},"author":2,"featured_media":0,"parent":54865,"menu_order":2,"comment_status":"closed","ping_status":"closed","template":"","meta":{"content-type":"","_monsterinsights_skip_tracking":false,"_monsterinsights_sitenote_active":false,"_monsterinsights_sitenote_note":"","_monsterinsights_sitenote_category":0,"footnotes":""},"class_list":["post-54897","page","type-page","status-publish","hentry"],"aioseo_notices":[],"_links":{"self":[{"href":"https:\/\/games.tactic.net\/fr\/wp-json\/wp\/v2\/pages\/54897","targetHints":{"allow":["GET"]}}],"collection":[{"href":"https:\/\/games.tactic.net\/fr\/wp-json\/wp\/v2\/pages"}],"about":[{"href":"https:\/\/games.tactic.net\/fr\/wp-json\/wp\/v2\/types\/page"}],"author":[{"embeddable":true,"href":"https:\/\/games.tactic.net\/fr\/wp-json\/wp\/v2\/users\/2"}],"replies":[{"embeddable":true,"href":"https:\/\/games.tactic.net\/fr\/wp-json\/wp\/v2\/comments?post=54897"}],"version-history":[{"count":6,"href":"https:\/\/games.tactic.net\/fr\/wp-json\/wp\/v2\/pages\/54897\/revisions"}],"predecessor-version":[{"id":56484,"href":"https:\/\/games.tactic.net\/fr\/wp-json\/wp\/v2\/pages\/54897\/revisions\/56484"}],"up":[{"embeddable":true,"href":"https:\/\/games.tactic.net\/fr\/wp-json\/wp\/v2\/pages\/54865"}],"wp:attachment":[{"href":"https:\/\/games.tactic.net\/fr\/wp-json\/wp\/v2\/media?parent=54897"}],"curies":[{"name":"wp","href":"https:\/\/api.w.org\/{rel}","templated":true}]}}