{"id":54575,"date":"2020-04-09T09:26:12","date_gmt":"2020-04-09T06:26:12","guid":{"rendered":"https:\/\/dev.tactic.net\/tapa-toimia\/"},"modified":"2021-01-28T08:54:47","modified_gmt":"2021-01-28T06:54:47","slug":"code-de-conduite","status":"publish","type":"page","link":"https:\/\/games.tactic.net\/fr\/tactic\/code-de-conduite\/","title":{"rendered":"Code de conduite"},"content":{"rendered":"\t\t<div data-elementor-type=\"wp-page\" data-elementor-id=\"54575\" class=\"elementor elementor-54575 elementor-46488\" data-elementor-post-type=\"page\">\n\t\t\t\t\t\t<section class=\"elementor-section elementor-top-section elementor-element elementor-element-74a0cd0 elementor-section-boxed elementor-section-height-default elementor-section-height-default\" data-id=\"74a0cd0\" data-element_type=\"section\" data-e-type=\"section\">\n\t\t\t\t\t\t<div class=\"elementor-container elementor-column-gap-default\">\n\t\t\t\t\t<div class=\"elementor-column elementor-col-100 elementor-top-column elementor-element elementor-element-a911790\" data-id=\"a911790\" data-element_type=\"column\" data-e-type=\"column\">\n\t\t\t<div class=\"elementor-widget-wrap elementor-element-populated\">\n\t\t\t\t\t\t<div class=\"elementor-element elementor-element-5293031 elementor-widget elementor-widget-heading\" data-id=\"5293031\" data-element_type=\"widget\" data-e-type=\"widget\" data-widget_type=\"heading.default\">\n\t\t\t\t<div class=\"elementor-widget-container\">\n\t\t\t\t\t<h2 class=\"elementor-heading-title elementor-size-default\">Code de conduite<\/h2>\t\t\t\t<\/div>\n\t\t\t\t<\/div>\n\t\t\t\t\t<\/div>\n\t\t<\/div>\n\t\t\t\t\t<\/div>\n\t\t<\/section>\n\t\t\t\t<section class=\"elementor-section elementor-top-section elementor-element elementor-element-ebcd2a2 elementor-section-boxed elementor-section-height-default elementor-section-height-default\" data-id=\"ebcd2a2\" data-element_type=\"section\" data-e-type=\"section\">\n\t\t\t\t\t\t<div class=\"elementor-container elementor-column-gap-default\">\n\t\t\t\t\t<div class=\"elementor-column elementor-col-100 elementor-top-column elementor-element elementor-element-ade44e2\" data-id=\"ade44e2\" data-element_type=\"column\" data-e-type=\"column\">\n\t\t\t<div class=\"elementor-widget-wrap elementor-element-populated\">\n\t\t\t\t\t\t<div class=\"elementor-element elementor-element-cb7c951 elementor-widget elementor-widget-heading\" data-id=\"cb7c951\" data-element_type=\"widget\" data-e-type=\"widget\" data-widget_type=\"heading.default\">\n\t\t\t\t<div class=\"elementor-widget-container\">\n\t\t\t\t\t<h1 class=\"elementor-heading-title elementor-size-default\">Nous faisons des jeux avec le c\u0153ur.<\/h1>\t\t\t\t<\/div>\n\t\t\t\t<\/div>\n\t\t\t\t\t<\/div>\n\t\t<\/div>\n\t\t\t\t\t<\/div>\n\t\t<\/section>\n\t\t\t\t<section class=\"elementor-section elementor-top-section elementor-element elementor-element-686c801 elementor-section-boxed elementor-section-height-default elementor-section-height-default\" data-id=\"686c801\" data-element_type=\"section\" data-e-type=\"section\">\n\t\t\t\t\t\t<div class=\"elementor-container elementor-column-gap-default\">\n\t\t\t\t\t<div class=\"elementor-column elementor-col-100 elementor-top-column elementor-element elementor-element-79338bb\" data-id=\"79338bb\" data-element_type=\"column\" data-e-type=\"column\">\n\t\t\t<div class=\"elementor-widget-wrap elementor-element-populated\">\n\t\t\t\t\t\t<div class=\"elementor-element elementor-element-92be930 elementor-widget elementor-widget-text-editor\" data-id=\"92be930\" data-element_type=\"widget\" data-e-type=\"widget\" data-widget_type=\"text-editor.default\">\n\t\t\t\t<div class=\"elementor-widget-container\">\n\t\t\t\t\t\t\t\t\t<p>Le fonctionnement de Tactic est rest\u00e9 le m\u00eame depuis toujours. Nous souhaitons offrir aux familles et aux groupes d&rsquo;amis des moments partag\u00e9s qui deviendront des souvenirs imp\u00e9rissables. Nous nous effor\u00e7ons continuellement de produire des jeux et des jouets tourn\u00e9s vers l&rsquo;avenir.<\/p>\n<p>Nous mettons tout notre c\u0153ur \u00e0 fabriquer des produits de qualit\u00e9, comme si nous les faisions pour nos propres familles. Aujourd&rsquo;hui, passer du temps avec les gens que l&rsquo;on aime est plus important que jamais. C&rsquo;est pourquoi une production responsable, ainsi qu&rsquo;une r\u00e9flexion \u00e9thique et environnementale, sont au coeur de nos proc\u00e9d\u00e9s de fabrication.<\/p>\n<p>Nos racines Finlandaises sont importantes \u00e0 nos yeux. Nous sommes fiers que l&rsquo;immense majorit\u00e9 de nos produits soit fabriqu\u00e9e en Finlande, et que chaque jeu de soci\u00e9t\u00e9 soit assembl\u00e9 \u00e0 Pori, en Finlande. Nous repr\u00e9sentons un important bassin d&#8217;emploi la r\u00e9gion, et sommes un acteur majeur de la comp\u00e9titivit\u00e9 locale.<\/p>\n\t\t\t\t\t\t\t\t<\/div>\n\t\t\t\t<\/div>\n\t\t\t\t\t<\/div>\n\t\t<\/div>\n\t\t\t\t\t<\/div>\n\t\t<\/section>\n\t\t\t\t<section class=\"elementor-section elementor-top-section elementor-element elementor-element-5fc610e elementor-section-boxed elementor-section-height-default elementor-section-height-default\" data-id=\"5fc610e\" data-element_type=\"section\" data-e-type=\"section\">\n\t\t\t\t\t\t<div class=\"elementor-container elementor-column-gap-default\">\n\t\t\t\t\t<div class=\"elementor-column elementor-col-100 elementor-top-column elementor-element elementor-element-5ec5ebe\" data-id=\"5ec5ebe\" data-element_type=\"column\" data-e-type=\"column\">\n\t\t\t<div class=\"elementor-widget-wrap elementor-element-populated\">\n\t\t\t\t\t\t<div class=\"elementor-element elementor-element-f0f259e elementor-widget elementor-widget-heading\" data-id=\"f0f259e\" data-element_type=\"widget\" data-e-type=\"widget\" data-widget_type=\"heading.default\">\n\t\t\t\t<div class=\"elementor-widget-container\">\n\t\t\t\t\t<h3 class=\"elementor-heading-title elementor-size-default\">Nos valeurs ouvrent la voie.<\/h3>\t\t\t\t<\/div>\n\t\t\t\t<\/div>\n\t\t\t\t\t<\/div>\n\t\t<\/div>\n\t\t\t\t\t<\/div>\n\t\t<\/section>\n\t\t\t\t<section class=\"elementor-section elementor-top-section elementor-element elementor-element-ee46874 elementor-section-boxed elementor-section-height-default elementor-section-height-default\" data-id=\"ee46874\" data-element_type=\"section\" data-e-type=\"section\">\n\t\t\t\t\t\t<div class=\"elementor-container elementor-column-gap-default\">\n\t\t\t\t\t<div class=\"elementor-column elementor-col-100 elementor-top-column elementor-element elementor-element-df6751d\" data-id=\"df6751d\" data-element_type=\"column\" data-e-type=\"column\">\n\t\t\t<div class=\"elementor-widget-wrap elementor-element-populated\">\n\t\t\t\t\t\t<div class=\"elementor-element elementor-element-f620978 elementor-widget elementor-widget-text-editor\" data-id=\"f620978\" data-element_type=\"widget\" data-e-type=\"widget\" data-widget_type=\"text-editor.default\">\n\t\t\t\t<div class=\"elementor-widget-container\">\n\t\t\t\t\t\t\t\t\t<p><strong>Positif<\/strong><br \/>\nNotre but est de r\u00e9pandre la joie par les jeux de soci\u00e9t\u00e9. Des millions de familles et d&rsquo;amis autour du monde se rassemblent autour de nos jeux pour passer du temps ensemble.<\/p>\n<p><strong>Social<\/strong><br \/>\nLes jeux s&rsquo;appr\u00e9cient encore mieux en bonne compagnie. Les jeux de soci\u00e9t\u00e9 d\u00e9veloppent la capacit\u00e9 \u00e0 r\u00e9fl\u00e9chir, la m\u00e9moire et les comp\u00e9tences strat\u00e9giques, aussi bien chez les plus jeunes que chez les seniors. Ils nous tiennent \u00e9galement \u00e9loign\u00e9s des \u00e9crans !<\/p>\n<p><strong>Amusant<\/strong><br \/>\nLe but principal de nos jeux est de vous amuser. Nous savons que nous avons r\u00e9ussi lorsque nos jeux sont utilis\u00e9s \u00e0 maintes reprises et passent de g\u00e9n\u00e9ration en g\u00e9n\u00e9ration.<\/p>\n<p><strong>Honn\u00eate<\/strong><br \/>\nLa persistance Finlandaise &lsquo;sisu&rsquo; et l&rsquo;honn\u00eatet\u00e9 guident nos pas dans nos relations avec nos clients et nos partenaires. Nous sommes durs en affaires, mais justes.<\/p>\n<p><strong>Responsable<\/strong><br \/>\nNous sommes une entreprise familiale et responsable. La pens\u00e9e \u00e9cologique et la durabilit\u00e9 sont des concepts cl\u00e9s au c\u0153ur de nos produits et dans l&rsquo;ensemble de notre cha\u00eene de production.<\/p>\n\t\t\t\t\t\t\t\t<\/div>\n\t\t\t\t<\/div>\n\t\t\t\t<div class=\"elementor-element elementor-element-5767b67 elementor-widget elementor-widget-spacer\" data-id=\"5767b67\" data-element_type=\"widget\" data-e-type=\"widget\" data-widget_type=\"spacer.default\">\n\t\t\t\t<div class=\"elementor-widget-container\">\n\t\t\t\t\t\t\t<div class=\"elementor-spacer\">\n\t\t\t<div class=\"elementor-spacer-inner\"><\/div>\n\t\t<\/div>\n\t\t\t\t\t\t<\/div>\n\t\t\t\t<\/div>\n\t\t\t\t\t<\/div>\n\t\t<\/div>\n\t\t\t\t\t<\/div>\n\t\t<\/section>\n\t\t\t\t<\/div>\n\t\t","protected":false},"excerpt":{"rendered":"<p>Code de conduite Nous faisons des jeux avec le c\u0153ur. Le fonctionnement de Tactic est rest\u00e9 le m\u00eame depuis toujours. Nous souhaitons offrir aux familles et aux groupes d&rsquo;amis des moments partag\u00e9s qui deviendront des souvenirs imp\u00e9rissables. Nous nous effor\u00e7ons continuellement de produire des jeux et des jouets tourn\u00e9s vers l&rsquo;avenir. Nous mettons tout notre [&hellip;]<\/p>\n","protected":false},"author":2,"featured_media":0,"parent":54865,"menu_order":1,"comment_status":"closed","ping_status":"closed","template":"","meta":{"content-type":"","_monsterinsights_skip_tracking":false,"_monsterinsights_sitenote_active":false,"_monsterinsights_sitenote_note":"","_monsterinsights_sitenote_category":0,"footnotes":""},"class_list":["post-54575","page","type-page","status-publish","hentry"],"aioseo_notices":[],"_links":{"self":[{"href":"https:\/\/games.tactic.net\/fr\/wp-json\/wp\/v2\/pages\/54575","targetHints":{"allow":["GET"]}}],"collection":[{"href":"https:\/\/games.tactic.net\/fr\/wp-json\/wp\/v2\/pages"}],"about":[{"href":"https:\/\/games.tactic.net\/fr\/wp-json\/wp\/v2\/types\/page"}],"author":[{"embeddable":true,"href":"https:\/\/games.tactic.net\/fr\/wp-json\/wp\/v2\/users\/2"}],"replies":[{"embeddable":true,"href":"https:\/\/games.tactic.net\/fr\/wp-json\/wp\/v2\/comments?post=54575"}],"version-history":[{"count":3,"href":"https:\/\/games.tactic.net\/fr\/wp-json\/wp\/v2\/pages\/54575\/revisions"}],"predecessor-version":[{"id":56483,"href":"https:\/\/games.tactic.net\/fr\/wp-json\/wp\/v2\/pages\/54575\/revisions\/56483"}],"up":[{"embeddable":true,"href":"https:\/\/games.tactic.net\/fr\/wp-json\/wp\/v2\/pages\/54865"}],"wp:attachment":[{"href":"https:\/\/games.tactic.net\/fr\/wp-json\/wp\/v2\/media?parent=54575"}],"curies":[{"name":"wp","href":"https:\/\/api.w.org\/{rel}","templated":true}]}}