{"id":723530,"date":"2023-05-03T15:25:15","date_gmt":"2023-05-03T12:25:15","guid":{"rendered":"https:\/\/games.tactic.net\/tuote\/lumo-stars-kawaii-pineapple\/"},"modified":"2023-09-27T19:38:56","modified_gmt":"2023-09-27T16:38:56","slug":"lumo-stars-kawaii-pineapple","status":"publish","type":"product","link":"https:\/\/games.tactic.net\/en\/tuote\/lumo-stars-kawaii-pineapple\/","title":{"rendered":"Lumo Stars Kawaii Pineapple plush"},"content":{"rendered":"<p>En glad och s\u00f6t ananas som \u00e4r l\u00e5ngt ifr\u00e5n lika h\u00e5rd som sin frukt-motsvarighet. Med sydda detaljer som h\u00e5ller \u00e4ven f\u00f6r sm\u00e5 h\u00e4nders hantering. 30 cm h\u00f6g, med blad cirka 37cm .<\/p>\n","protected":false},"excerpt":{"rendered":"<p>En glad och s\u00f6t ananas som \u00e4r l\u00e5ngt ifr\u00e5n lika h\u00e5rd som sin frukt-motsvarighet. Med sydda detaljer som h\u00e5ller \u00e4ven f\u00f6r sm\u00e5 h\u00e4nders hantering. 30 cm h\u00f6g, med blad cirka 37cm .<\/p>\n","protected":false},"featured_media":0,"template":"","meta":{"content-type":"","_monsterinsights_skip_tracking":false,"_monsterinsights_sitenote_active":false,"_monsterinsights_sitenote_note":"","_monsterinsights_sitenote_category":0},"product_brand":[],"product_cat":[1715],"product_tag":[1263,942],"brand":[{"id":1024,"name":"Lumo Stars","slug":"lumo-stars_uk"}],"target-group":[],"discontinued":[],"class_list":{"0":"post-723530","1":"product","2":"type-product","3":"status-publish","5":"product_cat-plush-toys","6":"product_tag-lumo-stars-en","7":"product_tag-plush-toy","8":"brand-lumo-stars_uk","10":"first","11":"instock","12":"taxable","13":"shipping-taxable","14":"product-type-simple"},"aioseo_notices":[],"_links":{"self":[{"href":"https:\/\/games.tactic.net\/en\/wp-json\/wp\/v2\/product\/723530","targetHints":{"allow":["GET"]}}],"collection":[{"href":"https:\/\/games.tactic.net\/en\/wp-json\/wp\/v2\/product"}],"about":[{"href":"https:\/\/games.tactic.net\/en\/wp-json\/wp\/v2\/types\/product"}],"wp:attachment":[{"href":"https:\/\/games.tactic.net\/en\/wp-json\/wp\/v2\/media?parent=723530"}],"wp:term":[{"taxonomy":"product_brand","embeddable":true,"href":"https:\/\/games.tactic.net\/en\/wp-json\/wp\/v2\/product_brand?post=723530"},{"taxonomy":"product_cat","embeddable":true,"href":"https:\/\/games.tactic.net\/en\/wp-json\/wp\/v2\/product_cat?post=723530"},{"taxonomy":"product_tag","embeddable":true,"href":"https:\/\/games.tactic.net\/en\/wp-json\/wp\/v2\/product_tag?post=723530"},{"taxonomy":"brand","embeddable":true,"href":"https:\/\/games.tactic.net\/en\/wp-json\/wp\/v2\/brand?post=723530"},{"taxonomy":"target-group","embeddable":true,"href":"https:\/\/games.tactic.net\/en\/wp-json\/wp\/v2\/target-group?post=723530"},{"taxonomy":"discontinued","embeddable":true,"href":"https:\/\/games.tactic.net\/en\/wp-json\/wp\/v2\/discontinued?post=723530"}],"curies":[{"name":"wp","href":"https:\/\/api.w.org\/{rel}","templated":true}]}}