{"id":1366951,"date":"2025-05-26T17:18:18","date_gmt":"2025-05-26T14:18:18","guid":{"rendered":"https:\/\/games.tactic.net\/tuote\/tactic-puzzle-lovers-a-little-song-about-the-spruce-500-pcs-puzzle\/"},"modified":"2025-05-26T17:18:18","modified_gmt":"2025-05-26T14:18:18","slug":"tactic-puzzle-lovers-a-little-song-about-the-spruce-500-pcs-puzzle","status":"publish","type":"product","link":"https:\/\/games.tactic.net\/en\/tuote\/tactic-puzzle-lovers-a-little-song-about-the-spruce-500-pcs-puzzle\/","title":{"rendered":"Tactic Puzzle Lovers A Little Song about the Spruce 500 pcs puzzle"},"content":{"rendered":"<p>Tactic Puzzle Lovers A Little Song about the Spruce 500 pcs puzzle. The illustration for this beautiful Christmas puzzle is by artist Rudolf Koivu.<\/p>\n<p>Rudolf Koivu (1890\u20131946)<br \/>\nRudolf Koivu is considered the most significant Finnish children&#8217;s book illustrator. He illustrated stories by Zacharias Topelius, Anni Swan, and Hans Christian Andersen, among others. Today, his works are popular collector&#8217;s items. The Rudolf Koivu Prize is awarded every two years to Finnish illustrators of children&#8217;s books.<br \/>\n\u00a9 Amerin Kulttuuris\u00e4\u00e4ti\u00f6 \/ Rudolf Koivu<\/p>\n<p>Puzzle Lovers 500 is a range of fun puzzles for both beginners and true puzzle lovers. Each puzzle consists of 500 high-quality pieces.<\/p>\n","protected":false},"excerpt":{"rendered":"<p>Tactic Puzzle Lovers A Little Song about the Spruce 500 pcs puzzle. The illustration for this beautiful Christmas puzzle is by artist Rudolf Koivu.<\/p>\n","protected":false},"featured_media":0,"template":"","meta":{"content-type":"","_monsterinsights_skip_tracking":false,"_monsterinsights_sitenote_active":false,"_monsterinsights_sitenote_note":"","_monsterinsights_sitenote_category":0},"product_brand":[],"product_cat":[913],"product_tag":[],"brand":[{"id":598,"name":"PuzzleLovers","slug":"puzzlelovers_en"}],"target-group":[],"discontinued":[],"class_list":{"0":"post-1366951","1":"product","2":"type-product","3":"status-publish","5":"product_cat-500-pcs","6":"brand-puzzlelovers_en","8":"first","9":"instock","10":"taxable","11":"shipping-taxable","12":"product-type-simple"},"aioseo_notices":[],"_links":{"self":[{"href":"https:\/\/games.tactic.net\/en\/wp-json\/wp\/v2\/product\/1366951","targetHints":{"allow":["GET"]}}],"collection":[{"href":"https:\/\/games.tactic.net\/en\/wp-json\/wp\/v2\/product"}],"about":[{"href":"https:\/\/games.tactic.net\/en\/wp-json\/wp\/v2\/types\/product"}],"wp:attachment":[{"href":"https:\/\/games.tactic.net\/en\/wp-json\/wp\/v2\/media?parent=1366951"}],"wp:term":[{"taxonomy":"product_brand","embeddable":true,"href":"https:\/\/games.tactic.net\/en\/wp-json\/wp\/v2\/product_brand?post=1366951"},{"taxonomy":"product_cat","embeddable":true,"href":"https:\/\/games.tactic.net\/en\/wp-json\/wp\/v2\/product_cat?post=1366951"},{"taxonomy":"product_tag","embeddable":true,"href":"https:\/\/games.tactic.net\/en\/wp-json\/wp\/v2\/product_tag?post=1366951"},{"taxonomy":"brand","embeddable":true,"href":"https:\/\/games.tactic.net\/en\/wp-json\/wp\/v2\/brand?post=1366951"},{"taxonomy":"target-group","embeddable":true,"href":"https:\/\/games.tactic.net\/en\/wp-json\/wp\/v2\/target-group?post=1366951"},{"taxonomy":"discontinued","embeddable":true,"href":"https:\/\/games.tactic.net\/en\/wp-json\/wp\/v2\/discontinued?post=1366951"}],"curies":[{"name":"wp","href":"https:\/\/api.w.org\/{rel}","templated":true}]}}