{"id":99580,"date":"2021-06-24T14:27:25","date_gmt":"2021-06-24T11:27:25","guid":{"rendered":"https:\/\/dev.tactic.net\/tuote\/kaelloe-knippla\/"},"modified":"2024-04-29T15:29:28","modified_gmt":"2024-04-29T12:29:28","slug":"kaelloe-knippla","status":"archive","type":"product","link":"https:\/\/games.tactic.net\/de\/tuote\/kaelloe-knippla\/","title":{"rendered":"K\u00e4ll\u00f6-Knippla"},"content":{"rendered":"<p>This island was merged from two smaller islands, K\u00e4ll\u00f6 and Knippla. It\u00b4s more than worth a visit!<\/p>\n","protected":false},"excerpt":{"rendered":"<p>This island was merged from two smaller islands, K\u00e4ll\u00f6 and Knippla. It\u00b4s more than worth a visit!<\/p>\n","protected":false},"featured_media":0,"template":"","meta":{"content-type":"","_monsterinsights_skip_tracking":false,"_monsterinsights_sitenote_active":false,"_monsterinsights_sitenote_note":"","_monsterinsights_sitenote_category":0},"product_brand":[],"product_cat":[1953],"product_tag":[],"brand":[{"id":665,"name":"PuzzleLovers","slug":"puzzlelovers_de"}],"target-group":[],"discontinued":[],"class_list":{"0":"post-99580","1":"product","2":"type-product","3":"status-archive","5":"product_cat-1000-stueck-puzzles-6","6":"brand-puzzlelovers_de","8":"first","9":"outofstock","10":"sale","11":"taxable","12":"shipping-taxable","13":"product-type-simple"},"aioseo_notices":[],"_links":{"self":[{"href":"https:\/\/games.tactic.net\/de\/wp-json\/wp\/v2\/product\/99580","targetHints":{"allow":["GET"]}}],"collection":[{"href":"https:\/\/games.tactic.net\/de\/wp-json\/wp\/v2\/product"}],"about":[{"href":"https:\/\/games.tactic.net\/de\/wp-json\/wp\/v2\/types\/product"}],"wp:attachment":[{"href":"https:\/\/games.tactic.net\/de\/wp-json\/wp\/v2\/media?parent=99580"}],"wp:term":[{"taxonomy":"product_brand","embeddable":true,"href":"https:\/\/games.tactic.net\/de\/wp-json\/wp\/v2\/product_brand?post=99580"},{"taxonomy":"product_cat","embeddable":true,"href":"https:\/\/games.tactic.net\/de\/wp-json\/wp\/v2\/product_cat?post=99580"},{"taxonomy":"product_tag","embeddable":true,"href":"https:\/\/games.tactic.net\/de\/wp-json\/wp\/v2\/product_tag?post=99580"},{"taxonomy":"brand","embeddable":true,"href":"https:\/\/games.tactic.net\/de\/wp-json\/wp\/v2\/brand?post=99580"},{"taxonomy":"target-group","embeddable":true,"href":"https:\/\/games.tactic.net\/de\/wp-json\/wp\/v2\/target-group?post=99580"},{"taxonomy":"discontinued","embeddable":true,"href":"https:\/\/games.tactic.net\/de\/wp-json\/wp\/v2\/discontinued?post=99580"}],"curies":[{"name":"wp","href":"https:\/\/api.w.org\/{rel}","templated":true}]}}