{"id":502455,"date":"2022-02-24T12:09:42","date_gmt":"2022-02-24T10:09:42","guid":{"rendered":"http:\/\/games.tactic.net\/tuote\/veggies-and-berries-strawberry-tilda\/"},"modified":"2025-07-17T14:08:12","modified_gmt":"2025-07-17T11:08:12","slug":"veggies-and-berries-strawberry-tilda","status":"publish","type":"product","link":"https:\/\/games.tactic.net\/de\/tuote\/veggies-and-berries-strawberry-tilda\/","title":{"rendered":"Lumo Stars Veggies and Berries Strawberry Tilda"},"content":{"rendered":"<p>Classic 15 cm. Sammelbares Baby-Tier-Pl\u00fcsch. Fr\u00f6hlich, umarmbar, freundlich, nett und s\u00fc\u00df. Wir l\u00e4cheln mehr! Die niedliche Northern Brights Pl\u00fcschkollektion basiert auf der echten nordischen Natur und Tierwelt. Pures finnisches Design. Ich bin s\u00fc\u00df, oder? Aber du bist der s\u00fc\u00dfeste. Ich h\u00e4tte gerne einen Freund wie dich!<\/p>\n","protected":false},"excerpt":{"rendered":"<p>Classic 15 cm. Sammelbares Baby-Tier-Pl\u00fcsch. Fr\u00f6hlich, umarmbar, freundlich, nett und s\u00fc\u00df. Wir l\u00e4cheln mehr! Die niedliche Northern Brights Pl\u00fcschkollektion basiert auf der echten nordischen Natur und Tierwelt. Pures finnisches Design. Ich bin s\u00fc\u00df, oder? Aber du bist der s\u00fc\u00dfeste. Ich h\u00e4tte gerne einen Freund wie dich!<\/p>\n","protected":false},"featured_media":0,"template":"","meta":{"content-type":"","_monsterinsights_skip_tracking":false,"_monsterinsights_sitenote_active":false,"_monsterinsights_sitenote_note":"","_monsterinsights_sitenote_category":0},"product_brand":[],"product_cat":[1997],"product_tag":[491],"brand":[{"id":1314,"name":"Lumo Stars","slug":"lumo-stars_de"}],"target-group":[],"discontinued":[],"class_list":{"0":"post-502455","1":"product","2":"type-product","3":"status-publish","5":"product_cat-veggies-and-berries-plueschtiere","6":"product_tag-lumo-stars","7":"brand-lumo-stars_de","9":"first","10":"outofstock","11":"taxable","12":"shipping-taxable","13":"product-type-simple"},"aioseo_notices":[],"_links":{"self":[{"href":"https:\/\/games.tactic.net\/de\/wp-json\/wp\/v2\/product\/502455","targetHints":{"allow":["GET"]}}],"collection":[{"href":"https:\/\/games.tactic.net\/de\/wp-json\/wp\/v2\/product"}],"about":[{"href":"https:\/\/games.tactic.net\/de\/wp-json\/wp\/v2\/types\/product"}],"wp:attachment":[{"href":"https:\/\/games.tactic.net\/de\/wp-json\/wp\/v2\/media?parent=502455"}],"wp:term":[{"taxonomy":"product_brand","embeddable":true,"href":"https:\/\/games.tactic.net\/de\/wp-json\/wp\/v2\/product_brand?post=502455"},{"taxonomy":"product_cat","embeddable":true,"href":"https:\/\/games.tactic.net\/de\/wp-json\/wp\/v2\/product_cat?post=502455"},{"taxonomy":"product_tag","embeddable":true,"href":"https:\/\/games.tactic.net\/de\/wp-json\/wp\/v2\/product_tag?post=502455"},{"taxonomy":"brand","embeddable":true,"href":"https:\/\/games.tactic.net\/de\/wp-json\/wp\/v2\/brand?post=502455"},{"taxonomy":"target-group","embeddable":true,"href":"https:\/\/games.tactic.net\/de\/wp-json\/wp\/v2\/target-group?post=502455"},{"taxonomy":"discontinued","embeddable":true,"href":"https:\/\/games.tactic.net\/de\/wp-json\/wp\/v2\/discontinued?post=502455"}],"curies":[{"name":"wp","href":"https:\/\/api.w.org\/{rel}","templated":true}]}}