{"id":502010,"date":"2022-02-24T11:58:59","date_gmt":"2022-02-24T09:58:59","guid":{"rendered":"http:\/\/games.tactic.net\/tuote\/veggies-and-berries-cloudberry-hilla\/"},"modified":"2025-07-17T14:07:15","modified_gmt":"2025-07-17T11:07:15","slug":"veggies-and-berries-cloudberry-hilla","status":"archive","type":"product","link":"https:\/\/games.tactic.net\/de\/tuote\/veggies-and-berries-cloudberry-hilla\/","title":{"rendered":"Lumo Stars Veggies and Berries Cloudberry Hilla"},"content":{"rendered":"<p>Classic 15 cm. Sammelbares Baby-Tier-Pl\u00fcsch. Fr\u00f6hlich, umarmbar, freundlich, nett und s\u00fc\u00df. Wir l\u00e4cheln mehr! Die niedliche Northern Brights Pl\u00fcschkollektion basiert auf der echten nordischen Natur und Tierwelt. Pures finnisches Design. Wussten Sie, dass ich Hilla hei\u00dfe, weil das auf Finnisch Moltebeere bedeutet? Wie hei\u00dft du Schatz? Lass uns nett plaudern und uns Geheimnisse anvertrauen!<\/p>\n","protected":false},"excerpt":{"rendered":"<p>Classic 15 cm. Sammelbares Baby-Tier-Pl\u00fcsch. Fr\u00f6hlich, umarmbar, freundlich, nett und s\u00fc\u00df. Wir l\u00e4cheln mehr! Die niedliche Northern Brights Pl\u00fcschkollektion basiert auf der echten nordischen Natur und Tierwelt. Pures finnisches Design. Wussten Sie, dass ich Hilla hei\u00dfe, weil das auf Finnisch Moltebeere bedeutet? Wie hei\u00dft du Schatz? Lass uns nett plaudern und uns Geheimnisse anvertrauen!<\/p>\n","protected":false},"featured_media":0,"template":"","meta":{"content-type":"","_monsterinsights_skip_tracking":false,"_monsterinsights_sitenote_active":false,"_monsterinsights_sitenote_note":"","_monsterinsights_sitenote_category":0},"product_brand":[],"product_cat":[1997],"product_tag":[491],"brand":[],"target-group":[],"discontinued":[],"class_list":{"0":"post-502010","1":"product","2":"type-product","3":"status-archive","5":"product_cat-veggies-and-berries-plueschtiere","6":"product_tag-lumo-stars","8":"first","9":"outofstock","10":"taxable","11":"shipping-taxable","12":"product-type-simple"},"aioseo_notices":[],"_links":{"self":[{"href":"https:\/\/games.tactic.net\/de\/wp-json\/wp\/v2\/product\/502010","targetHints":{"allow":["GET"]}}],"collection":[{"href":"https:\/\/games.tactic.net\/de\/wp-json\/wp\/v2\/product"}],"about":[{"href":"https:\/\/games.tactic.net\/de\/wp-json\/wp\/v2\/types\/product"}],"wp:attachment":[{"href":"https:\/\/games.tactic.net\/de\/wp-json\/wp\/v2\/media?parent=502010"}],"wp:term":[{"taxonomy":"product_brand","embeddable":true,"href":"https:\/\/games.tactic.net\/de\/wp-json\/wp\/v2\/product_brand?post=502010"},{"taxonomy":"product_cat","embeddable":true,"href":"https:\/\/games.tactic.net\/de\/wp-json\/wp\/v2\/product_cat?post=502010"},{"taxonomy":"product_tag","embeddable":true,"href":"https:\/\/games.tactic.net\/de\/wp-json\/wp\/v2\/product_tag?post=502010"},{"taxonomy":"brand","embeddable":true,"href":"https:\/\/games.tactic.net\/de\/wp-json\/wp\/v2\/brand?post=502010"},{"taxonomy":"target-group","embeddable":true,"href":"https:\/\/games.tactic.net\/de\/wp-json\/wp\/v2\/target-group?post=502010"},{"taxonomy":"discontinued","embeddable":true,"href":"https:\/\/games.tactic.net\/de\/wp-json\/wp\/v2\/discontinued?post=502010"}],"curies":[{"name":"wp","href":"https:\/\/api.w.org\/{rel}","templated":true}]}}