{"id":501451,"date":"2022-02-24T10:58:15","date_gmt":"2022-02-24T08:58:15","guid":{"rendered":"http:\/\/games.tactic.net\/tuote\/veggies-and-berries-cabbage-teikku\/"},"modified":"2022-02-24T10:58:15","modified_gmt":"2022-02-24T08:58:15","slug":"veggies-and-berries-cabbage-teikku","status":"publish","type":"product","link":"https:\/\/games.tactic.net\/de\/tuote\/veggies-and-berries-cabbage-teikku\/","title":{"rendered":"Veggies and Berries Cabbage Teikku"},"content":{"rendered":"<p>Classic 15 cm.<\/p>\n<p>Sammelbares Baby-Tier-Pl\u00fcsch. Fr\u00f6hlich, umarmbar, freundlich, nett und s\u00fc\u00df. Wir l\u00e4cheln mehr! Die niedliche Northern Brights Pl\u00fcschkollektion basiert auf der echten nordischen Natur und Tierwelt. Pures finnisches Design.<\/p>\n<p>Ich bin ein super gesundes und nahrhaftes Gem\u00fcse, das es liebt, freundlich und f\u00fcrsorglich zu sein. Ich m\u00f6chte dein Freund sein und auf dich aufpassen.<\/p>\n","protected":false},"excerpt":{"rendered":"<p>Classic 15 cm. Sammelbares Baby-Tier-Pl\u00fcsch. Fr\u00f6hlich, umarmbar, freundlich, nett und s\u00fc\u00df. Wir l\u00e4cheln mehr! Die niedliche Northern Brights Pl\u00fcschkollektion basiert auf der echten nordischen Natur und Tierwelt. Pures finnisches Design. Ich bin ein super gesundes und nahrhaftes Gem\u00fcse, das es liebt, freundlich und f\u00fcrsorglich zu sein. Ich m\u00f6chte dein Freund sein und auf dich aufpassen.<\/p>\n","protected":false},"featured_media":0,"template":"","meta":{"content-type":"","_monsterinsights_skip_tracking":false,"_monsterinsights_sitenote_active":false,"_monsterinsights_sitenote_note":"","_monsterinsights_sitenote_category":0},"product_brand":[],"product_cat":[1997],"product_tag":[491],"brand":[],"target-group":[],"discontinued":[],"class_list":{"0":"post-501451","1":"product","2":"type-product","3":"status-publish","5":"product_cat-veggies-and-berries-plueschtiere","6":"product_tag-lumo-stars","8":"first","9":"outofstock","10":"taxable","11":"shipping-taxable","12":"product-type-simple"},"aioseo_notices":[],"_links":{"self":[{"href":"https:\/\/games.tactic.net\/de\/wp-json\/wp\/v2\/product\/501451","targetHints":{"allow":["GET"]}}],"collection":[{"href":"https:\/\/games.tactic.net\/de\/wp-json\/wp\/v2\/product"}],"about":[{"href":"https:\/\/games.tactic.net\/de\/wp-json\/wp\/v2\/types\/product"}],"wp:attachment":[{"href":"https:\/\/games.tactic.net\/de\/wp-json\/wp\/v2\/media?parent=501451"}],"wp:term":[{"taxonomy":"product_brand","embeddable":true,"href":"https:\/\/games.tactic.net\/de\/wp-json\/wp\/v2\/product_brand?post=501451"},{"taxonomy":"product_cat","embeddable":true,"href":"https:\/\/games.tactic.net\/de\/wp-json\/wp\/v2\/product_cat?post=501451"},{"taxonomy":"product_tag","embeddable":true,"href":"https:\/\/games.tactic.net\/de\/wp-json\/wp\/v2\/product_tag?post=501451"},{"taxonomy":"brand","embeddable":true,"href":"https:\/\/games.tactic.net\/de\/wp-json\/wp\/v2\/brand?post=501451"},{"taxonomy":"target-group","embeddable":true,"href":"https:\/\/games.tactic.net\/de\/wp-json\/wp\/v2\/target-group?post=501451"},{"taxonomy":"discontinued","embeddable":true,"href":"https:\/\/games.tactic.net\/de\/wp-json\/wp\/v2\/discontinued?post=501451"}],"curies":[{"name":"wp","href":"https:\/\/api.w.org\/{rel}","templated":true}]}}