{"id":500801,"date":"2022-02-24T10:31:25","date_gmt":"2022-02-24T08:31:25","guid":{"rendered":"http:\/\/games.tactic.net\/tuote\/veggies-and-berries-carrot-popsi\/"},"modified":"2025-07-17T14:03:32","modified_gmt":"2025-07-17T11:03:32","slug":"veggies-and-berries-carrot-popsi","status":"archive","type":"product","link":"https:\/\/games.tactic.net\/de\/tuote\/veggies-and-berries-carrot-popsi\/","title":{"rendered":"Lumo Stars Veggies and Berries Carrot Popsi"},"content":{"rendered":"<p>Classic 15 cm. Sammelbares Baby-Tier-Pl\u00fcsch. Fr\u00f6hlich, umarmbar, freundlich, nett und s\u00fc\u00df. Wir l\u00e4cheln mehr! Die niedliche Northern Brights Pl\u00fcschkollektion basiert auf der echten nordischen Natur und Tierwelt. Pures finnisches Design. Hey du, ich kann gut arbeiten und helfen. Wenn Sie also etwas brauchen, bin ich immer f\u00fcr Sie da.<\/p>\n","protected":false},"excerpt":{"rendered":"<p>Classic 15 cm. Sammelbares Baby-Tier-Pl\u00fcsch. Fr\u00f6hlich, umarmbar, freundlich, nett und s\u00fc\u00df. Wir l\u00e4cheln mehr! Die niedliche Northern Brights Pl\u00fcschkollektion basiert auf der echten nordischen Natur und Tierwelt. Pures finnisches Design. Hey du, ich kann gut arbeiten und helfen. Wenn Sie also etwas brauchen, bin ich immer f\u00fcr Sie da.<\/p>\n","protected":false},"featured_media":0,"template":"","meta":{"content-type":"","_monsterinsights_skip_tracking":false,"_monsterinsights_sitenote_active":false,"_monsterinsights_sitenote_note":"","_monsterinsights_sitenote_category":0},"product_brand":[],"product_cat":[1997],"product_tag":[491],"brand":[{"id":1314,"name":"Lumo Stars","slug":"lumo-stars_de"}],"target-group":[],"discontinued":[],"class_list":{"0":"post-500801","1":"product","2":"type-product","3":"status-archive","5":"product_cat-veggies-and-berries-plueschtiere","6":"product_tag-lumo-stars","7":"brand-lumo-stars_de","9":"first","10":"outofstock","11":"taxable","12":"shipping-taxable","13":"product-type-simple"},"aioseo_notices":[],"_links":{"self":[{"href":"https:\/\/games.tactic.net\/de\/wp-json\/wp\/v2\/product\/500801","targetHints":{"allow":["GET"]}}],"collection":[{"href":"https:\/\/games.tactic.net\/de\/wp-json\/wp\/v2\/product"}],"about":[{"href":"https:\/\/games.tactic.net\/de\/wp-json\/wp\/v2\/types\/product"}],"wp:attachment":[{"href":"https:\/\/games.tactic.net\/de\/wp-json\/wp\/v2\/media?parent=500801"}],"wp:term":[{"taxonomy":"product_brand","embeddable":true,"href":"https:\/\/games.tactic.net\/de\/wp-json\/wp\/v2\/product_brand?post=500801"},{"taxonomy":"product_cat","embeddable":true,"href":"https:\/\/games.tactic.net\/de\/wp-json\/wp\/v2\/product_cat?post=500801"},{"taxonomy":"product_tag","embeddable":true,"href":"https:\/\/games.tactic.net\/de\/wp-json\/wp\/v2\/product_tag?post=500801"},{"taxonomy":"brand","embeddable":true,"href":"https:\/\/games.tactic.net\/de\/wp-json\/wp\/v2\/brand?post=500801"},{"taxonomy":"target-group","embeddable":true,"href":"https:\/\/games.tactic.net\/de\/wp-json\/wp\/v2\/target-group?post=500801"},{"taxonomy":"discontinued","embeddable":true,"href":"https:\/\/games.tactic.net\/de\/wp-json\/wp\/v2\/discontinued?post=500801"}],"curies":[{"name":"wp","href":"https:\/\/api.w.org\/{rel}","templated":true}]}}