{"id":498920,"date":"2022-02-23T12:46:32","date_gmt":"2022-02-23T10:46:32","guid":{"rendered":"http:\/\/games.tactic.net\/tuote\/lumo-unicorn-faith-classic\/"},"modified":"2022-02-23T12:46:32","modified_gmt":"2022-02-23T10:46:32","slug":"lumo-unicorn-faith-classic","status":"publish","type":"product","link":"https:\/\/games.tactic.net\/de\/tuote\/lumo-unicorn-faith-classic\/","title":{"rendered":"Lumo Unicorn Faith classic"},"content":{"rendered":"<p>Classic 15 cm.<\/p>\n<p>Sammelbares Baby-Tier-Pl\u00fcsch. Fr\u00f6hlich, umarmbar, freundlich, nett und s\u00fc\u00df. Wir l\u00e4cheln mehr! Die niedliche Northern Brights Pl\u00fcschkollektion basiert auf der echten nordischen Natur und Tierwelt. Pures finnisches Design.<\/p>\n<p>Lass uns zusammen auf ein Abenteuer gehen, ich bin mir sicher, dass wir so viel Spa\u00df zusammen haben w\u00fcrden!<\/p>\n","protected":false},"excerpt":{"rendered":"<p>Classic 15 cm. Sammelbares Baby-Tier-Pl\u00fcsch. Fr\u00f6hlich, umarmbar, freundlich, nett und s\u00fc\u00df. Wir l\u00e4cheln mehr! Die niedliche Northern Brights Pl\u00fcschkollektion basiert auf der echten nordischen Natur und Tierwelt. Pures finnisches Design. Lass uns zusammen auf ein Abenteuer gehen, ich bin mir sicher, dass wir so viel Spa\u00df zusammen haben w\u00fcrden!<\/p>\n","protected":false},"featured_media":0,"template":"","meta":{"content-type":"","_monsterinsights_skip_tracking":false,"_monsterinsights_sitenote_active":false,"_monsterinsights_sitenote_note":"","_monsterinsights_sitenote_category":0},"product_brand":[],"product_cat":[1998],"product_tag":[491],"brand":[{"id":1314,"name":"Lumo Stars","slug":"lumo-stars_de"}],"target-group":[],"discontinued":[],"class_list":{"0":"post-498920","1":"product","2":"type-product","3":"status-publish","5":"product_cat-classic-plueschtiere","6":"product_tag-lumo-stars","7":"brand-lumo-stars_de","9":"first","10":"instock","11":"taxable","12":"shipping-taxable","13":"product-type-simple"},"aioseo_notices":[],"_links":{"self":[{"href":"https:\/\/games.tactic.net\/de\/wp-json\/wp\/v2\/product\/498920","targetHints":{"allow":["GET"]}}],"collection":[{"href":"https:\/\/games.tactic.net\/de\/wp-json\/wp\/v2\/product"}],"about":[{"href":"https:\/\/games.tactic.net\/de\/wp-json\/wp\/v2\/types\/product"}],"wp:attachment":[{"href":"https:\/\/games.tactic.net\/de\/wp-json\/wp\/v2\/media?parent=498920"}],"wp:term":[{"taxonomy":"product_brand","embeddable":true,"href":"https:\/\/games.tactic.net\/de\/wp-json\/wp\/v2\/product_brand?post=498920"},{"taxonomy":"product_cat","embeddable":true,"href":"https:\/\/games.tactic.net\/de\/wp-json\/wp\/v2\/product_cat?post=498920"},{"taxonomy":"product_tag","embeddable":true,"href":"https:\/\/games.tactic.net\/de\/wp-json\/wp\/v2\/product_tag?post=498920"},{"taxonomy":"brand","embeddable":true,"href":"https:\/\/games.tactic.net\/de\/wp-json\/wp\/v2\/brand?post=498920"},{"taxonomy":"target-group","embeddable":true,"href":"https:\/\/games.tactic.net\/de\/wp-json\/wp\/v2\/target-group?post=498920"},{"taxonomy":"discontinued","embeddable":true,"href":"https:\/\/games.tactic.net\/de\/wp-json\/wp\/v2\/discontinued?post=498920"}],"curies":[{"name":"wp","href":"https:\/\/api.w.org\/{rel}","templated":true}]}}