{"id":496160,"date":"2022-02-22T14:28:24","date_gmt":"2022-02-22T12:28:24","guid":{"rendered":"http:\/\/games.tactic.net\/tuote\/lumo-owl-stella-classic\/"},"modified":"2022-02-22T14:28:24","modified_gmt":"2022-02-22T12:28:24","slug":"lumo-owl-stella-classic","status":"publish","type":"product","link":"https:\/\/games.tactic.net\/de\/tuote\/lumo-owl-stella-classic\/","title":{"rendered":"Lumo Owl Stella classic"},"content":{"rendered":"<p>Classic 15 cm.<\/p>\n<p>Sammelbares Baby-Tier-Pl\u00fcsch. Fr\u00f6hlich, umarmbar, freundlich, nett und s\u00fc\u00df. Wir l\u00e4cheln mehr! Die niedliche Northern Brights Pl\u00fcschkollektion basiert auf der echten nordischen Natur und Tierwelt. Pures finnisches Design.<\/p>\n<p>Ich liebe es, nachts Sterne zu beobachten. Mein Name &#8222;Stella&#8220; bedeutet auch Stern.<\/p>\n","protected":false},"excerpt":{"rendered":"<p>Classic 15 cm. Sammelbares Baby-Tier-Pl\u00fcsch. Fr\u00f6hlich, umarmbar, freundlich, nett und s\u00fc\u00df. Wir l\u00e4cheln mehr! Die niedliche Northern Brights Pl\u00fcschkollektion basiert auf der echten nordischen Natur und Tierwelt. Pures finnisches Design. Ich liebe es, nachts Sterne zu beobachten. Mein Name &#8222;Stella&#8220; bedeutet auch Stern.<\/p>\n","protected":false},"featured_media":0,"template":"","meta":{"content-type":"","_monsterinsights_skip_tracking":false,"_monsterinsights_sitenote_active":false,"_monsterinsights_sitenote_note":"","_monsterinsights_sitenote_category":0},"product_brand":[],"product_cat":[1998],"product_tag":[491],"brand":[{"id":1314,"name":"Lumo Stars","slug":"lumo-stars_de"}],"target-group":[],"discontinued":[],"class_list":{"0":"post-496160","1":"product","2":"type-product","3":"status-publish","5":"product_cat-classic-plueschtiere","6":"product_tag-lumo-stars","7":"brand-lumo-stars_de","9":"first","10":"instock","11":"taxable","12":"shipping-taxable","13":"product-type-simple"},"aioseo_notices":[],"_links":{"self":[{"href":"https:\/\/games.tactic.net\/de\/wp-json\/wp\/v2\/product\/496160","targetHints":{"allow":["GET"]}}],"collection":[{"href":"https:\/\/games.tactic.net\/de\/wp-json\/wp\/v2\/product"}],"about":[{"href":"https:\/\/games.tactic.net\/de\/wp-json\/wp\/v2\/types\/product"}],"wp:attachment":[{"href":"https:\/\/games.tactic.net\/de\/wp-json\/wp\/v2\/media?parent=496160"}],"wp:term":[{"taxonomy":"product_brand","embeddable":true,"href":"https:\/\/games.tactic.net\/de\/wp-json\/wp\/v2\/product_brand?post=496160"},{"taxonomy":"product_cat","embeddable":true,"href":"https:\/\/games.tactic.net\/de\/wp-json\/wp\/v2\/product_cat?post=496160"},{"taxonomy":"product_tag","embeddable":true,"href":"https:\/\/games.tactic.net\/de\/wp-json\/wp\/v2\/product_tag?post=496160"},{"taxonomy":"brand","embeddable":true,"href":"https:\/\/games.tactic.net\/de\/wp-json\/wp\/v2\/brand?post=496160"},{"taxonomy":"target-group","embeddable":true,"href":"https:\/\/games.tactic.net\/de\/wp-json\/wp\/v2\/target-group?post=496160"},{"taxonomy":"discontinued","embeddable":true,"href":"https:\/\/games.tactic.net\/de\/wp-json\/wp\/v2\/discontinued?post=496160"}],"curies":[{"name":"wp","href":"https:\/\/api.w.org\/{rel}","templated":true}]}}