{"id":486854,"date":"2022-02-11T10:44:25","date_gmt":"2022-02-11T08:44:25","guid":{"rendered":"https:\/\/games.tactic.net\/tuote\/lumo-stars-racers-speedy\/"},"modified":"2022-02-11T10:44:25","modified_gmt":"2022-02-11T08:44:25","slug":"lumo-stars-racers-speedy","status":"publish","type":"product","link":"https:\/\/games.tactic.net\/de\/tuote\/lumo-stars-racers-speedy\/","title":{"rendered":"Lumo Stars Racers Speedy"},"content":{"rendered":"<p>Gr\u00f6\u00dfe 20 cm.<\/p>\n<p>Pl\u00fcschautos von Lumo Stars rauschen mitten ins Herz! Wunderbar weiche Autos eignen sich f\u00fcr die Spiele der Geschwindigkeitsmonster jeden Alters.<\/p>\n<p>\u201eSchnell ist mein zweiter Name, mein Vorname, Speedy. Du kannst dir nicht vorstellen, wie schnell ich sein kann!\u201c<\/p>\n","protected":false},"excerpt":{"rendered":"<p>Gr\u00f6\u00dfe 20 cm. Pl\u00fcschautos von Lumo Stars rauschen mitten ins Herz! Wunderbar weiche Autos eignen sich f\u00fcr die Spiele der Geschwindigkeitsmonster jeden Alters. \u201eSchnell ist mein zweiter Name, mein Vorname, Speedy. Du kannst dir nicht vorstellen, wie schnell ich sein kann!\u201c<\/p>\n","protected":false},"featured_media":0,"template":"","meta":{"content-type":"","_monsterinsights_skip_tracking":false,"_monsterinsights_sitenote_active":false,"_monsterinsights_sitenote_note":"","_monsterinsights_sitenote_category":0},"product_brand":[],"product_cat":[2005],"product_tag":[],"brand":[{"id":1314,"name":"Lumo Stars","slug":"lumo-stars_de"}],"target-group":[],"discontinued":[],"class_list":{"0":"post-486854","1":"product","2":"type-product","3":"status-publish","5":"product_cat-racers-plueschtiere","6":"brand-lumo-stars_de","8":"first","9":"instock","10":"taxable","11":"shipping-taxable","12":"product-type-simple"},"aioseo_notices":[],"_links":{"self":[{"href":"https:\/\/games.tactic.net\/de\/wp-json\/wp\/v2\/product\/486854","targetHints":{"allow":["GET"]}}],"collection":[{"href":"https:\/\/games.tactic.net\/de\/wp-json\/wp\/v2\/product"}],"about":[{"href":"https:\/\/games.tactic.net\/de\/wp-json\/wp\/v2\/types\/product"}],"wp:attachment":[{"href":"https:\/\/games.tactic.net\/de\/wp-json\/wp\/v2\/media?parent=486854"}],"wp:term":[{"taxonomy":"product_brand","embeddable":true,"href":"https:\/\/games.tactic.net\/de\/wp-json\/wp\/v2\/product_brand?post=486854"},{"taxonomy":"product_cat","embeddable":true,"href":"https:\/\/games.tactic.net\/de\/wp-json\/wp\/v2\/product_cat?post=486854"},{"taxonomy":"product_tag","embeddable":true,"href":"https:\/\/games.tactic.net\/de\/wp-json\/wp\/v2\/product_tag?post=486854"},{"taxonomy":"brand","embeddable":true,"href":"https:\/\/games.tactic.net\/de\/wp-json\/wp\/v2\/brand?post=486854"},{"taxonomy":"target-group","embeddable":true,"href":"https:\/\/games.tactic.net\/de\/wp-json\/wp\/v2\/target-group?post=486854"},{"taxonomy":"discontinued","embeddable":true,"href":"https:\/\/games.tactic.net\/de\/wp-json\/wp\/v2\/discontinued?post=486854"}],"curies":[{"name":"wp","href":"https:\/\/api.w.org\/{rel}","templated":true}]}}