{"id":486484,"date":"2022-02-11T10:37:41","date_gmt":"2022-02-11T08:37:41","guid":{"rendered":"https:\/\/games.tactic.net\/tuote\/lumo-dog-wuff-huge\/"},"modified":"2022-02-11T10:41:08","modified_gmt":"2022-02-11T08:41:08","slug":"lumo-dog-wuff-huge","status":"publish","type":"product","link":"https:\/\/games.tactic.net\/de\/tuote\/lumo-dog-wuff-huge\/","title":{"rendered":"Lumo Dog Wuff Huge"},"content":{"rendered":"<p>Dog Wuff ist 42 cm.<\/p>\n<p>Lumo Stars sind die weichsten und sch\u00f6nsten Pl\u00fcschkuscheltiere mit gro\u00dfen, s\u00fc\u00df aussehenden Augen. Es sind viele verschiedene Typen erh\u00e4ltlich. Sammle sie alle.<\/p>\n<p>Lade die App auf lumostars.com herunter, k\u00fcmmere dich um deinen eigenen Lumo Star-Freund und spiele mit ihm! *Waf, Waf* Wirf einen Stock und ich zeige dir, was ich kann. Es gibt keinen Welpen, der so weich und s\u00fc\u00df ist wie ich.<\/p>\n<p>Lieblingsessen: Ein sch\u00f6ner Knochen und Eis<\/p>\n<p>Lieblingsbesch\u00e4ftigung: F\u00fcr etwas Leckeres tue ich alles!<\/p>\n<p>Geburtstag: 26.8<\/p>\n<p>Gut zu wissen: Hunde gibt es in allen Teilen der Welt. Sie sind soziale Tiere und sie m\u00f6gen es, unter Menschen zu sein.<\/p>\n","protected":false},"excerpt":{"rendered":"<p>Dog Wuff ist 42 cm. Lumo Stars sind die weichsten und sch\u00f6nsten Pl\u00fcschkuscheltiere mit gro\u00dfen, s\u00fc\u00df aussehenden Augen. Es sind viele verschiedene Typen erh\u00e4ltlich. Sammle sie alle. Lade die App auf lumostars.com herunter, k\u00fcmmere dich um deinen eigenen Lumo Star-Freund und spiele mit ihm! *Waf, Waf* Wirf einen Stock und ich zeige dir, was ich [&hellip;]<\/p>\n","protected":false},"featured_media":0,"template":"","meta":{"content-type":"","_monsterinsights_skip_tracking":false,"_monsterinsights_sitenote_active":false,"_monsterinsights_sitenote_note":"","_monsterinsights_sitenote_category":0},"product_brand":[],"product_cat":[2003],"product_tag":[],"brand":[{"id":1314,"name":"Lumo Stars","slug":"lumo-stars_de"}],"target-group":[],"discontinued":[],"class_list":{"0":"post-486484","1":"product","2":"type-product","3":"status-publish","5":"product_cat-huge-plueschtiere","6":"brand-lumo-stars_de","8":"first","9":"instock","10":"taxable","11":"shipping-taxable","12":"product-type-simple"},"aioseo_notices":[],"_links":{"self":[{"href":"https:\/\/games.tactic.net\/de\/wp-json\/wp\/v2\/product\/486484","targetHints":{"allow":["GET"]}}],"collection":[{"href":"https:\/\/games.tactic.net\/de\/wp-json\/wp\/v2\/product"}],"about":[{"href":"https:\/\/games.tactic.net\/de\/wp-json\/wp\/v2\/types\/product"}],"wp:attachment":[{"href":"https:\/\/games.tactic.net\/de\/wp-json\/wp\/v2\/media?parent=486484"}],"wp:term":[{"taxonomy":"product_brand","embeddable":true,"href":"https:\/\/games.tactic.net\/de\/wp-json\/wp\/v2\/product_brand?post=486484"},{"taxonomy":"product_cat","embeddable":true,"href":"https:\/\/games.tactic.net\/de\/wp-json\/wp\/v2\/product_cat?post=486484"},{"taxonomy":"product_tag","embeddable":true,"href":"https:\/\/games.tactic.net\/de\/wp-json\/wp\/v2\/product_tag?post=486484"},{"taxonomy":"brand","embeddable":true,"href":"https:\/\/games.tactic.net\/de\/wp-json\/wp\/v2\/brand?post=486484"},{"taxonomy":"target-group","embeddable":true,"href":"https:\/\/games.tactic.net\/de\/wp-json\/wp\/v2\/target-group?post=486484"},{"taxonomy":"discontinued","embeddable":true,"href":"https:\/\/games.tactic.net\/de\/wp-json\/wp\/v2\/discontinued?post=486484"}],"curies":[{"name":"wp","href":"https:\/\/api.w.org\/{rel}","templated":true}]}}