{"id":484729,"date":"2022-02-09T16:12:18","date_gmt":"2022-02-09T14:12:18","guid":{"rendered":"https:\/\/games.tactic.net\/tuote\/lumo-stars-baby-blanket-velvet\/"},"modified":"2022-02-09T16:12:18","modified_gmt":"2022-02-09T14:12:18","slug":"lumo-stars-baby-blanket-velvet","status":"publish","type":"product","link":"https:\/\/games.tactic.net\/de\/tuote\/lumo-stars-baby-blanket-velvet\/","title":{"rendered":"Lumo Stars Baby blanket Velvet"},"content":{"rendered":"<p>Lumo Stars Babydecken sind bezaubernd s\u00fc\u00df und wunderbar weich. Sie sind perfekt und sicher f\u00fcr Babys.<\/p>\n<p>Gr\u00f6\u00dfe 30 x 20 cm<\/p>\n<p><a href=\"http:\/\/www.lumostars.com\/\" target=\"blank\" rel=\"noopener\">www.lumostars.com<\/a><\/p>\n","protected":false},"excerpt":{"rendered":"<p>Lumo Stars Babydecken sind bezaubernd s\u00fc\u00df und wunderbar weich. Sie sind perfekt und sicher f\u00fcr Babys. Gr\u00f6\u00dfe 30 x 20 cm www.lumostars.com<\/p>\n","protected":false},"featured_media":0,"template":"","meta":{"content-type":"","_monsterinsights_skip_tracking":false,"_monsterinsights_sitenote_active":false,"_monsterinsights_sitenote_note":"","_monsterinsights_sitenote_category":0},"product_brand":[],"product_cat":[2001],"product_tag":[491],"brand":[{"id":1314,"name":"Lumo Stars","slug":"lumo-stars_de"}],"target-group":[],"discontinued":[],"class_list":{"0":"post-484729","1":"product","2":"type-product","3":"status-publish","5":"product_cat-baby-line-plueschtiere","6":"product_tag-lumo-stars","7":"brand-lumo-stars_de","9":"first","10":"instock","11":"taxable","12":"shipping-taxable","13":"product-type-simple"},"aioseo_notices":[],"_links":{"self":[{"href":"https:\/\/games.tactic.net\/de\/wp-json\/wp\/v2\/product\/484729","targetHints":{"allow":["GET"]}}],"collection":[{"href":"https:\/\/games.tactic.net\/de\/wp-json\/wp\/v2\/product"}],"about":[{"href":"https:\/\/games.tactic.net\/de\/wp-json\/wp\/v2\/types\/product"}],"wp:attachment":[{"href":"https:\/\/games.tactic.net\/de\/wp-json\/wp\/v2\/media?parent=484729"}],"wp:term":[{"taxonomy":"product_brand","embeddable":true,"href":"https:\/\/games.tactic.net\/de\/wp-json\/wp\/v2\/product_brand?post=484729"},{"taxonomy":"product_cat","embeddable":true,"href":"https:\/\/games.tactic.net\/de\/wp-json\/wp\/v2\/product_cat?post=484729"},{"taxonomy":"product_tag","embeddable":true,"href":"https:\/\/games.tactic.net\/de\/wp-json\/wp\/v2\/product_tag?post=484729"},{"taxonomy":"brand","embeddable":true,"href":"https:\/\/games.tactic.net\/de\/wp-json\/wp\/v2\/brand?post=484729"},{"taxonomy":"target-group","embeddable":true,"href":"https:\/\/games.tactic.net\/de\/wp-json\/wp\/v2\/target-group?post=484729"},{"taxonomy":"discontinued","embeddable":true,"href":"https:\/\/games.tactic.net\/de\/wp-json\/wp\/v2\/discontinued?post=484729"}],"curies":[{"name":"wp","href":"https:\/\/api.w.org\/{rel}","templated":true}]}}