{"id":484412,"date":"2022-02-09T15:13:21","date_gmt":"2022-02-09T13:13:21","guid":{"rendered":"https:\/\/games.tactic.net\/tuote\/veggies-and-berries-moerri\/"},"modified":"2025-07-17T14:08:59","modified_gmt":"2025-07-17T11:08:59","slug":"veggies-and-berries-moerri","status":"archive","type":"product","link":"https:\/\/games.tactic.net\/de\/tuote\/veggies-and-berries-moerri\/","title":{"rendered":"Lumo Stars Veggies and Berries M\u00f6rri"},"content":{"rendered":"<p>Fr\u00f6hliche, kuschelige, freundliche, freundliche und s\u00fc\u00dfe Kuscheltiere. Sammeln Sie alle und l\u00e4cheln Sie mehr! Die s\u00fc\u00dfen Kuscheltiere der Northern Brights-Kollektion sind Vorbildern aus der Tierwelt der nordischen Natur nachempfunden. Echtes finnisches Design. Auch wenn ich nicht essbar bin, kann ich ein lebenslanger Freund sein, der gerne Witze macht und Spa\u00df mit dir hat.<\/p>\n","protected":false},"excerpt":{"rendered":"<p>Fr\u00f6hliche, kuschelige, freundliche, freundliche und s\u00fc\u00dfe Kuscheltiere. Sammeln Sie alle und l\u00e4cheln Sie mehr! Die s\u00fc\u00dfen Kuscheltiere der Northern Brights-Kollektion sind Vorbildern aus der Tierwelt der nordischen Natur nachempfunden. Echtes finnisches Design. Auch wenn ich nicht essbar bin, kann ich ein lebenslanger Freund sein, der gerne Witze macht und Spa\u00df mit dir hat.<\/p>\n","protected":false},"featured_media":0,"template":"","meta":{"content-type":"","_monsterinsights_skip_tracking":false,"_monsterinsights_sitenote_active":false,"_monsterinsights_sitenote_note":"","_monsterinsights_sitenote_category":0},"product_brand":[],"product_cat":[1997],"product_tag":[491],"brand":[{"id":1314,"name":"Lumo Stars","slug":"lumo-stars_de"}],"target-group":[],"discontinued":[],"class_list":{"0":"post-484412","1":"product","2":"type-product","3":"status-archive","5":"product_cat-veggies-and-berries-plueschtiere","6":"product_tag-lumo-stars","7":"brand-lumo-stars_de","9":"first","10":"outofstock","11":"taxable","12":"shipping-taxable","13":"product-type-simple"},"aioseo_notices":[],"_links":{"self":[{"href":"https:\/\/games.tactic.net\/de\/wp-json\/wp\/v2\/product\/484412","targetHints":{"allow":["GET"]}}],"collection":[{"href":"https:\/\/games.tactic.net\/de\/wp-json\/wp\/v2\/product"}],"about":[{"href":"https:\/\/games.tactic.net\/de\/wp-json\/wp\/v2\/types\/product"}],"wp:attachment":[{"href":"https:\/\/games.tactic.net\/de\/wp-json\/wp\/v2\/media?parent=484412"}],"wp:term":[{"taxonomy":"product_brand","embeddable":true,"href":"https:\/\/games.tactic.net\/de\/wp-json\/wp\/v2\/product_brand?post=484412"},{"taxonomy":"product_cat","embeddable":true,"href":"https:\/\/games.tactic.net\/de\/wp-json\/wp\/v2\/product_cat?post=484412"},{"taxonomy":"product_tag","embeddable":true,"href":"https:\/\/games.tactic.net\/de\/wp-json\/wp\/v2\/product_tag?post=484412"},{"taxonomy":"brand","embeddable":true,"href":"https:\/\/games.tactic.net\/de\/wp-json\/wp\/v2\/brand?post=484412"},{"taxonomy":"target-group","embeddable":true,"href":"https:\/\/games.tactic.net\/de\/wp-json\/wp\/v2\/target-group?post=484412"},{"taxonomy":"discontinued","embeddable":true,"href":"https:\/\/games.tactic.net\/de\/wp-json\/wp\/v2\/discontinued?post=484412"}],"curies":[{"name":"wp","href":"https:\/\/api.w.org\/{rel}","templated":true}]}}