{"id":483775,"date":"2022-02-09T14:19:55","date_gmt":"2022-02-09T12:19:55","guid":{"rendered":"https:\/\/games.tactic.net\/tuote\/trendy-tower\/"},"modified":"2023-09-20T15:53:51","modified_gmt":"2023-09-20T12:53:51","slug":"trendy-tower","status":"publish","type":"product","link":"https:\/\/games.tactic.net\/de\/tuote\/trendy-tower\/","title":{"rendered":"Trendy Tower"},"content":{"rendered":"<p>Lass den Turm nicht einst\u00fcrzen! In diesem Spiel ziehen die Spieler vorsichtig Bl\u00f6cke aus dem Turm und platzieren sie auf der Spitze, aber es gibt eine bunte Drehung! Der W\u00fcrfel sagt dir, welchen Farbblock du bewegen musst. Halten Sie Ihre H\u00e4nde ruhig und Ihren Kopf k\u00fchl, oder Sie bringen den Turm vielleicht zum Einsturz! &#8211; Ein beliebter Klassiker mit einem farbenfrohen Twist! &#8211; Perfekt zum Erlernen der Farberkennung und des r\u00e4umlichen Bewusstseins. &#8211; Alle Spielteile aus Holz!<\/p>\n","protected":false},"excerpt":{"rendered":"<p>Lass den Turm nicht einst\u00fcrzen! In diesem Spiel ziehen die Spieler vorsichtig Bl\u00f6cke aus dem Turm und platzieren sie auf der Spitze, aber es gibt eine bunte Drehung! Der W\u00fcrfel sagt dir, welchen Farbblock du bewegen musst. Halten Sie Ihre H\u00e4nde ruhig und Ihren Kopf k\u00fchl, oder Sie bringen den Turm vielleicht zum Einsturz! &#8211; [&hellip;]<\/p>\n","protected":false},"featured_media":0,"template":"","meta":{"content-type":"","_monsterinsights_skip_tracking":false,"_monsterinsights_sitenote_active":false,"_monsterinsights_sitenote_note":"","_monsterinsights_sitenote_category":0},"product_brand":[],"product_cat":[1966,1967],"product_tag":[1968,1969],"brand":[],"target-group":[],"discontinued":[],"class_list":{"0":"post-483775","1":"product","2":"type-product","3":"status-publish","5":"product_cat-klassiker-spiele-fuer-familien","6":"product_cat-klassiker-spiele-fuer-erwachsene","7":"product_tag-fertigkeit","8":"product_tag-zeitvertreib","10":"first","11":"instock","12":"taxable","13":"shipping-taxable","14":"product-type-simple"},"aioseo_notices":[],"_links":{"self":[{"href":"https:\/\/games.tactic.net\/de\/wp-json\/wp\/v2\/product\/483775","targetHints":{"allow":["GET"]}}],"collection":[{"href":"https:\/\/games.tactic.net\/de\/wp-json\/wp\/v2\/product"}],"about":[{"href":"https:\/\/games.tactic.net\/de\/wp-json\/wp\/v2\/types\/product"}],"wp:attachment":[{"href":"https:\/\/games.tactic.net\/de\/wp-json\/wp\/v2\/media?parent=483775"}],"wp:term":[{"taxonomy":"product_brand","embeddable":true,"href":"https:\/\/games.tactic.net\/de\/wp-json\/wp\/v2\/product_brand?post=483775"},{"taxonomy":"product_cat","embeddable":true,"href":"https:\/\/games.tactic.net\/de\/wp-json\/wp\/v2\/product_cat?post=483775"},{"taxonomy":"product_tag","embeddable":true,"href":"https:\/\/games.tactic.net\/de\/wp-json\/wp\/v2\/product_tag?post=483775"},{"taxonomy":"brand","embeddable":true,"href":"https:\/\/games.tactic.net\/de\/wp-json\/wp\/v2\/brand?post=483775"},{"taxonomy":"target-group","embeddable":true,"href":"https:\/\/games.tactic.net\/de\/wp-json\/wp\/v2\/target-group?post=483775"},{"taxonomy":"discontinued","embeddable":true,"href":"https:\/\/games.tactic.net\/de\/wp-json\/wp\/v2\/discontinued?post=483775"}],"curies":[{"name":"wp","href":"https:\/\/api.w.org\/{rel}","templated":true}]}}