{"id":483082,"date":"2022-02-09T13:59:38","date_gmt":"2022-02-09T11:59:38","guid":{"rendered":"https:\/\/games.tactic.net\/tuote\/moelkky-original\/"},"modified":"2022-10-27T11:49:05","modified_gmt":"2022-10-27T08:49:05","slug":"moelkky-original","status":"publish","type":"product","link":"https:\/\/games.tactic.net\/de\/tuote\/moelkky-original\/","title":{"rendered":"M\u00f6lkky Original"},"content":{"rendered":"<p>lanen Sie Ihren Wurf bei jedem Spiel im Freien mit einem Unterschied. Jeder Kegel punktet ein wenig\u2026 Aber je mehr Sie punkten, desto weiter gehen die Kegel auseinander!<\/p>\n<p><\/p>\n<p>Molkky ist wundersch\u00f6n aus echtem Holz gefertigt und ein einfaches und \u00e4u\u00dferst beliebtes Familienspiel. Stellen Sie die Kegel auf \u2026 Zielen Sie und werfen Sie die Kegel: Erreichen Sie 50 Punkte, um zu gewinnen! Wenn Sie MEHR als 50 Punkte erzielen, sinkt Ihr Gesamtwert auf 25. Perfekt f\u00fcr Str\u00e4nde, Parks, Picknicks, Spielpl\u00e4tze und G\u00e4rten. 2+ Spieler; Alter 6+.<\/p>\n","protected":false},"excerpt":{"rendered":"<p>lanen Sie Ihren Wurf bei jedem Spiel im Freien mit einem Unterschied. Jeder Kegel punktet ein wenig\u2026 Aber je mehr Sie punkten, desto weiter gehen die Kegel auseinander! Molkky ist wundersch\u00f6n aus echtem Holz gefertigt und ein einfaches und \u00e4u\u00dferst beliebtes Familienspiel. Stellen Sie die Kegel auf \u2026 Zielen Sie und werfen Sie die Kegel: [&hellip;]<\/p>\n","protected":false},"featured_media":0,"template":"","meta":{"content-type":"","_monsterinsights_skip_tracking":false,"_monsterinsights_sitenote_active":false,"_monsterinsights_sitenote_note":"","_monsterinsights_sitenote_category":0},"product_brand":[],"product_cat":[1973],"product_tag":[1968,895],"brand":[{"id":1974,"name":"M\u00f6lkky","slug":"molkky_de"}],"target-group":[],"discontinued":[],"class_list":{"0":"post-483082","1":"product","2":"type-product","3":"status-publish","5":"product_cat-spiele","6":"product_tag-fertigkeit","7":"product_tag-taktik","8":"brand-molkky_de","10":"first","11":"outofstock","12":"taxable","13":"shipping-taxable","14":"product-type-simple"},"aioseo_notices":[],"_links":{"self":[{"href":"https:\/\/games.tactic.net\/de\/wp-json\/wp\/v2\/product\/483082","targetHints":{"allow":["GET"]}}],"collection":[{"href":"https:\/\/games.tactic.net\/de\/wp-json\/wp\/v2\/product"}],"about":[{"href":"https:\/\/games.tactic.net\/de\/wp-json\/wp\/v2\/types\/product"}],"wp:attachment":[{"href":"https:\/\/games.tactic.net\/de\/wp-json\/wp\/v2\/media?parent=483082"}],"wp:term":[{"taxonomy":"product_brand","embeddable":true,"href":"https:\/\/games.tactic.net\/de\/wp-json\/wp\/v2\/product_brand?post=483082"},{"taxonomy":"product_cat","embeddable":true,"href":"https:\/\/games.tactic.net\/de\/wp-json\/wp\/v2\/product_cat?post=483082"},{"taxonomy":"product_tag","embeddable":true,"href":"https:\/\/games.tactic.net\/de\/wp-json\/wp\/v2\/product_tag?post=483082"},{"taxonomy":"brand","embeddable":true,"href":"https:\/\/games.tactic.net\/de\/wp-json\/wp\/v2\/brand?post=483082"},{"taxonomy":"target-group","embeddable":true,"href":"https:\/\/games.tactic.net\/de\/wp-json\/wp\/v2\/target-group?post=483082"},{"taxonomy":"discontinued","embeddable":true,"href":"https:\/\/games.tactic.net\/de\/wp-json\/wp\/v2\/discontinued?post=483082"}],"curies":[{"name":"wp","href":"https:\/\/api.w.org\/{rel}","templated":true}]}}