{"id":482783,"date":"2022-02-09T13:56:29","date_gmt":"2022-02-09T11:56:29","guid":{"rendered":"https:\/\/games.tactic.net\/tuote\/trendy-mikado\/"},"modified":"2025-11-19T14:59:42","modified_gmt":"2025-11-19T12:59:42","slug":"trendy-mikado","status":"archive","type":"product","link":"https:\/\/games.tactic.net\/de\/tuote\/trendy-mikado\/","title":{"rendered":"Trendy Mikado"},"content":{"rendered":"<p>-Entwickelt motorische F\u00e4higkeiten und r\u00e4umliches Denken. -Spa\u00df und Herausforderung. -Die Wertung ist sehr einfach.<\/p>\n","protected":false},"excerpt":{"rendered":"<p>-Entwickelt motorische F\u00e4higkeiten und r\u00e4umliches Denken. -Spa\u00df und Herausforderung. -Die Wertung ist sehr einfach.<\/p>\n","protected":false},"featured_media":0,"template":"","meta":{"content-type":"","_monsterinsights_skip_tracking":false,"_monsterinsights_sitenote_active":false,"_monsterinsights_sitenote_note":"","_monsterinsights_sitenote_category":0},"product_brand":[],"product_cat":[1966,1967],"product_tag":[1969],"brand":[],"target-group":[],"discontinued":[],"class_list":{"0":"post-482783","1":"product","2":"type-product","3":"status-archive","5":"product_cat-klassiker-spiele-fuer-familien","6":"product_cat-klassiker-spiele-fuer-erwachsene","7":"product_tag-zeitvertreib","9":"first","10":"outofstock","11":"taxable","12":"shipping-taxable","13":"product-type-simple"},"aioseo_notices":[],"_links":{"self":[{"href":"https:\/\/games.tactic.net\/de\/wp-json\/wp\/v2\/product\/482783","targetHints":{"allow":["GET"]}}],"collection":[{"href":"https:\/\/games.tactic.net\/de\/wp-json\/wp\/v2\/product"}],"about":[{"href":"https:\/\/games.tactic.net\/de\/wp-json\/wp\/v2\/types\/product"}],"wp:attachment":[{"href":"https:\/\/games.tactic.net\/de\/wp-json\/wp\/v2\/media?parent=482783"}],"wp:term":[{"taxonomy":"product_brand","embeddable":true,"href":"https:\/\/games.tactic.net\/de\/wp-json\/wp\/v2\/product_brand?post=482783"},{"taxonomy":"product_cat","embeddable":true,"href":"https:\/\/games.tactic.net\/de\/wp-json\/wp\/v2\/product_cat?post=482783"},{"taxonomy":"product_tag","embeddable":true,"href":"https:\/\/games.tactic.net\/de\/wp-json\/wp\/v2\/product_tag?post=482783"},{"taxonomy":"brand","embeddable":true,"href":"https:\/\/games.tactic.net\/de\/wp-json\/wp\/v2\/brand?post=482783"},{"taxonomy":"target-group","embeddable":true,"href":"https:\/\/games.tactic.net\/de\/wp-json\/wp\/v2\/target-group?post=482783"},{"taxonomy":"discontinued","embeddable":true,"href":"https:\/\/games.tactic.net\/de\/wp-json\/wp\/v2\/discontinued?post=482783"}],"curies":[{"name":"wp","href":"https:\/\/api.w.org\/{rel}","templated":true}]}}