{"id":481750,"date":"2022-02-09T13:42:20","date_gmt":"2022-02-09T11:42:20","guid":{"rendered":"https:\/\/games.tactic.net\/tuote\/trendy-yatzy\/"},"modified":"2022-02-09T13:42:20","modified_gmt":"2022-02-09T11:42:20","slug":"trendy-yatzy","status":"publish","type":"product","link":"https:\/\/games.tactic.net\/de\/tuote\/trendy-yatzy\/","title":{"rendered":"Trendy Yatzy"},"content":{"rendered":"<p>Wenn Ihrer Spielesammlung ein zeitloser und stilvoller Klassiker fehlt, auf den Sie immer wieder zur\u00fcckkommen, suchen Sie nach Yatzy. In jeder Runde haben die Spieler drei Chancen, mit den f\u00fcnf W\u00fcrfeln verschiedene Kombinationen zu w\u00fcrfeln und die besten Punkte zu sammeln. Um bei Yatzy zu gewinnen, braucht man Gl\u00fcck und eine Prise Strategie, und ein Spiel f\u00fchrt immer zum anderen. Und ein anderer&#8230;<\/p>\n","protected":false},"excerpt":{"rendered":"<p>Wenn Ihrer Spielesammlung ein zeitloser und stilvoller Klassiker fehlt, auf den Sie immer wieder zur\u00fcckkommen, suchen Sie nach Yatzy. In jeder Runde haben die Spieler drei Chancen, mit den f\u00fcnf W\u00fcrfeln verschiedene Kombinationen zu w\u00fcrfeln und die besten Punkte zu sammeln. Um bei Yatzy zu gewinnen, braucht man Gl\u00fcck und eine Prise Strategie, und ein [&hellip;]<\/p>\n","protected":false},"featured_media":0,"template":"","meta":{"content-type":"","_monsterinsights_skip_tracking":false,"_monsterinsights_sitenote_active":false,"_monsterinsights_sitenote_note":"","_monsterinsights_sitenote_category":0},"product_brand":[],"product_cat":[1976,1977],"product_tag":[1965,1978],"brand":[],"target-group":[],"discontinued":[],"class_list":{"0":"post-481750","1":"product","2":"type-product","3":"status-publish","5":"product_cat-karten-und-wuerfelspiele","6":"product_cat-karten-und-wuerfelspiele-andere-spiele","7":"product_tag-glueck","8":"product_tag-rechnen","10":"first","11":"outofstock","12":"taxable","13":"shipping-taxable","14":"product-type-simple"},"aioseo_notices":[],"_links":{"self":[{"href":"https:\/\/games.tactic.net\/de\/wp-json\/wp\/v2\/product\/481750","targetHints":{"allow":["GET"]}}],"collection":[{"href":"https:\/\/games.tactic.net\/de\/wp-json\/wp\/v2\/product"}],"about":[{"href":"https:\/\/games.tactic.net\/de\/wp-json\/wp\/v2\/types\/product"}],"wp:attachment":[{"href":"https:\/\/games.tactic.net\/de\/wp-json\/wp\/v2\/media?parent=481750"}],"wp:term":[{"taxonomy":"product_brand","embeddable":true,"href":"https:\/\/games.tactic.net\/de\/wp-json\/wp\/v2\/product_brand?post=481750"},{"taxonomy":"product_cat","embeddable":true,"href":"https:\/\/games.tactic.net\/de\/wp-json\/wp\/v2\/product_cat?post=481750"},{"taxonomy":"product_tag","embeddable":true,"href":"https:\/\/games.tactic.net\/de\/wp-json\/wp\/v2\/product_tag?post=481750"},{"taxonomy":"brand","embeddable":true,"href":"https:\/\/games.tactic.net\/de\/wp-json\/wp\/v2\/brand?post=481750"},{"taxonomy":"target-group","embeddable":true,"href":"https:\/\/games.tactic.net\/de\/wp-json\/wp\/v2\/target-group?post=481750"},{"taxonomy":"discontinued","embeddable":true,"href":"https:\/\/games.tactic.net\/de\/wp-json\/wp\/v2\/discontinued?post=481750"}],"curies":[{"name":"wp","href":"https:\/\/api.w.org\/{rel}","templated":true}]}}