{"id":481321,"date":"2022-02-09T13:35:48","date_gmt":"2022-02-09T11:35:48","guid":{"rendered":"https:\/\/games.tactic.net\/tuote\/top-pranks-master-prankster-pack\/"},"modified":"2022-02-09T13:35:48","modified_gmt":"2022-02-09T11:35:48","slug":"top-pranks-master-prankster-pack","status":"publish","type":"product","link":"https:\/\/games.tactic.net\/de\/tuote\/top-pranks-master-prankster-pack\/","title":{"rendered":"Top Pranks Master Prankster Pack"},"content":{"rendered":"<p>Bist du der Meister der Streiche? Diese Box enth\u00e4lt 21 lustige Streiche, mit denen Sie Ihre Freunde und Familie \u00fcberraschen k\u00f6nnen. Machen Sie sich bereit f\u00fcr bahnbrechenden Spa\u00df!<\/p>\n","protected":false},"excerpt":{"rendered":"<p>Bist du der Meister der Streiche? Diese Box enth\u00e4lt 21 lustige Streiche, mit denen Sie Ihre Freunde und Familie \u00fcberraschen k\u00f6nnen. Machen Sie sich bereit f\u00fcr bahnbrechenden Spa\u00df!<\/p>\n","protected":false},"featured_media":0,"template":"","meta":{"content-type":"","_monsterinsights_skip_tracking":false,"_monsterinsights_sitenote_active":false,"_monsterinsights_sitenote_note":"","_monsterinsights_sitenote_category":0},"product_brand":[],"product_cat":[1990],"product_tag":[1991,1969],"brand":[],"target-group":[],"discontinued":[],"class_list":{"0":"post-481321","1":"product","2":"type-product","3":"status-publish","5":"product_cat-zaubertricks-und-streiche","6":"product_tag-kreativitaet","7":"product_tag-zeitvertreib","9":"first","10":"instock","11":"taxable","12":"shipping-taxable","13":"product-type-simple"},"aioseo_notices":[],"_links":{"self":[{"href":"https:\/\/games.tactic.net\/de\/wp-json\/wp\/v2\/product\/481321","targetHints":{"allow":["GET"]}}],"collection":[{"href":"https:\/\/games.tactic.net\/de\/wp-json\/wp\/v2\/product"}],"about":[{"href":"https:\/\/games.tactic.net\/de\/wp-json\/wp\/v2\/types\/product"}],"wp:attachment":[{"href":"https:\/\/games.tactic.net\/de\/wp-json\/wp\/v2\/media?parent=481321"}],"wp:term":[{"taxonomy":"product_brand","embeddable":true,"href":"https:\/\/games.tactic.net\/de\/wp-json\/wp\/v2\/product_brand?post=481321"},{"taxonomy":"product_cat","embeddable":true,"href":"https:\/\/games.tactic.net\/de\/wp-json\/wp\/v2\/product_cat?post=481321"},{"taxonomy":"product_tag","embeddable":true,"href":"https:\/\/games.tactic.net\/de\/wp-json\/wp\/v2\/product_tag?post=481321"},{"taxonomy":"brand","embeddable":true,"href":"https:\/\/games.tactic.net\/de\/wp-json\/wp\/v2\/brand?post=481321"},{"taxonomy":"target-group","embeddable":true,"href":"https:\/\/games.tactic.net\/de\/wp-json\/wp\/v2\/target-group?post=481321"},{"taxonomy":"discontinued","embeddable":true,"href":"https:\/\/games.tactic.net\/de\/wp-json\/wp\/v2\/discontinued?post=481321"}],"curies":[{"name":"wp","href":"https:\/\/api.w.org\/{rel}","templated":true}]}}