{"id":481262,"date":"2022-02-09T13:31:01","date_gmt":"2022-02-09T11:31:01","guid":{"rendered":"https:\/\/games.tactic.net\/tuote\/arctic-race\/"},"modified":"2022-02-09T13:31:01","modified_gmt":"2022-02-09T11:31:01","slug":"arctic-race","status":"publish","type":"product","link":"https:\/\/games.tactic.net\/de\/tuote\/arctic-race\/","title":{"rendered":"Arctic Race"},"content":{"rendered":"<p>Versuchen Sie zuerst, Ihre beiden Hundeschlittengespanne zum Nordpol zu f\u00fchren<\/p>\n<p>in diesem verschneiten und aufregenden Abenteuer! Ihre Reise ist gef\u00e4hrlich und Ihre<\/p>\n<p>Gegner k\u00f6nnen dir auch Hindernisse in den Weg werfen. Planen und nutzen Sie Ihre Ausr\u00fcstung<\/p>\n<p>weise, um die anderen in diesem spannenden Rennen zu schlagen!<\/p>\n<p>\u2022 H\u00f6lzerne Hundeschlittenfiguren!<\/p>\n<p>\u2022 Das sich st\u00e4ndig \u00e4ndernde Spielbrett erm\u00f6glicht es Ihnen, die L\u00e4nge anzupassen<\/p>\n<p>des Spiels.<\/p>\n<p>\u2022 Ein Riesenspa\u00df f\u00fcr die ganze Familie!<\/p>\n","protected":false},"excerpt":{"rendered":"<p>Versuchen Sie zuerst, Ihre beiden Hundeschlittengespanne zum Nordpol zu f\u00fchren in diesem verschneiten und aufregenden Abenteuer! Ihre Reise ist gef\u00e4hrlich und Ihre Gegner k\u00f6nnen dir auch Hindernisse in den Weg werfen. Planen und nutzen Sie Ihre Ausr\u00fcstung weise, um die anderen in diesem spannenden Rennen zu schlagen! \u2022 H\u00f6lzerne Hundeschlittenfiguren! \u2022 Das sich st\u00e4ndig \u00e4ndernde [&hellip;]<\/p>\n","protected":false},"featured_media":0,"template":"","meta":{"content-type":"","_monsterinsights_skip_tracking":false,"_monsterinsights_sitenote_active":false,"_monsterinsights_sitenote_note":"","_monsterinsights_sitenote_category":0},"product_brand":[],"product_cat":[1989],"product_tag":[370],"brand":[{"id":888,"name":"Gamestorm Studio","slug":"gamestormstudio-de"}],"target-group":[],"discontinued":[],"class_list":{"0":"post-481262","1":"product","2":"type-product","3":"status-publish","5":"product_cat-strategiespiele-spiele-fuer-familien","6":"product_tag-strategie","7":"brand-gamestormstudio-de","9":"first","10":"instock","11":"taxable","12":"shipping-taxable","13":"product-type-simple"},"aioseo_notices":[],"_links":{"self":[{"href":"https:\/\/games.tactic.net\/de\/wp-json\/wp\/v2\/product\/481262","targetHints":{"allow":["GET"]}}],"collection":[{"href":"https:\/\/games.tactic.net\/de\/wp-json\/wp\/v2\/product"}],"about":[{"href":"https:\/\/games.tactic.net\/de\/wp-json\/wp\/v2\/types\/product"}],"wp:attachment":[{"href":"https:\/\/games.tactic.net\/de\/wp-json\/wp\/v2\/media?parent=481262"}],"wp:term":[{"taxonomy":"product_brand","embeddable":true,"href":"https:\/\/games.tactic.net\/de\/wp-json\/wp\/v2\/product_brand?post=481262"},{"taxonomy":"product_cat","embeddable":true,"href":"https:\/\/games.tactic.net\/de\/wp-json\/wp\/v2\/product_cat?post=481262"},{"taxonomy":"product_tag","embeddable":true,"href":"https:\/\/games.tactic.net\/de\/wp-json\/wp\/v2\/product_tag?post=481262"},{"taxonomy":"brand","embeddable":true,"href":"https:\/\/games.tactic.net\/de\/wp-json\/wp\/v2\/brand?post=481262"},{"taxonomy":"target-group","embeddable":true,"href":"https:\/\/games.tactic.net\/de\/wp-json\/wp\/v2\/target-group?post=481262"},{"taxonomy":"discontinued","embeddable":true,"href":"https:\/\/games.tactic.net\/de\/wp-json\/wp\/v2\/discontinued?post=481262"}],"curies":[{"name":"wp","href":"https:\/\/api.w.org\/{rel}","templated":true}]}}