{"id":480986,"date":"2022-02-09T11:55:04","date_gmt":"2022-02-09T09:55:04","guid":{"rendered":"https:\/\/games.tactic.net\/tuote\/popular-dice-games\/"},"modified":"2022-02-09T11:55:04","modified_gmt":"2022-02-09T09:55:04","slug":"popular-dice-games","status":"publish","type":"product","link":"https:\/\/games.tactic.net\/de\/tuote\/popular-dice-games\/","title":{"rendered":"Popular Dice Games"},"content":{"rendered":"<p>Mit diesem umfangreichen Set kannst du alles von Yatzy und Busted bis hin zu Lucky Dice und Drop Dead spielen.<\/p>\n<p>Kommt mit klaren Regeln, zwei S\u00e4tzen W\u00fcrfeln und Spielchips.<\/p>\n<p>Die unterschiedlichen Schwierigkeitsgrade kommen allen Spielern entgegen.<\/p>\n<p>Enth\u00e4lt die Regeln f\u00fcr 35 beliebte W\u00fcrfelspiele!<\/p>\n","protected":false},"excerpt":{"rendered":"<p>Mit diesem umfangreichen Set kannst du alles von Yatzy und Busted bis hin zu Lucky Dice und Drop Dead spielen. Kommt mit klaren Regeln, zwei S\u00e4tzen W\u00fcrfeln und Spielchips. Die unterschiedlichen Schwierigkeitsgrade kommen allen Spielern entgegen. Enth\u00e4lt die Regeln f\u00fcr 35 beliebte W\u00fcrfelspiele!<\/p>\n","protected":false},"featured_media":0,"template":"","meta":{"content-type":"","_monsterinsights_skip_tracking":false,"_monsterinsights_sitenote_active":false,"_monsterinsights_sitenote_note":"","_monsterinsights_sitenote_category":0},"product_brand":[],"product_cat":[1976,1977],"product_tag":[1271],"brand":[],"target-group":[],"discontinued":[],"class_list":{"0":"post-480986","1":"product","2":"type-product","3":"status-publish","5":"product_cat-karten-und-wuerfelspiele","6":"product_cat-karten-und-wuerfelspiele-andere-spiele","7":"product_tag-kombination","9":"first","10":"instock","11":"taxable","12":"shipping-taxable","13":"product-type-simple"},"aioseo_notices":[],"_links":{"self":[{"href":"https:\/\/games.tactic.net\/de\/wp-json\/wp\/v2\/product\/480986","targetHints":{"allow":["GET"]}}],"collection":[{"href":"https:\/\/games.tactic.net\/de\/wp-json\/wp\/v2\/product"}],"about":[{"href":"https:\/\/games.tactic.net\/de\/wp-json\/wp\/v2\/types\/product"}],"wp:attachment":[{"href":"https:\/\/games.tactic.net\/de\/wp-json\/wp\/v2\/media?parent=480986"}],"wp:term":[{"taxonomy":"product_brand","embeddable":true,"href":"https:\/\/games.tactic.net\/de\/wp-json\/wp\/v2\/product_brand?post=480986"},{"taxonomy":"product_cat","embeddable":true,"href":"https:\/\/games.tactic.net\/de\/wp-json\/wp\/v2\/product_cat?post=480986"},{"taxonomy":"product_tag","embeddable":true,"href":"https:\/\/games.tactic.net\/de\/wp-json\/wp\/v2\/product_tag?post=480986"},{"taxonomy":"brand","embeddable":true,"href":"https:\/\/games.tactic.net\/de\/wp-json\/wp\/v2\/brand?post=480986"},{"taxonomy":"target-group","embeddable":true,"href":"https:\/\/games.tactic.net\/de\/wp-json\/wp\/v2\/target-group?post=480986"},{"taxonomy":"discontinued","embeddable":true,"href":"https:\/\/games.tactic.net\/de\/wp-json\/wp\/v2\/discontinued?post=480986"}],"curies":[{"name":"wp","href":"https:\/\/api.w.org\/{rel}","templated":true}]}}