{"id":480813,"date":"2022-02-09T11:35:52","date_gmt":"2022-02-09T09:35:52","guid":{"rendered":"https:\/\/games.tactic.net\/tuote\/great-tour\/"},"modified":"2025-11-21T13:57:02","modified_gmt":"2025-11-21T11:57:02","slug":"great-tour","status":"archive","type":"product","link":"https:\/\/games.tactic.net\/de\/tuote\/great-tour\/","title":{"rendered":"Great Tour"},"content":{"rendered":"<p>Die gro\u00dfen europ\u00e4ischen St\u00e4dte rufen nach Touristen und es ist Ihre Aufgabe, sie dorthin zu bringen. Sammeln Sie Punkte, indem Sie zwischen den verschiedenen Zielen reisen, aber achten Sie auf Ihre Konkurrenten! Der Spieler; Wer am Ende des Spiels die meisten Punkte gesammelt hat, nimmt den Sieg in diesem tollen Rennen zum Erfolg mit nach Hause!<\/p>\n<p><\/p>\n<p>\u2022 Kommt mit h\u00f6lzernen Spielfiguren!<\/p>\n<p>\u2022 Eine gro\u00dfartige Spielherausforderung mit vielen strategischen Entscheidungen.<\/p>\n<p>\u2022 Mit beeindruckenden Illustrationen!<\/p>\n","protected":false},"excerpt":{"rendered":"<p>Die gro\u00dfen europ\u00e4ischen St\u00e4dte rufen nach Touristen und es ist Ihre Aufgabe, sie dorthin zu bringen. Sammeln Sie Punkte, indem Sie zwischen den verschiedenen Zielen reisen, aber achten Sie auf Ihre Konkurrenten! Der Spieler; Wer am Ende des Spiels die meisten Punkte gesammelt hat, nimmt den Sieg in diesem tollen Rennen zum Erfolg mit nach [&hellip;]<\/p>\n","protected":false},"featured_media":0,"template":"","meta":{"content-type":"","_monsterinsights_skip_tracking":false,"_monsterinsights_sitenote_active":false,"_monsterinsights_sitenote_note":"","_monsterinsights_sitenote_category":0},"product_brand":[],"product_cat":[1984],"product_tag":[],"brand":[],"target-group":[],"discontinued":[],"class_list":{"0":"post-480813","1":"product","2":"type-product","3":"status-archive","5":"product_cat-brettspiele-spiele-fuer-familien","7":"first","8":"outofstock","9":"taxable","10":"shipping-taxable","11":"product-type-simple"},"aioseo_notices":[],"_links":{"self":[{"href":"https:\/\/games.tactic.net\/de\/wp-json\/wp\/v2\/product\/480813","targetHints":{"allow":["GET"]}}],"collection":[{"href":"https:\/\/games.tactic.net\/de\/wp-json\/wp\/v2\/product"}],"about":[{"href":"https:\/\/games.tactic.net\/de\/wp-json\/wp\/v2\/types\/product"}],"wp:attachment":[{"href":"https:\/\/games.tactic.net\/de\/wp-json\/wp\/v2\/media?parent=480813"}],"wp:term":[{"taxonomy":"product_brand","embeddable":true,"href":"https:\/\/games.tactic.net\/de\/wp-json\/wp\/v2\/product_brand?post=480813"},{"taxonomy":"product_cat","embeddable":true,"href":"https:\/\/games.tactic.net\/de\/wp-json\/wp\/v2\/product_cat?post=480813"},{"taxonomy":"product_tag","embeddable":true,"href":"https:\/\/games.tactic.net\/de\/wp-json\/wp\/v2\/product_tag?post=480813"},{"taxonomy":"brand","embeddable":true,"href":"https:\/\/games.tactic.net\/de\/wp-json\/wp\/v2\/brand?post=480813"},{"taxonomy":"target-group","embeddable":true,"href":"https:\/\/games.tactic.net\/de\/wp-json\/wp\/v2\/target-group?post=480813"},{"taxonomy":"discontinued","embeddable":true,"href":"https:\/\/games.tactic.net\/de\/wp-json\/wp\/v2\/discontinued?post=480813"}],"curies":[{"name":"wp","href":"https:\/\/api.w.org\/{rel}","templated":true}]}}