{"id":480490,"date":"2022-02-09T11:26:43","date_gmt":"2022-02-09T09:26:43","guid":{"rendered":"https:\/\/games.tactic.net\/tuote\/banana-kick-renewed-multi\/"},"modified":"2025-02-24T15:36:21","modified_gmt":"2025-02-24T13:36:21","slug":"banana-kick-renewed-multi","status":"archive","type":"product","link":"https:\/\/games.tactic.net\/de\/tuote\/banana-kick-renewed-multi\/","title":{"rendered":"Banana Kick"},"content":{"rendered":"<p>Richten Sie ein Spielfeld ein, w\u00e4hlen Sie Ihr Team und versuchen Sie, so viele Tore wie m\u00f6glich zu erzielen! Das Spiel wird in zwei H\u00e4lften gespielt und das Team mit den meisten Punkten gewinnt. Denken Sie nur daran, dass die Banane nicht immer dorthin geht, wo Sie sie haben m\u00f6chten &#8230; Kommt mit einer gro\u00dfen, weichen, kickbaren Banane! Klare und einfache Regeln machen das Spiel einfach zu spielen. Die perfekte Outdoor-Aktivit\u00e4t f\u00fcr jeden Garten, Park und Stellplatz!<\/p>\n","protected":false},"excerpt":{"rendered":"<p>Richten Sie ein Spielfeld ein, w\u00e4hlen Sie Ihr Team und versuchen Sie, so viele Tore wie m\u00f6glich zu erzielen! Das Spiel wird in zwei H\u00e4lften gespielt und das Team mit den meisten Punkten gewinnt. Denken Sie nur daran, dass die Banane nicht immer dorthin geht, wo Sie sie haben m\u00f6chten &#8230; Kommt mit einer gro\u00dfen, [&hellip;]<\/p>\n","protected":false},"featured_media":0,"template":"","meta":{"content-type":"","_monsterinsights_skip_tracking":false,"_monsterinsights_sitenote_active":false,"_monsterinsights_sitenote_note":"","_monsterinsights_sitenote_category":0},"product_brand":[],"product_cat":[1971],"product_tag":[302,1968,1983],"brand":[],"target-group":[],"discontinued":[],"class_list":{"0":"post-480490","1":"product","2":"type-product","3":"status-archive","5":"product_cat-andere-draussen-spiele","6":"product_tag-action","7":"product_tag-fertigkeit","8":"product_tag-schnelligkeit","10":"first","11":"outofstock","12":"taxable","13":"shipping-taxable","14":"product-type-simple"},"aioseo_notices":[],"_links":{"self":[{"href":"https:\/\/games.tactic.net\/de\/wp-json\/wp\/v2\/product\/480490","targetHints":{"allow":["GET"]}}],"collection":[{"href":"https:\/\/games.tactic.net\/de\/wp-json\/wp\/v2\/product"}],"about":[{"href":"https:\/\/games.tactic.net\/de\/wp-json\/wp\/v2\/types\/product"}],"wp:attachment":[{"href":"https:\/\/games.tactic.net\/de\/wp-json\/wp\/v2\/media?parent=480490"}],"wp:term":[{"taxonomy":"product_brand","embeddable":true,"href":"https:\/\/games.tactic.net\/de\/wp-json\/wp\/v2\/product_brand?post=480490"},{"taxonomy":"product_cat","embeddable":true,"href":"https:\/\/games.tactic.net\/de\/wp-json\/wp\/v2\/product_cat?post=480490"},{"taxonomy":"product_tag","embeddable":true,"href":"https:\/\/games.tactic.net\/de\/wp-json\/wp\/v2\/product_tag?post=480490"},{"taxonomy":"brand","embeddable":true,"href":"https:\/\/games.tactic.net\/de\/wp-json\/wp\/v2\/brand?post=480490"},{"taxonomy":"target-group","embeddable":true,"href":"https:\/\/games.tactic.net\/de\/wp-json\/wp\/v2\/target-group?post=480490"},{"taxonomy":"discontinued","embeddable":true,"href":"https:\/\/games.tactic.net\/de\/wp-json\/wp\/v2\/discontinued?post=480490"}],"curies":[{"name":"wp","href":"https:\/\/api.w.org\/{rel}","templated":true}]}}