{"id":480349,"date":"2022-02-09T11:24:05","date_gmt":"2022-02-09T09:24:05","guid":{"rendered":"https:\/\/games.tactic.net\/tuote\/trendy-bingo\/"},"modified":"2022-02-09T11:24:05","modified_gmt":"2022-02-09T09:24:05","slug":"trendy-bingo","status":"publish","type":"product","link":"https:\/\/games.tactic.net\/de\/tuote\/trendy-bingo\/","title":{"rendered":"Trendy Bingo"},"content":{"rendered":"<p>Drehen Sie den Bingo-K\u00e4fig, lesen Sie die Zahl vor und h\u00f6ren Sie auf ein \u201eBingo!\u201c. Mit seinen leicht zu erlernenden Regeln vers\u00e4umt es dieses klassische Spiel nicht, zu unterhalten und zu begeistern! Mit seinen hochwertigen Spielteilen und einem tollen Bingo-K\u00e4fig aus Metall ist Collection Classique Bingo ein echtes Knock-Out-Spiel! Kommt mit einem echten Bingo-K\u00e4fig! Geeignet f\u00fcr Spieler jeden Alters. Ein wirklich authentisches Bingo-Erlebnis!<\/p>\n","protected":false},"excerpt":{"rendered":"<p>Drehen Sie den Bingo-K\u00e4fig, lesen Sie die Zahl vor und h\u00f6ren Sie auf ein \u201eBingo!\u201c. Mit seinen leicht zu erlernenden Regeln vers\u00e4umt es dieses klassische Spiel nicht, zu unterhalten und zu begeistern! Mit seinen hochwertigen Spielteilen und einem tollen Bingo-K\u00e4fig aus Metall ist Collection Classique Bingo ein echtes Knock-Out-Spiel! Kommt mit einem echten Bingo-K\u00e4fig! Geeignet [&hellip;]<\/p>\n","protected":false},"featured_media":0,"template":"","meta":{"content-type":"","_monsterinsights_skip_tracking":false,"_monsterinsights_sitenote_active":false,"_monsterinsights_sitenote_note":"","_monsterinsights_sitenote_category":0},"product_brand":[],"product_cat":[1966],"product_tag":[1965],"brand":[],"target-group":[],"discontinued":[],"class_list":{"0":"post-480349","1":"product","2":"type-product","3":"status-publish","5":"product_cat-klassiker-spiele-fuer-familien","6":"product_tag-glueck","8":"first","9":"instock","10":"taxable","11":"shipping-taxable","12":"product-type-simple"},"aioseo_notices":[],"_links":{"self":[{"href":"https:\/\/games.tactic.net\/de\/wp-json\/wp\/v2\/product\/480349","targetHints":{"allow":["GET"]}}],"collection":[{"href":"https:\/\/games.tactic.net\/de\/wp-json\/wp\/v2\/product"}],"about":[{"href":"https:\/\/games.tactic.net\/de\/wp-json\/wp\/v2\/types\/product"}],"wp:attachment":[{"href":"https:\/\/games.tactic.net\/de\/wp-json\/wp\/v2\/media?parent=480349"}],"wp:term":[{"taxonomy":"product_brand","embeddable":true,"href":"https:\/\/games.tactic.net\/de\/wp-json\/wp\/v2\/product_brand?post=480349"},{"taxonomy":"product_cat","embeddable":true,"href":"https:\/\/games.tactic.net\/de\/wp-json\/wp\/v2\/product_cat?post=480349"},{"taxonomy":"product_tag","embeddable":true,"href":"https:\/\/games.tactic.net\/de\/wp-json\/wp\/v2\/product_tag?post=480349"},{"taxonomy":"brand","embeddable":true,"href":"https:\/\/games.tactic.net\/de\/wp-json\/wp\/v2\/brand?post=480349"},{"taxonomy":"target-group","embeddable":true,"href":"https:\/\/games.tactic.net\/de\/wp-json\/wp\/v2\/target-group?post=480349"},{"taxonomy":"discontinued","embeddable":true,"href":"https:\/\/games.tactic.net\/de\/wp-json\/wp\/v2\/discontinued?post=480349"}],"curies":[{"name":"wp","href":"https:\/\/api.w.org\/{rel}","templated":true}]}}