{"id":480292,"date":"2022-02-09T11:22:54","date_gmt":"2022-02-09T09:22:54","guid":{"rendered":"https:\/\/games.tactic.net\/tuote\/moelkky-go\/"},"modified":"2022-10-27T12:09:20","modified_gmt":"2022-10-27T09:09:20","slug":"moelkky-go","status":"publish","type":"product","link":"https:\/\/games.tactic.net\/de\/tuote\/moelkky-go\/","title":{"rendered":"M\u00f6lkky\u00ae GO"},"content":{"rendered":"<p>Stellen Sie die Kegel in einer Formation auf und werfen Sie den M\u00f6lkky-Kegel. Um das Spiel zu gewinnen, m\u00fcssen Sie genau 50 Punkte erzielen \u2013 gehen Sie \u00fcber 50 und Ihre Punktzahl sinkt auf 25. Aktualisierte Optik und neue Verpackungsgr\u00f6\u00dfe.<\/p>\n","protected":false},"excerpt":{"rendered":"<p>Stellen Sie die Kegel in einer Formation auf und werfen Sie den M\u00f6lkky-Kegel. Um das Spiel zu gewinnen, m\u00fcssen Sie genau 50 Punkte erzielen \u2013 gehen Sie \u00fcber 50 und Ihre Punktzahl sinkt auf 25. Aktualisierte Optik und neue Verpackungsgr\u00f6\u00dfe.<\/p>\n","protected":false},"featured_media":0,"template":"","meta":{"content-type":"","_monsterinsights_skip_tracking":false,"_monsterinsights_sitenote_active":false,"_monsterinsights_sitenote_note":"","_monsterinsights_sitenote_category":0},"product_brand":[],"product_cat":[1973],"product_tag":[1968,1978,370,895],"brand":[{"id":1974,"name":"M\u00f6lkky","slug":"molkky_de"}],"target-group":[],"discontinued":[],"class_list":{"0":"post-480292","1":"product","2":"type-product","3":"status-publish","5":"product_cat-spiele","6":"product_tag-fertigkeit","7":"product_tag-rechnen","8":"product_tag-strategie","9":"product_tag-taktik","10":"brand-molkky_de","12":"first","13":"outofstock","14":"taxable","15":"shipping-taxable","16":"product-type-simple"},"aioseo_notices":[],"_links":{"self":[{"href":"https:\/\/games.tactic.net\/de\/wp-json\/wp\/v2\/product\/480292","targetHints":{"allow":["GET"]}}],"collection":[{"href":"https:\/\/games.tactic.net\/de\/wp-json\/wp\/v2\/product"}],"about":[{"href":"https:\/\/games.tactic.net\/de\/wp-json\/wp\/v2\/types\/product"}],"wp:attachment":[{"href":"https:\/\/games.tactic.net\/de\/wp-json\/wp\/v2\/media?parent=480292"}],"wp:term":[{"taxonomy":"product_brand","embeddable":true,"href":"https:\/\/games.tactic.net\/de\/wp-json\/wp\/v2\/product_brand?post=480292"},{"taxonomy":"product_cat","embeddable":true,"href":"https:\/\/games.tactic.net\/de\/wp-json\/wp\/v2\/product_cat?post=480292"},{"taxonomy":"product_tag","embeddable":true,"href":"https:\/\/games.tactic.net\/de\/wp-json\/wp\/v2\/product_tag?post=480292"},{"taxonomy":"brand","embeddable":true,"href":"https:\/\/games.tactic.net\/de\/wp-json\/wp\/v2\/brand?post=480292"},{"taxonomy":"target-group","embeddable":true,"href":"https:\/\/games.tactic.net\/de\/wp-json\/wp\/v2\/target-group?post=480292"},{"taxonomy":"discontinued","embeddable":true,"href":"https:\/\/games.tactic.net\/de\/wp-json\/wp\/v2\/discontinued?post=480292"}],"curies":[{"name":"wp","href":"https:\/\/api.w.org\/{rel}","templated":true}]}}