{"id":480235,"date":"2022-02-09T11:20:39","date_gmt":"2022-02-09T09:20:39","guid":{"rendered":"https:\/\/games.tactic.net\/tuote\/king-of-the-hill\/"},"modified":"2025-02-24T15:37:42","modified_gmt":"2025-02-24T13:37:42","slug":"king-of-the-hill","status":"archive","type":"product","link":"https:\/\/games.tactic.net\/de\/tuote\/king-of-the-hill\/","title":{"rendered":"King of the Hill"},"content":{"rendered":"<p>Baue eine pr\u00e4chtige Burg, platziere den K\u00f6nig und seine Kumpane darin oder darauf und starte deinen Angriff! Gute W\u00fcrfe punkten Sie aber nur, wenn Sie den K\u00f6nig selbst niederschlagen. Der Spieler mit der h\u00f6chsten Punktzahl gewinnt! Dieses Gartenspiel aus Holz sorgt f\u00fcr einen guten Kampf in Geschicklichkeit und Taktik! Ein tolles, hochwertiges Holzspiel! Die Spieler k\u00f6nnen das Spiel unendlich ver\u00e4ndern, indem sie verschiedene Burgen bauen. Tolle Kombination aus Bowling und Geschicklichkeitswurf.<\/p>\n","protected":false},"excerpt":{"rendered":"<p>Baue eine pr\u00e4chtige Burg, platziere den K\u00f6nig und seine Kumpane darin oder darauf und starte deinen Angriff! Gute W\u00fcrfe punkten Sie aber nur, wenn Sie den K\u00f6nig selbst niederschlagen. Der Spieler mit der h\u00f6chsten Punktzahl gewinnt! Dieses Gartenspiel aus Holz sorgt f\u00fcr einen guten Kampf in Geschicklichkeit und Taktik! Ein tolles, hochwertiges Holzspiel! Die Spieler [&hellip;]<\/p>\n","protected":false},"featured_media":0,"template":"","meta":{"content-type":"","_monsterinsights_skip_tracking":false,"_monsterinsights_sitenote_active":false,"_monsterinsights_sitenote_note":"","_monsterinsights_sitenote_category":0},"product_brand":[],"product_cat":[1971],"product_tag":[1968,895],"brand":[],"target-group":[],"discontinued":[],"class_list":{"0":"post-480235","1":"product","2":"type-product","3":"status-archive","5":"product_cat-andere-draussen-spiele","6":"product_tag-fertigkeit","7":"product_tag-taktik","9":"first","10":"outofstock","11":"sale","12":"taxable","13":"shipping-taxable","14":"product-type-simple"},"aioseo_notices":[],"_links":{"self":[{"href":"https:\/\/games.tactic.net\/de\/wp-json\/wp\/v2\/product\/480235","targetHints":{"allow":["GET"]}}],"collection":[{"href":"https:\/\/games.tactic.net\/de\/wp-json\/wp\/v2\/product"}],"about":[{"href":"https:\/\/games.tactic.net\/de\/wp-json\/wp\/v2\/types\/product"}],"wp:attachment":[{"href":"https:\/\/games.tactic.net\/de\/wp-json\/wp\/v2\/media?parent=480235"}],"wp:term":[{"taxonomy":"product_brand","embeddable":true,"href":"https:\/\/games.tactic.net\/de\/wp-json\/wp\/v2\/product_brand?post=480235"},{"taxonomy":"product_cat","embeddable":true,"href":"https:\/\/games.tactic.net\/de\/wp-json\/wp\/v2\/product_cat?post=480235"},{"taxonomy":"product_tag","embeddable":true,"href":"https:\/\/games.tactic.net\/de\/wp-json\/wp\/v2\/product_tag?post=480235"},{"taxonomy":"brand","embeddable":true,"href":"https:\/\/games.tactic.net\/de\/wp-json\/wp\/v2\/brand?post=480235"},{"taxonomy":"target-group","embeddable":true,"href":"https:\/\/games.tactic.net\/de\/wp-json\/wp\/v2\/target-group?post=480235"},{"taxonomy":"discontinued","embeddable":true,"href":"https:\/\/games.tactic.net\/de\/wp-json\/wp\/v2\/discontinued?post=480235"}],"curies":[{"name":"wp","href":"https:\/\/api.w.org\/{rel}","templated":true}]}}