{"id":480206,"date":"2022-02-09T11:18:50","date_gmt":"2022-02-09T09:18:50","guid":{"rendered":"https:\/\/games.tactic.net\/tuote\/choco\/"},"modified":"2022-02-09T11:18:50","modified_gmt":"2022-02-09T09:18:50","slug":"choco","status":"publish","type":"product","link":"https:\/\/games.tactic.net\/de\/tuote\/choco\/","title":{"rendered":"Choco"},"content":{"rendered":"<p>Dieses Memory-Spiel ist k\u00f6stlicher, als Sie vielleicht erwarten! <\/p>\n<p>Choco verf\u00fcgt \u00fcber 16 Spielsteine, die wie Schokoladenleckereien aussehen. Wenn die Spieler die Choco-Spielfiguren umdrehen, zeigt jede Figur entweder eine Erdnuss oder eine Kirsche auf der Unterseite. Vorsicht, drehen Sie das eine St\u00fcck, das den gr\u00fcnen K\u00e4fer zeigt, nicht um, er versucht, alle Ihre Pralinen zu essen! In jeder Runde dr\u00fccken die Spieler den W\u00fcrfel-Popper, der anzeigt, ob der Spieler w\u00e4hrend seines Zuges eine Erdnuss- oder eine Kirschspielfigur finden muss. W\u00e4hle deine Schokolade und drehe sie um. Wenn es zum W\u00fcrfel passt, geh\u00f6rt es dir. Dreht ein Spieler den gr\u00fcnen K\u00e4fer um, muss er eines seiner Schokoladenst\u00fccke zur\u00fccklegen und die Spielsteine verwechseln. Sammle die meisten Schokoladenst\u00fccke, um zu gewinnen.<\/p>\n","protected":false},"excerpt":{"rendered":"<p>Dieses Memory-Spiel ist k\u00f6stlicher, als Sie vielleicht erwarten! Choco verf\u00fcgt \u00fcber 16 Spielsteine, die wie Schokoladenleckereien aussehen. Wenn die Spieler die Choco-Spielfiguren umdrehen, zeigt jede Figur entweder eine Erdnuss oder eine Kirsche auf der Unterseite. Vorsicht, drehen Sie das eine St\u00fcck, das den gr\u00fcnen K\u00e4fer zeigt, nicht um, er versucht, alle Ihre Pralinen zu essen! [&hellip;]<\/p>\n","protected":false},"featured_media":0,"template":"","meta":{"content-type":"","_monsterinsights_skip_tracking":false,"_monsterinsights_sitenote_active":false,"_monsterinsights_sitenote_note":"","_monsterinsights_sitenote_category":0},"product_brand":[],"product_cat":[1979],"product_tag":[1980,1965,1271],"brand":[],"target-group":[],"discontinued":[],"class_list":{"0":"post-480206","1":"product","2":"type-product","3":"status-publish","5":"product_cat-brettspiele","6":"product_tag-bildung","7":"product_tag-glueck","8":"product_tag-kombination","10":"first","11":"instock","12":"taxable","13":"shipping-taxable","14":"product-type-simple"},"aioseo_notices":[],"_links":{"self":[{"href":"https:\/\/games.tactic.net\/de\/wp-json\/wp\/v2\/product\/480206","targetHints":{"allow":["GET"]}}],"collection":[{"href":"https:\/\/games.tactic.net\/de\/wp-json\/wp\/v2\/product"}],"about":[{"href":"https:\/\/games.tactic.net\/de\/wp-json\/wp\/v2\/types\/product"}],"wp:attachment":[{"href":"https:\/\/games.tactic.net\/de\/wp-json\/wp\/v2\/media?parent=480206"}],"wp:term":[{"taxonomy":"product_brand","embeddable":true,"href":"https:\/\/games.tactic.net\/de\/wp-json\/wp\/v2\/product_brand?post=480206"},{"taxonomy":"product_cat","embeddable":true,"href":"https:\/\/games.tactic.net\/de\/wp-json\/wp\/v2\/product_cat?post=480206"},{"taxonomy":"product_tag","embeddable":true,"href":"https:\/\/games.tactic.net\/de\/wp-json\/wp\/v2\/product_tag?post=480206"},{"taxonomy":"brand","embeddable":true,"href":"https:\/\/games.tactic.net\/de\/wp-json\/wp\/v2\/brand?post=480206"},{"taxonomy":"target-group","embeddable":true,"href":"https:\/\/games.tactic.net\/de\/wp-json\/wp\/v2\/target-group?post=480206"},{"taxonomy":"discontinued","embeddable":true,"href":"https:\/\/games.tactic.net\/de\/wp-json\/wp\/v2\/discontinued?post=480206"}],"curies":[{"name":"wp","href":"https:\/\/api.w.org\/{rel}","templated":true}]}}