{"id":479964,"date":"2022-02-09T11:07:03","date_gmt":"2022-02-09T09:07:03","guid":{"rendered":"https:\/\/games.tactic.net\/tuote\/domino-6\/"},"modified":"2022-02-09T14:24:01","modified_gmt":"2022-02-09T12:24:01","slug":"domino-6","status":"publish","type":"product","link":"https:\/\/games.tactic.net\/de\/tuote\/domino-6\/","title":{"rendered":"Domino double 6"},"content":{"rendered":"<p>Diese Ausgabe bringt den Spa\u00df am Dominospiel zur\u00fcck. Legen Sie Ihre Pl\u00e4ttchen in langen Ketten ab und versuchen Sie, der erste Spieler zu sein, der keine Pl\u00e4ttchen hat. Wird in einer stabilen Blechdose mit Sichtfenster geliefert. Die farbigen Punkte auf den Pl\u00e4ttchen erleichtern das Spielen f\u00fcr alle. Die klaren Regeln machen das Spiel auch f\u00fcr Anf\u00e4nger einfach. 28 Dominosteine mit Farbkernen.<\/p>\n","protected":false},"excerpt":{"rendered":"<p>Diese Ausgabe bringt den Spa\u00df am Dominospiel zur\u00fcck. Legen Sie Ihre Pl\u00e4ttchen in langen Ketten ab und versuchen Sie, der erste Spieler zu sein, der keine Pl\u00e4ttchen hat. Wird in einer stabilen Blechdose mit Sichtfenster geliefert. Die farbigen Punkte auf den Pl\u00e4ttchen erleichtern das Spielen f\u00fcr alle. Die klaren Regeln machen das Spiel auch f\u00fcr [&hellip;]<\/p>\n","protected":false},"featured_media":0,"template":"","meta":{"content-type":"","_monsterinsights_skip_tracking":false,"_monsterinsights_sitenote_active":false,"_monsterinsights_sitenote_note":"","_monsterinsights_sitenote_category":0},"product_brand":[],"product_cat":[1966,1967],"product_tag":[1271,370],"brand":[],"target-group":[],"discontinued":[],"class_list":{"0":"post-479964","1":"product","2":"type-product","3":"status-publish","5":"product_cat-klassiker-spiele-fuer-familien","6":"product_cat-klassiker-spiele-fuer-erwachsene","7":"product_tag-kombination","8":"product_tag-strategie","10":"first","11":"instock","12":"taxable","13":"shipping-taxable","14":"product-type-simple"},"aioseo_notices":[],"_links":{"self":[{"href":"https:\/\/games.tactic.net\/de\/wp-json\/wp\/v2\/product\/479964","targetHints":{"allow":["GET"]}}],"collection":[{"href":"https:\/\/games.tactic.net\/de\/wp-json\/wp\/v2\/product"}],"about":[{"href":"https:\/\/games.tactic.net\/de\/wp-json\/wp\/v2\/types\/product"}],"wp:attachment":[{"href":"https:\/\/games.tactic.net\/de\/wp-json\/wp\/v2\/media?parent=479964"}],"wp:term":[{"taxonomy":"product_brand","embeddable":true,"href":"https:\/\/games.tactic.net\/de\/wp-json\/wp\/v2\/product_brand?post=479964"},{"taxonomy":"product_cat","embeddable":true,"href":"https:\/\/games.tactic.net\/de\/wp-json\/wp\/v2\/product_cat?post=479964"},{"taxonomy":"product_tag","embeddable":true,"href":"https:\/\/games.tactic.net\/de\/wp-json\/wp\/v2\/product_tag?post=479964"},{"taxonomy":"brand","embeddable":true,"href":"https:\/\/games.tactic.net\/de\/wp-json\/wp\/v2\/brand?post=479964"},{"taxonomy":"target-group","embeddable":true,"href":"https:\/\/games.tactic.net\/de\/wp-json\/wp\/v2\/target-group?post=479964"},{"taxonomy":"discontinued","embeddable":true,"href":"https:\/\/games.tactic.net\/de\/wp-json\/wp\/v2\/discontinued?post=479964"}],"curies":[{"name":"wp","href":"https:\/\/api.w.org\/{rel}","templated":true}]}}