{"id":479878,"date":"2022-02-09T11:01:41","date_gmt":"2022-02-09T09:01:41","guid":{"rendered":"https:\/\/games.tactic.net\/tuote\/mini-moelkky\/"},"modified":"2022-02-09T11:01:41","modified_gmt":"2022-02-09T09:01:41","slug":"mini-moelkky","status":"publish","type":"product","link":"https:\/\/games.tactic.net\/de\/tuote\/mini-moelkky\/","title":{"rendered":"Mini M\u00f6lkky"},"content":{"rendered":"<p>Drinnen M\u00f6lkky spielen!<\/p>\n<p>M\u00f6lkky Mini ist eine handliche Taschenversion des beliebten Outdoor-Spiels! Einfach auf jede Reise mitzunehmen, der einzige Unterschied zum Original M\u00f6lkky Mini ist die k\u00fcrzere Wurfweite und die kleinere Gr\u00f6\u00dfe. Es ist der perfekte Reisebegleiter!<\/p>\n","protected":false},"excerpt":{"rendered":"<p>Drinnen M\u00f6lkky spielen! M\u00f6lkky Mini ist eine handliche Taschenversion des beliebten Outdoor-Spiels! Einfach auf jede Reise mitzunehmen, der einzige Unterschied zum Original M\u00f6lkky Mini ist die k\u00fcrzere Wurfweite und die kleinere Gr\u00f6\u00dfe. Es ist der perfekte Reisebegleiter!<\/p>\n","protected":false},"featured_media":0,"template":"","meta":{"content-type":"","_monsterinsights_skip_tracking":false,"_monsterinsights_sitenote_active":false,"_monsterinsights_sitenote_note":"","_monsterinsights_sitenote_category":0},"product_brand":[],"product_cat":[1973],"product_tag":[1968,1978,895],"brand":[{"id":1974,"name":"M\u00f6lkky","slug":"molkky_de"}],"target-group":[],"discontinued":[],"class_list":{"0":"post-479878","1":"product","2":"type-product","3":"status-publish","5":"product_cat-spiele","6":"product_tag-fertigkeit","7":"product_tag-rechnen","8":"product_tag-taktik","9":"brand-molkky_de","11":"first","12":"outofstock","13":"taxable","14":"shipping-taxable","15":"product-type-simple"},"aioseo_notices":[],"_links":{"self":[{"href":"https:\/\/games.tactic.net\/de\/wp-json\/wp\/v2\/product\/479878","targetHints":{"allow":["GET"]}}],"collection":[{"href":"https:\/\/games.tactic.net\/de\/wp-json\/wp\/v2\/product"}],"about":[{"href":"https:\/\/games.tactic.net\/de\/wp-json\/wp\/v2\/types\/product"}],"wp:attachment":[{"href":"https:\/\/games.tactic.net\/de\/wp-json\/wp\/v2\/media?parent=479878"}],"wp:term":[{"taxonomy":"product_brand","embeddable":true,"href":"https:\/\/games.tactic.net\/de\/wp-json\/wp\/v2\/product_brand?post=479878"},{"taxonomy":"product_cat","embeddable":true,"href":"https:\/\/games.tactic.net\/de\/wp-json\/wp\/v2\/product_cat?post=479878"},{"taxonomy":"product_tag","embeddable":true,"href":"https:\/\/games.tactic.net\/de\/wp-json\/wp\/v2\/product_tag?post=479878"},{"taxonomy":"brand","embeddable":true,"href":"https:\/\/games.tactic.net\/de\/wp-json\/wp\/v2\/brand?post=479878"},{"taxonomy":"target-group","embeddable":true,"href":"https:\/\/games.tactic.net\/de\/wp-json\/wp\/v2\/target-group?post=479878"},{"taxonomy":"discontinued","embeddable":true,"href":"https:\/\/games.tactic.net\/de\/wp-json\/wp\/v2\/discontinued?post=479878"}],"curies":[{"name":"wp","href":"https:\/\/api.w.org\/{rel}","templated":true}]}}