{"id":479849,"date":"2022-02-09T10:58:43","date_gmt":"2022-02-09T08:58:43","guid":{"rendered":"https:\/\/games.tactic.net\/tuote\/yatzy-with-cup-multi\/"},"modified":"2022-02-09T10:58:43","modified_gmt":"2022-02-09T08:58:43","slug":"yatzy-with-cup-multi","status":"publish","type":"product","link":"https:\/\/games.tactic.net\/de\/tuote\/yatzy-with-cup-multi\/","title":{"rendered":"Yatzy with Cup (Multi)"},"content":{"rendered":"<p>Rollen Sie die f\u00fcnf W\u00fcrfel und versuchen Sie, die Kombinationen auf dem Punkteblock zu erhalten. Der Spieler mit der h\u00f6chsten Gesamtpunktzahl am Ende des Spiels ist der Gewinner.<\/p>\n<p><\/p>\n<p>Kommt mit einem hochwertigen W\u00fcrfel und einem praktischen W\u00fcrfelbecher!<\/p>\n<p>Der transparente Punkteblock macht das Spielen einfach und vielseitig.<\/p>\n","protected":false},"excerpt":{"rendered":"<p>Rollen Sie die f\u00fcnf W\u00fcrfel und versuchen Sie, die Kombinationen auf dem Punkteblock zu erhalten. Der Spieler mit der h\u00f6chsten Gesamtpunktzahl am Ende des Spiels ist der Gewinner. Kommt mit einem hochwertigen W\u00fcrfel und einem praktischen W\u00fcrfelbecher! Der transparente Punkteblock macht das Spielen einfach und vielseitig.<\/p>\n","protected":false},"featured_media":0,"template":"","meta":{"content-type":"","_monsterinsights_skip_tracking":false,"_monsterinsights_sitenote_active":false,"_monsterinsights_sitenote_note":"","_monsterinsights_sitenote_category":0},"product_brand":[],"product_cat":[1976,1977],"product_tag":[1965,1271,1978],"brand":[],"target-group":[],"discontinued":[],"class_list":{"0":"post-479849","1":"product","2":"type-product","3":"status-publish","5":"product_cat-karten-und-wuerfelspiele","6":"product_cat-karten-und-wuerfelspiele-andere-spiele","7":"product_tag-glueck","8":"product_tag-kombination","9":"product_tag-rechnen","11":"first","12":"instock","13":"taxable","14":"shipping-taxable","15":"product-type-simple"},"aioseo_notices":[],"_links":{"self":[{"href":"https:\/\/games.tactic.net\/de\/wp-json\/wp\/v2\/product\/479849","targetHints":{"allow":["GET"]}}],"collection":[{"href":"https:\/\/games.tactic.net\/de\/wp-json\/wp\/v2\/product"}],"about":[{"href":"https:\/\/games.tactic.net\/de\/wp-json\/wp\/v2\/types\/product"}],"wp:attachment":[{"href":"https:\/\/games.tactic.net\/de\/wp-json\/wp\/v2\/media?parent=479849"}],"wp:term":[{"taxonomy":"product_brand","embeddable":true,"href":"https:\/\/games.tactic.net\/de\/wp-json\/wp\/v2\/product_brand?post=479849"},{"taxonomy":"product_cat","embeddable":true,"href":"https:\/\/games.tactic.net\/de\/wp-json\/wp\/v2\/product_cat?post=479849"},{"taxonomy":"product_tag","embeddable":true,"href":"https:\/\/games.tactic.net\/de\/wp-json\/wp\/v2\/product_tag?post=479849"},{"taxonomy":"brand","embeddable":true,"href":"https:\/\/games.tactic.net\/de\/wp-json\/wp\/v2\/brand?post=479849"},{"taxonomy":"target-group","embeddable":true,"href":"https:\/\/games.tactic.net\/de\/wp-json\/wp\/v2\/target-group?post=479849"},{"taxonomy":"discontinued","embeddable":true,"href":"https:\/\/games.tactic.net\/de\/wp-json\/wp\/v2\/discontinued?post=479849"}],"curies":[{"name":"wp","href":"https:\/\/api.w.org\/{rel}","templated":true}]}}