{"id":479708,"date":"2022-02-09T10:53:51","date_gmt":"2022-02-09T08:53:51","guid":{"rendered":"https:\/\/games.tactic.net\/tuote\/moelkky-original-multi\/"},"modified":"2023-07-10T00:00:52","modified_gmt":"2023-07-09T21:00:52","slug":"moelkky-original-multi","status":"publish","type":"product","link":"https:\/\/games.tactic.net\/de\/tuote\/moelkky-original-multi\/","title":{"rendered":"M\u00f6lkky\u00ae Original"},"content":{"rendered":"<p>Planen Sie Ihren Wurf bei jedem Spiel im Freien mit einem Unterschied. Jeder Kegel punktet ein wenig&#8230; Aber je mehr Sie punkten, desto weiter gehen die Kegel auseinander! M\u00f6lkky ist wundersch\u00f6n aus echtem Holz gefertigt und ein einfaches und \u00e4u\u00dferst beliebtes Familienspiel. Stellen Sie die Kegel in Position &#8230; Zielen Sie und werfen Sie die Kegel: Erreichen Sie 50 Punkte, um zu gewinnen! Wenn Sie MEHR als 50 Punkte erzielen, sinkt Ihr Gesamtwert auf 25. Perfekt f\u00fcr Str\u00e4nde, Parks, Picknicks, Spielpl\u00e4tze und G\u00e4rten. 2+ Spieler; Alter 6+.<\/p>\n","protected":false},"excerpt":{"rendered":"<p>Planen Sie Ihren Wurf bei jedem Spiel im Freien mit einem Unterschied. Jeder Kegel punktet ein wenig&#8230; Aber je mehr Sie punkten, desto weiter gehen die Kegel auseinander! M\u00f6lkky ist wundersch\u00f6n aus echtem Holz gefertigt und ein einfaches und \u00e4u\u00dferst beliebtes Familienspiel. Stellen Sie die Kegel in Position &#8230; Zielen Sie und werfen Sie die [&hellip;]<\/p>\n","protected":false},"featured_media":0,"template":"","meta":{"content-type":"","_monsterinsights_skip_tracking":false,"_monsterinsights_sitenote_active":false,"_monsterinsights_sitenote_note":"","_monsterinsights_sitenote_category":0},"product_brand":[],"product_cat":[1973],"product_tag":[302,1968],"brand":[{"id":1974,"name":"M\u00f6lkky","slug":"molkky_de"}],"target-group":[],"discontinued":[],"class_list":{"0":"post-479708","1":"product","2":"type-product","3":"status-publish","5":"product_cat-spiele","6":"product_tag-action","7":"product_tag-fertigkeit","8":"brand-molkky_de","10":"first","11":"instock","12":"taxable","13":"shipping-taxable","14":"product-type-simple"},"aioseo_notices":[],"_links":{"self":[{"href":"https:\/\/games.tactic.net\/de\/wp-json\/wp\/v2\/product\/479708","targetHints":{"allow":["GET"]}}],"collection":[{"href":"https:\/\/games.tactic.net\/de\/wp-json\/wp\/v2\/product"}],"about":[{"href":"https:\/\/games.tactic.net\/de\/wp-json\/wp\/v2\/types\/product"}],"wp:attachment":[{"href":"https:\/\/games.tactic.net\/de\/wp-json\/wp\/v2\/media?parent=479708"}],"wp:term":[{"taxonomy":"product_brand","embeddable":true,"href":"https:\/\/games.tactic.net\/de\/wp-json\/wp\/v2\/product_brand?post=479708"},{"taxonomy":"product_cat","embeddable":true,"href":"https:\/\/games.tactic.net\/de\/wp-json\/wp\/v2\/product_cat?post=479708"},{"taxonomy":"product_tag","embeddable":true,"href":"https:\/\/games.tactic.net\/de\/wp-json\/wp\/v2\/product_tag?post=479708"},{"taxonomy":"brand","embeddable":true,"href":"https:\/\/games.tactic.net\/de\/wp-json\/wp\/v2\/brand?post=479708"},{"taxonomy":"target-group","embeddable":true,"href":"https:\/\/games.tactic.net\/de\/wp-json\/wp\/v2\/target-group?post=479708"},{"taxonomy":"discontinued","embeddable":true,"href":"https:\/\/games.tactic.net\/de\/wp-json\/wp\/v2\/discontinued?post=479708"}],"curies":[{"name":"wp","href":"https:\/\/api.w.org\/{rel}","templated":true}]}}