{"id":479637,"date":"2022-02-09T10:51:42","date_gmt":"2022-02-09T08:51:42","guid":{"rendered":"https:\/\/games.tactic.net\/tuote\/rustic-chess\/"},"modified":"2022-02-09T10:51:42","modified_gmt":"2022-02-09T08:51:42","slug":"rustic-chess","status":"publish","type":"product","link":"https:\/\/games.tactic.net\/de\/tuote\/rustic-chess\/","title":{"rendered":"Tactic Rustic Chess board game"},"content":{"rendered":"<p>Bei diesem Duellspiel bewegen die Spieler ihre Schachfiguren immer weiter \u00fcber das Spielfeld und versuchen, den gegnerischen K\u00f6nig zu Fall zu bringen. Das beliebteste Spiel der Welt! Schach fasziniert Spieler von einer Generation zur n\u00e4chsten. Kommt mit einem sch\u00f6nen Holzspielbrett und Spielteilen.<\/p>\n","protected":false},"excerpt":{"rendered":"<p>Bei diesem Duellspiel bewegen die Spieler ihre Schachfiguren immer weiter \u00fcber das Spielfeld und versuchen, den gegnerischen K\u00f6nig zu Fall zu bringen. Das beliebteste Spiel der Welt! Schach fasziniert Spieler von einer Generation zur n\u00e4chsten. Kommt mit einem sch\u00f6nen Holzspielbrett und Spielteilen.<\/p>\n","protected":false},"featured_media":0,"template":"","meta":{"content-type":"","_monsterinsights_skip_tracking":false,"_monsterinsights_sitenote_active":false,"_monsterinsights_sitenote_note":"","_monsterinsights_sitenote_category":0},"product_brand":[],"product_cat":[1966,1967],"product_tag":[370,895],"brand":[],"target-group":[],"discontinued":[],"class_list":{"0":"post-479637","1":"product","2":"type-product","3":"status-publish","5":"product_cat-klassiker-spiele-fuer-familien","6":"product_cat-klassiker-spiele-fuer-erwachsene","7":"product_tag-strategie","8":"product_tag-taktik","10":"first","11":"instock","12":"taxable","13":"shipping-taxable","14":"product-type-simple"},"aioseo_notices":[],"_links":{"self":[{"href":"https:\/\/games.tactic.net\/de\/wp-json\/wp\/v2\/product\/479637","targetHints":{"allow":["GET"]}}],"collection":[{"href":"https:\/\/games.tactic.net\/de\/wp-json\/wp\/v2\/product"}],"about":[{"href":"https:\/\/games.tactic.net\/de\/wp-json\/wp\/v2\/types\/product"}],"wp:attachment":[{"href":"https:\/\/games.tactic.net\/de\/wp-json\/wp\/v2\/media?parent=479637"}],"wp:term":[{"taxonomy":"product_brand","embeddable":true,"href":"https:\/\/games.tactic.net\/de\/wp-json\/wp\/v2\/product_brand?post=479637"},{"taxonomy":"product_cat","embeddable":true,"href":"https:\/\/games.tactic.net\/de\/wp-json\/wp\/v2\/product_cat?post=479637"},{"taxonomy":"product_tag","embeddable":true,"href":"https:\/\/games.tactic.net\/de\/wp-json\/wp\/v2\/product_tag?post=479637"},{"taxonomy":"brand","embeddable":true,"href":"https:\/\/games.tactic.net\/de\/wp-json\/wp\/v2\/brand?post=479637"},{"taxonomy":"target-group","embeddable":true,"href":"https:\/\/games.tactic.net\/de\/wp-json\/wp\/v2\/target-group?post=479637"},{"taxonomy":"discontinued","embeddable":true,"href":"https:\/\/games.tactic.net\/de\/wp-json\/wp\/v2\/discontinued?post=479637"}],"curies":[{"name":"wp","href":"https:\/\/api.w.org\/{rel}","templated":true}]}}