{"id":479608,"date":"2022-02-09T10:49:53","date_gmt":"2022-02-09T08:49:53","guid":{"rendered":"https:\/\/games.tactic.net\/tuote\/xl-yatzy-multi\/"},"modified":"2022-02-09T10:49:53","modified_gmt":"2022-02-09T08:49:53","slug":"xl-yatzy-multi","status":"publish","type":"product","link":"https:\/\/games.tactic.net\/de\/tuote\/xl-yatzy-multi\/","title":{"rendered":"XL Yatzy (multi)"},"content":{"rendered":"<p>Rollen Sie die gro\u00dfen Holzw\u00fcrfel und versuchen Sie, alle Kombinationen auf dem Punkteblock zu bekommen. Der Spieler mit der h\u00f6chsten Gesamtpunktzahl am Ende des Spiels gewinnt! Eine tolle gr\u00f6\u00dfere Version des klassischen W\u00fcrfelspiels!<\/p>\n","protected":false},"excerpt":{"rendered":"<p>Rollen Sie die gro\u00dfen Holzw\u00fcrfel und versuchen Sie, alle Kombinationen auf dem Punkteblock zu bekommen. Der Spieler mit der h\u00f6chsten Gesamtpunktzahl am Ende des Spiels gewinnt! Eine tolle gr\u00f6\u00dfere Version des klassischen W\u00fcrfelspiels!<\/p>\n","protected":false},"featured_media":0,"template":"","meta":{"content-type":"","_monsterinsights_skip_tracking":false,"_monsterinsights_sitenote_active":false,"_monsterinsights_sitenote_note":"","_monsterinsights_sitenote_category":0},"product_brand":[],"product_cat":[1971],"product_tag":[],"brand":[],"target-group":[],"discontinued":[],"class_list":{"0":"post-479608","1":"product","2":"type-product","3":"status-publish","5":"product_cat-andere-draussen-spiele","7":"first","8":"instock","9":"taxable","10":"shipping-taxable","11":"product-type-simple"},"aioseo_notices":[],"_links":{"self":[{"href":"https:\/\/games.tactic.net\/de\/wp-json\/wp\/v2\/product\/479608","targetHints":{"allow":["GET"]}}],"collection":[{"href":"https:\/\/games.tactic.net\/de\/wp-json\/wp\/v2\/product"}],"about":[{"href":"https:\/\/games.tactic.net\/de\/wp-json\/wp\/v2\/types\/product"}],"wp:attachment":[{"href":"https:\/\/games.tactic.net\/de\/wp-json\/wp\/v2\/media?parent=479608"}],"wp:term":[{"taxonomy":"product_brand","embeddable":true,"href":"https:\/\/games.tactic.net\/de\/wp-json\/wp\/v2\/product_brand?post=479608"},{"taxonomy":"product_cat","embeddable":true,"href":"https:\/\/games.tactic.net\/de\/wp-json\/wp\/v2\/product_cat?post=479608"},{"taxonomy":"product_tag","embeddable":true,"href":"https:\/\/games.tactic.net\/de\/wp-json\/wp\/v2\/product_tag?post=479608"},{"taxonomy":"brand","embeddable":true,"href":"https:\/\/games.tactic.net\/de\/wp-json\/wp\/v2\/brand?post=479608"},{"taxonomy":"target-group","embeddable":true,"href":"https:\/\/games.tactic.net\/de\/wp-json\/wp\/v2\/target-group?post=479608"},{"taxonomy":"discontinued","embeddable":true,"href":"https:\/\/games.tactic.net\/de\/wp-json\/wp\/v2\/discontinued?post=479608"}],"curies":[{"name":"wp","href":"https:\/\/api.w.org\/{rel}","templated":true}]}}