{"id":479551,"date":"2022-02-09T10:48:51","date_gmt":"2022-02-09T08:48:51","guid":{"rendered":"https:\/\/games.tactic.net\/tuote\/trendy-chinese-checkers\/"},"modified":"2022-02-09T10:48:51","modified_gmt":"2022-02-09T08:48:51","slug":"trendy-chinese-checkers","status":"publish","type":"product","link":"https:\/\/games.tactic.net\/de\/tuote\/trendy-chinese-checkers\/","title":{"rendered":"Trendy Chinese Checkers"},"content":{"rendered":"<p>Ein sternf\u00f6rmiger Klassiker \u2013 jetzt in einer langlebigen Holzausf\u00fchrung! Auf einem einzigartigen sternf\u00f6rmigen Spielbrett muss der Spieler alle seine Spielsteine zum gegen\u00fcberliegenden Sternpunkt bewegen. Nutze die Spielfiguren der anderen Spieler und springe \u00fcber sie hinweg \u2013 der schnellste und kl\u00fcgste Spieler gewinnt!<\/p>\n","protected":false},"excerpt":{"rendered":"<p>Ein sternf\u00f6rmiger Klassiker \u2013 jetzt in einer langlebigen Holzausf\u00fchrung! Auf einem einzigartigen sternf\u00f6rmigen Spielbrett muss der Spieler alle seine Spielsteine zum gegen\u00fcberliegenden Sternpunkt bewegen. Nutze die Spielfiguren der anderen Spieler und springe \u00fcber sie hinweg \u2013 der schnellste und kl\u00fcgste Spieler gewinnt!<\/p>\n","protected":false},"featured_media":0,"template":"","meta":{"content-type":"","_monsterinsights_skip_tracking":false,"_monsterinsights_sitenote_active":false,"_monsterinsights_sitenote_note":"","_monsterinsights_sitenote_category":0},"product_brand":[],"product_cat":[1966,1967],"product_tag":[370],"brand":[],"target-group":[],"discontinued":[],"class_list":{"0":"post-479551","1":"product","2":"type-product","3":"status-publish","5":"product_cat-klassiker-spiele-fuer-familien","6":"product_cat-klassiker-spiele-fuer-erwachsene","7":"product_tag-strategie","9":"first","10":"instock","11":"taxable","12":"shipping-taxable","13":"product-type-simple"},"aioseo_notices":[],"_links":{"self":[{"href":"https:\/\/games.tactic.net\/de\/wp-json\/wp\/v2\/product\/479551","targetHints":{"allow":["GET"]}}],"collection":[{"href":"https:\/\/games.tactic.net\/de\/wp-json\/wp\/v2\/product"}],"about":[{"href":"https:\/\/games.tactic.net\/de\/wp-json\/wp\/v2\/types\/product"}],"wp:attachment":[{"href":"https:\/\/games.tactic.net\/de\/wp-json\/wp\/v2\/media?parent=479551"}],"wp:term":[{"taxonomy":"product_brand","embeddable":true,"href":"https:\/\/games.tactic.net\/de\/wp-json\/wp\/v2\/product_brand?post=479551"},{"taxonomy":"product_cat","embeddable":true,"href":"https:\/\/games.tactic.net\/de\/wp-json\/wp\/v2\/product_cat?post=479551"},{"taxonomy":"product_tag","embeddable":true,"href":"https:\/\/games.tactic.net\/de\/wp-json\/wp\/v2\/product_tag?post=479551"},{"taxonomy":"brand","embeddable":true,"href":"https:\/\/games.tactic.net\/de\/wp-json\/wp\/v2\/brand?post=479551"},{"taxonomy":"target-group","embeddable":true,"href":"https:\/\/games.tactic.net\/de\/wp-json\/wp\/v2\/target-group?post=479551"},{"taxonomy":"discontinued","embeddable":true,"href":"https:\/\/games.tactic.net\/de\/wp-json\/wp\/v2\/discontinued?post=479551"}],"curies":[{"name":"wp","href":"https:\/\/api.w.org\/{rel}","templated":true}]}}