{"id":479151,"date":"2022-02-09T08:36:39","date_gmt":"2022-02-09T06:36:39","guid":{"rendered":"https:\/\/games.tactic.net\/tuote\/travel-rummy-multi\/"},"modified":"2023-09-20T15:55:33","modified_gmt":"2023-09-20T12:55:33","slug":"travel-rummy-multi","status":"publish","type":"product","link":"https:\/\/games.tactic.net\/de\/tuote\/travel-rummy-multi\/","title":{"rendered":"Travel: Rummy (Multi)"},"content":{"rendered":"<p>Bilden Sie kombinationen der kacheln und f\u00fcgenSie sie zu den Kombinationen hinzu, die bereits auf dem Tisch liegen. Der erste Spieler, der alle seine Pl\u00e4ttchen losgeworden ist, gewinnt das Spiel. Leicht zu erlernen, bleibt aber eine unterhaltsame- Herausforderung auch f\u00fcr erfahrene Spieler. &#8211; Kommt mit praktischen Fliesenhaltern! &#8211; Beinhaltet viel Spa\u00df und kreative Strategie.<\/p>\n","protected":false},"excerpt":{"rendered":"<p>Bilden Sie kombinationen der kacheln und f\u00fcgenSie sie zu den Kombinationen hinzu, die bereits auf dem Tisch liegen. Der erste Spieler, der alle seine Pl\u00e4ttchen losgeworden ist, gewinnt das Spiel. Leicht zu erlernen, bleibt aber eine unterhaltsame- Herausforderung auch f\u00fcr erfahrene Spieler. &#8211; Kommt mit praktischen Fliesenhaltern! &#8211; Beinhaltet viel Spa\u00df und kreative Strategie.<\/p>\n","protected":false},"featured_media":0,"template":"","meta":{"content-type":"","_monsterinsights_skip_tracking":false,"_monsterinsights_sitenote_active":false,"_monsterinsights_sitenote_note":"","_monsterinsights_sitenote_category":0},"product_brand":[],"product_cat":[2173,1960],"product_tag":[1271,370],"brand":[],"target-group":[],"discontinued":[],"class_list":{"0":"post-479151","1":"product","2":"type-product","3":"status-publish","5":"product_cat-reisespiele-spiele-fuer-erwachsene","6":"product_cat-reisespiele","7":"product_tag-kombination","8":"product_tag-strategie","10":"first","11":"instock","12":"taxable","13":"shipping-taxable","14":"product-type-simple"},"aioseo_notices":[],"_links":{"self":[{"href":"https:\/\/games.tactic.net\/de\/wp-json\/wp\/v2\/product\/479151","targetHints":{"allow":["GET"]}}],"collection":[{"href":"https:\/\/games.tactic.net\/de\/wp-json\/wp\/v2\/product"}],"about":[{"href":"https:\/\/games.tactic.net\/de\/wp-json\/wp\/v2\/types\/product"}],"wp:attachment":[{"href":"https:\/\/games.tactic.net\/de\/wp-json\/wp\/v2\/media?parent=479151"}],"wp:term":[{"taxonomy":"product_brand","embeddable":true,"href":"https:\/\/games.tactic.net\/de\/wp-json\/wp\/v2\/product_brand?post=479151"},{"taxonomy":"product_cat","embeddable":true,"href":"https:\/\/games.tactic.net\/de\/wp-json\/wp\/v2\/product_cat?post=479151"},{"taxonomy":"product_tag","embeddable":true,"href":"https:\/\/games.tactic.net\/de\/wp-json\/wp\/v2\/product_tag?post=479151"},{"taxonomy":"brand","embeddable":true,"href":"https:\/\/games.tactic.net\/de\/wp-json\/wp\/v2\/brand?post=479151"},{"taxonomy":"target-group","embeddable":true,"href":"https:\/\/games.tactic.net\/de\/wp-json\/wp\/v2\/target-group?post=479151"},{"taxonomy":"discontinued","embeddable":true,"href":"https:\/\/games.tactic.net\/de\/wp-json\/wp\/v2\/discontinued?post=479151"}],"curies":[{"name":"wp","href":"https:\/\/api.w.org\/{rel}","templated":true}]}}