{"id":478000,"date":"2022-02-08T16:04:22","date_gmt":"2022-02-08T14:04:22","guid":{"rendered":"https:\/\/games.tactic.net\/tuote\/atlantic-triangle\/"},"modified":"2022-02-08T16:04:22","modified_gmt":"2022-02-08T14:04:22","slug":"atlantic-triangle","status":"publish","type":"product","link":"https:\/\/games.tactic.net\/de\/tuote\/atlantic-triangle\/","title":{"rendered":"Atlantic Triangle"},"content":{"rendered":"<p>Bereise die Meere als Kapit\u00e4n einer Handelsflotte!<\/p>\n<p>Der Atlantische Ozean bildet die Kulisse f\u00fcr einen erbitterten Wettbewerb um Geld und Macht. St\u00e4rken Sie Ihre Handelsposition, indem Sie St\u00fcrmen, Piraten und Ihren mutigen Gegnern trotzen. Bei diesem Streben nach Gr\u00f6\u00dfe sind Schlauheit und Mut erforderlich, um die Konkurrenten zu \u00fcberlisten!<\/p>\n","protected":false},"excerpt":{"rendered":"<p>Bereise die Meere als Kapit\u00e4n einer Handelsflotte! Der Atlantische Ozean bildet die Kulisse f\u00fcr einen erbitterten Wettbewerb um Geld und Macht. St\u00e4rken Sie Ihre Handelsposition, indem Sie St\u00fcrmen, Piraten und Ihren mutigen Gegnern trotzen. Bei diesem Streben nach Gr\u00f6\u00dfe sind Schlauheit und Mut erforderlich, um die Konkurrenten zu \u00fcberlisten!<\/p>\n","protected":false},"featured_media":0,"template":"","meta":{"content-type":"","_monsterinsights_skip_tracking":false,"_monsterinsights_sitenote_active":false,"_monsterinsights_sitenote_note":"","_monsterinsights_sitenote_category":0},"product_brand":[],"product_cat":[1958],"product_tag":[],"brand":[],"target-group":[],"discontinued":[],"class_list":{"0":"post-478000","1":"product","2":"type-product","3":"status-publish","5":"product_cat-strategiespiele","7":"first","8":"instock","9":"taxable","10":"shipping-taxable","11":"product-type-simple"},"aioseo_notices":[],"_links":{"self":[{"href":"https:\/\/games.tactic.net\/de\/wp-json\/wp\/v2\/product\/478000","targetHints":{"allow":["GET"]}}],"collection":[{"href":"https:\/\/games.tactic.net\/de\/wp-json\/wp\/v2\/product"}],"about":[{"href":"https:\/\/games.tactic.net\/de\/wp-json\/wp\/v2\/types\/product"}],"wp:attachment":[{"href":"https:\/\/games.tactic.net\/de\/wp-json\/wp\/v2\/media?parent=478000"}],"wp:term":[{"taxonomy":"product_brand","embeddable":true,"href":"https:\/\/games.tactic.net\/de\/wp-json\/wp\/v2\/product_brand?post=478000"},{"taxonomy":"product_cat","embeddable":true,"href":"https:\/\/games.tactic.net\/de\/wp-json\/wp\/v2\/product_cat?post=478000"},{"taxonomy":"product_tag","embeddable":true,"href":"https:\/\/games.tactic.net\/de\/wp-json\/wp\/v2\/product_tag?post=478000"},{"taxonomy":"brand","embeddable":true,"href":"https:\/\/games.tactic.net\/de\/wp-json\/wp\/v2\/brand?post=478000"},{"taxonomy":"target-group","embeddable":true,"href":"https:\/\/games.tactic.net\/de\/wp-json\/wp\/v2\/target-group?post=478000"},{"taxonomy":"discontinued","embeddable":true,"href":"https:\/\/games.tactic.net\/de\/wp-json\/wp\/v2\/discontinued?post=478000"}],"curies":[{"name":"wp","href":"https:\/\/api.w.org\/{rel}","templated":true}]}}