{"id":477914,"date":"2022-02-08T15:37:09","date_gmt":"2022-02-08T13:37:09","guid":{"rendered":"https:\/\/games.tactic.net\/tuote\/lumo-stars-figu-pupu\/"},"modified":"2025-07-17T13:49:40","modified_gmt":"2025-07-17T10:49:40","slug":"lumo-stars-figu-pupu","status":"archive","type":"product","link":"https:\/\/games.tactic.net\/de\/tuote\/lumo-stars-figu-pupu\/","title":{"rendered":"Lumo Stars Figu Pupu"},"content":{"rendered":"<p>Wer hat die Spuren in den Schnee gezogen? Warte&#8230; Es ist Pupu, ein kleiner Hase, der im Schnee h\u00fcpft. Pupu f\u00fchlt sich ein bisschen einsam und m\u00f6chte ein paar Freunde finden. \u201eHey, wo seid ihr alle\u201c, schreit Pupu. Pl\u00f6tzlich sieht Pupu ein Lagerfeuer und Tiere, die sich darum herum aufw\u00e4rmen. \u201eDa bist du ja\u201c, sagt Pupu erleichtert und will sich neben sie setzen. Das Lagerfeuer f\u00fchlt sich warm und entspannend an und die Tiere von Lumo Stars h\u00f6ren zu, w\u00e4hrend P\u00f6ll\u00f6 die Eule ihnen eine Gute-Nacht-Geschichte erz\u00e4hlt.<\/p>\n","protected":false},"excerpt":{"rendered":"<p>Wer hat die Spuren in den Schnee gezogen? Warte&#8230; Es ist Pupu, ein kleiner Hase, der im Schnee h\u00fcpft. Pupu f\u00fchlt sich ein bisschen einsam und m\u00f6chte ein paar Freunde finden. \u201eHey, wo seid ihr alle\u201c, schreit Pupu. Pl\u00f6tzlich sieht Pupu ein Lagerfeuer und Tiere, die sich darum herum aufw\u00e4rmen. \u201eDa bist du ja\u201c, sagt [&hellip;]<\/p>\n","protected":false},"featured_media":0,"template":"","meta":{"content-type":"","_monsterinsights_skip_tracking":false,"_monsterinsights_sitenote_active":false,"_monsterinsights_sitenote_note":"","_monsterinsights_sitenote_category":0},"product_brand":[],"product_cat":[1955],"product_tag":[],"brand":[{"id":1314,"name":"Lumo Stars","slug":"lumo-stars_de"}],"target-group":[],"discontinued":[],"class_list":{"0":"post-477914","1":"product","2":"type-product","3":"status-archive","5":"product_cat-figus-lumo-stars-spielzeuge","6":"brand-lumo-stars_de","8":"first","9":"outofstock","10":"taxable","11":"shipping-taxable","12":"product-type-simple"},"aioseo_notices":[],"_links":{"self":[{"href":"https:\/\/games.tactic.net\/de\/wp-json\/wp\/v2\/product\/477914","targetHints":{"allow":["GET"]}}],"collection":[{"href":"https:\/\/games.tactic.net\/de\/wp-json\/wp\/v2\/product"}],"about":[{"href":"https:\/\/games.tactic.net\/de\/wp-json\/wp\/v2\/types\/product"}],"wp:attachment":[{"href":"https:\/\/games.tactic.net\/de\/wp-json\/wp\/v2\/media?parent=477914"}],"wp:term":[{"taxonomy":"product_brand","embeddable":true,"href":"https:\/\/games.tactic.net\/de\/wp-json\/wp\/v2\/product_brand?post=477914"},{"taxonomy":"product_cat","embeddable":true,"href":"https:\/\/games.tactic.net\/de\/wp-json\/wp\/v2\/product_cat?post=477914"},{"taxonomy":"product_tag","embeddable":true,"href":"https:\/\/games.tactic.net\/de\/wp-json\/wp\/v2\/product_tag?post=477914"},{"taxonomy":"brand","embeddable":true,"href":"https:\/\/games.tactic.net\/de\/wp-json\/wp\/v2\/brand?post=477914"},{"taxonomy":"target-group","embeddable":true,"href":"https:\/\/games.tactic.net\/de\/wp-json\/wp\/v2\/target-group?post=477914"},{"taxonomy":"discontinued","embeddable":true,"href":"https:\/\/games.tactic.net\/de\/wp-json\/wp\/v2\/discontinued?post=477914"}],"curies":[{"name":"wp","href":"https:\/\/api.w.org\/{rel}","templated":true}]}}