{"id":1370735,"date":"2026-05-11T13:12:12","date_gmt":"2026-05-11T10:12:12","guid":{"rendered":"https:\/\/games.tactic.net\/tuote\/sunsport-pop-up-goals-1pc-180x120cm\/"},"modified":"2026-05-11T13:12:12","modified_gmt":"2026-05-11T10:12:12","slug":"sunsport-pop-up-goals-1pc-180x120cm","status":"publish","type":"product","link":"https:\/\/games.tactic.net\/de\/tuote\/sunsport-pop-up-goals-1pc-180x120cm\/","title":{"rendered":"Sunsport Pop-up goals 1pc 180x120cm"},"content":{"rendered":"<p>Klappbares Stra\u00dfentor. Spielen Sie Street-Hockey oder Fu\u00dfball mit diesem Tor aus Stahl. Gr\u00f6\u00dfe des Tores: 180 x 120 cm.<\/p>\n","protected":false},"excerpt":{"rendered":"<p>Klappbares Stra\u00dfentor. Spielen Sie Street-Hockey oder Fu\u00dfball mit diesem Tor aus Stahl. Gr\u00f6\u00dfe des Tores: 180 x 120 cm.<\/p>\n","protected":false},"featured_media":0,"template":"","meta":{"content-type":"","_monsterinsights_skip_tracking":false,"_monsterinsights_sitenote_active":false,"_monsterinsights_sitenote_note":"","_monsterinsights_sitenote_category":0},"product_brand":[],"product_cat":[1970],"product_tag":[],"brand":[],"target-group":[],"discontinued":[],"class_list":{"0":"post-1370735","1":"product","2":"type-product","3":"status-publish","5":"product_cat-spiele-fuer-draussen","7":"first","8":"instock","9":"taxable","10":"shipping-taxable","11":"product-type-simple"},"aioseo_notices":[],"_links":{"self":[{"href":"https:\/\/games.tactic.net\/de\/wp-json\/wp\/v2\/product\/1370735","targetHints":{"allow":["GET"]}}],"collection":[{"href":"https:\/\/games.tactic.net\/de\/wp-json\/wp\/v2\/product"}],"about":[{"href":"https:\/\/games.tactic.net\/de\/wp-json\/wp\/v2\/types\/product"}],"wp:attachment":[{"href":"https:\/\/games.tactic.net\/de\/wp-json\/wp\/v2\/media?parent=1370735"}],"wp:term":[{"taxonomy":"product_brand","embeddable":true,"href":"https:\/\/games.tactic.net\/de\/wp-json\/wp\/v2\/product_brand?post=1370735"},{"taxonomy":"product_cat","embeddable":true,"href":"https:\/\/games.tactic.net\/de\/wp-json\/wp\/v2\/product_cat?post=1370735"},{"taxonomy":"product_tag","embeddable":true,"href":"https:\/\/games.tactic.net\/de\/wp-json\/wp\/v2\/product_tag?post=1370735"},{"taxonomy":"brand","embeddable":true,"href":"https:\/\/games.tactic.net\/de\/wp-json\/wp\/v2\/brand?post=1370735"},{"taxonomy":"target-group","embeddable":true,"href":"https:\/\/games.tactic.net\/de\/wp-json\/wp\/v2\/target-group?post=1370735"},{"taxonomy":"discontinued","embeddable":true,"href":"https:\/\/games.tactic.net\/de\/wp-json\/wp\/v2\/discontinued?post=1370735"}],"curies":[{"name":"wp","href":"https:\/\/api.w.org\/{rel}","templated":true}]}}