{"id":1370734,"date":"2026-05-11T13:11:16","date_gmt":"2026-05-11T10:11:16","guid":{"rendered":"https:\/\/games.tactic.net\/tuote\/sunsport-neopren-volleyball-2\/"},"modified":"2026-05-11T13:11:16","modified_gmt":"2026-05-11T10:11:16","slug":"sunsport-neopren-volleyball-2","status":"publish","type":"product","link":"https:\/\/games.tactic.net\/de\/tuote\/sunsport-neopren-volleyball-2\/","title":{"rendered":"Sunsport Neopren Volleyball #2"},"content":{"rendered":"<p>Kleiner Volleyball Gr\u00f6\u00dfe 2. Hochwertiges Neopren mit spezieller Gummitinte f\u00fcr fantastischen Grip und einen coolen Look. Macht im Wasser genauso viel Spa\u00df wie an Land. Gr\u00f6\u00dfe: 13 cm Durchmesser.<\/p>\n","protected":false},"excerpt":{"rendered":"<p>Kleiner Volleyball Gr\u00f6\u00dfe 2. Hochwertiges Neopren mit spezieller Gummitinte f\u00fcr fantastischen Grip und einen coolen Look. Macht im Wasser genauso viel Spa\u00df wie an Land. Gr\u00f6\u00dfe: 13 cm Durchmesser.<\/p>\n","protected":false},"featured_media":0,"template":"","meta":{"content-type":"","_monsterinsights_skip_tracking":false,"_monsterinsights_sitenote_active":false,"_monsterinsights_sitenote_note":"","_monsterinsights_sitenote_category":0},"product_brand":[],"product_cat":[1970],"product_tag":[],"brand":[],"target-group":[],"discontinued":[],"class_list":{"0":"post-1370734","1":"product","2":"type-product","3":"status-publish","5":"product_cat-spiele-fuer-draussen","7":"first","8":"outofstock","9":"taxable","10":"shipping-taxable","11":"product-type-simple"},"aioseo_notices":[],"_links":{"self":[{"href":"https:\/\/games.tactic.net\/de\/wp-json\/wp\/v2\/product\/1370734","targetHints":{"allow":["GET"]}}],"collection":[{"href":"https:\/\/games.tactic.net\/de\/wp-json\/wp\/v2\/product"}],"about":[{"href":"https:\/\/games.tactic.net\/de\/wp-json\/wp\/v2\/types\/product"}],"wp:attachment":[{"href":"https:\/\/games.tactic.net\/de\/wp-json\/wp\/v2\/media?parent=1370734"}],"wp:term":[{"taxonomy":"product_brand","embeddable":true,"href":"https:\/\/games.tactic.net\/de\/wp-json\/wp\/v2\/product_brand?post=1370734"},{"taxonomy":"product_cat","embeddable":true,"href":"https:\/\/games.tactic.net\/de\/wp-json\/wp\/v2\/product_cat?post=1370734"},{"taxonomy":"product_tag","embeddable":true,"href":"https:\/\/games.tactic.net\/de\/wp-json\/wp\/v2\/product_tag?post=1370734"},{"taxonomy":"brand","embeddable":true,"href":"https:\/\/games.tactic.net\/de\/wp-json\/wp\/v2\/brand?post=1370734"},{"taxonomy":"target-group","embeddable":true,"href":"https:\/\/games.tactic.net\/de\/wp-json\/wp\/v2\/target-group?post=1370734"},{"taxonomy":"discontinued","embeddable":true,"href":"https:\/\/games.tactic.net\/de\/wp-json\/wp\/v2\/discontinued?post=1370734"}],"curies":[{"name":"wp","href":"https:\/\/api.w.org\/{rel}","templated":true}]}}