{"id":1370733,"date":"2026-05-11T13:10:50","date_gmt":"2026-05-11T10:10:50","guid":{"rendered":"https:\/\/games.tactic.net\/tuote\/sunsport-football-croquet\/"},"modified":"2026-05-11T13:10:50","modified_gmt":"2026-05-11T10:10:50","slug":"sunsport-football-croquet","status":"publish","type":"product","link":"https:\/\/games.tactic.net\/de\/tuote\/sunsport-football-croquet\/","title":{"rendered":"Sunsport Football Croquet"},"content":{"rendered":"<p>Fu\u00dfball-Krocket f\u00fcr 2\u20134 Spieler. Das Set enth\u00e4lt: 4 Fu\u00dfb\u00e4lle Gr\u00f6\u00dfe 3 \u2014 10 Metallb\u00fcgel \u2014 2 Start- und Wendest\u00e4be \u2014 1 Regelheft.<\/p>\n","protected":false},"excerpt":{"rendered":"<p>Fu\u00dfball-Krocket f\u00fcr 2\u20134 Spieler. Das Set enth\u00e4lt: 4 Fu\u00dfb\u00e4lle Gr\u00f6\u00dfe 3 \u2014 10 Metallb\u00fcgel \u2014 2 Start- und Wendest\u00e4be \u2014 1 Regelheft.<\/p>\n","protected":false},"featured_media":0,"template":"","meta":{"content-type":"","_monsterinsights_skip_tracking":false,"_monsterinsights_sitenote_active":false,"_monsterinsights_sitenote_note":"","_monsterinsights_sitenote_category":0},"product_brand":[],"product_cat":[1970],"product_tag":[],"brand":[],"target-group":[],"discontinued":[],"class_list":{"0":"post-1370733","1":"product","2":"type-product","3":"status-publish","5":"product_cat-spiele-fuer-draussen","7":"first","8":"outofstock","9":"taxable","10":"shipping-taxable","11":"product-type-simple"},"aioseo_notices":[],"_links":{"self":[{"href":"https:\/\/games.tactic.net\/de\/wp-json\/wp\/v2\/product\/1370733","targetHints":{"allow":["GET"]}}],"collection":[{"href":"https:\/\/games.tactic.net\/de\/wp-json\/wp\/v2\/product"}],"about":[{"href":"https:\/\/games.tactic.net\/de\/wp-json\/wp\/v2\/types\/product"}],"wp:attachment":[{"href":"https:\/\/games.tactic.net\/de\/wp-json\/wp\/v2\/media?parent=1370733"}],"wp:term":[{"taxonomy":"product_brand","embeddable":true,"href":"https:\/\/games.tactic.net\/de\/wp-json\/wp\/v2\/product_brand?post=1370733"},{"taxonomy":"product_cat","embeddable":true,"href":"https:\/\/games.tactic.net\/de\/wp-json\/wp\/v2\/product_cat?post=1370733"},{"taxonomy":"product_tag","embeddable":true,"href":"https:\/\/games.tactic.net\/de\/wp-json\/wp\/v2\/product_tag?post=1370733"},{"taxonomy":"brand","embeddable":true,"href":"https:\/\/games.tactic.net\/de\/wp-json\/wp\/v2\/brand?post=1370733"},{"taxonomy":"target-group","embeddable":true,"href":"https:\/\/games.tactic.net\/de\/wp-json\/wp\/v2\/target-group?post=1370733"},{"taxonomy":"discontinued","embeddable":true,"href":"https:\/\/games.tactic.net\/de\/wp-json\/wp\/v2\/discontinued?post=1370733"}],"curies":[{"name":"wp","href":"https:\/\/api.w.org\/{rel}","templated":true}]}}