{"id":1370690,"date":"2026-04-29T11:06:45","date_gmt":"2026-04-29T08:06:45","guid":{"rendered":"https:\/\/games.tactic.net\/tuote\/flags-of-europe\/"},"modified":"2026-04-29T11:06:45","modified_gmt":"2026-04-29T08:06:45","slug":"flags-of-europe","status":"publish","type":"product","link":"https:\/\/games.tactic.net\/de\/tuote\/flags-of-europe\/","title":{"rendered":"Flags of Europe"},"content":{"rendered":"<p>Pr\u00fcfe dein geografisches Wissen \u00fcber Europa mit diesem unterhaltsamen, lehrreichen und rasanten Kartenspiel, indem du Flaggen, Landkarten und L\u00e4ndernamen kombinierst! Gewinne, indem du als erster alle Karten verspielst!<\/p>\n","protected":false},"excerpt":{"rendered":"<p>Pr\u00fcfe dein geografisches Wissen \u00fcber Europa mit diesem unterhaltsamen, lehrreichen und rasanten Kartenspiel, indem du Flaggen, Landkarten und L\u00e4ndernamen kombinierst! Gewinne, indem du als erster alle Karten verspielst!<\/p>\n","protected":false},"featured_media":0,"template":"","meta":{"content-type":"","_monsterinsights_skip_tracking":false,"_monsterinsights_sitenote_active":false,"_monsterinsights_sitenote_note":"","_monsterinsights_sitenote_category":0},"product_brand":[],"product_cat":[1976,2361],"product_tag":[],"brand":[],"target-group":[],"discontinued":[],"class_list":{"0":"post-1370690","1":"product","2":"type-product","3":"status-publish","5":"product_cat-karten-und-wuerfelspiele","6":"product_cat-trivia-spiele","8":"first","9":"instock","10":"taxable","11":"shipping-taxable","12":"product-type-simple"},"aioseo_notices":[],"_links":{"self":[{"href":"https:\/\/games.tactic.net\/de\/wp-json\/wp\/v2\/product\/1370690","targetHints":{"allow":["GET"]}}],"collection":[{"href":"https:\/\/games.tactic.net\/de\/wp-json\/wp\/v2\/product"}],"about":[{"href":"https:\/\/games.tactic.net\/de\/wp-json\/wp\/v2\/types\/product"}],"wp:attachment":[{"href":"https:\/\/games.tactic.net\/de\/wp-json\/wp\/v2\/media?parent=1370690"}],"wp:term":[{"taxonomy":"product_brand","embeddable":true,"href":"https:\/\/games.tactic.net\/de\/wp-json\/wp\/v2\/product_brand?post=1370690"},{"taxonomy":"product_cat","embeddable":true,"href":"https:\/\/games.tactic.net\/de\/wp-json\/wp\/v2\/product_cat?post=1370690"},{"taxonomy":"product_tag","embeddable":true,"href":"https:\/\/games.tactic.net\/de\/wp-json\/wp\/v2\/product_tag?post=1370690"},{"taxonomy":"brand","embeddable":true,"href":"https:\/\/games.tactic.net\/de\/wp-json\/wp\/v2\/brand?post=1370690"},{"taxonomy":"target-group","embeddable":true,"href":"https:\/\/games.tactic.net\/de\/wp-json\/wp\/v2\/target-group?post=1370690"},{"taxonomy":"discontinued","embeddable":true,"href":"https:\/\/games.tactic.net\/de\/wp-json\/wp\/v2\/discontinued?post=1370690"}],"curies":[{"name":"wp","href":"https:\/\/api.w.org\/{rel}","templated":true}]}}